{"id":3933,"date":"2019-04-08T16:35:05","date_gmt":"2019-04-08T14:35:05","guid":{"rendered":"https:\/\/app.lib.uliege.be\/alma\/?page_id=3933"},"modified":"2020-01-20T09:33:39","modified_gmt":"2020-01-20T08:33:39","slug":"tags","status":"publish","type":"page","link":"https:\/\/services.lib.uliege.be\/alma\/primo-ve\/recherche-et-decouverte\/tags\/","title":{"rendered":"Tags"},"content":{"rendered":"\n<p>Les tags sont des mots ou groupes de mot qu&rsquo;un utilisateur identifi\u00e9 peut assigner \u00e0 une r\u00e9f\u00e9rence de Primo, quelle que soit la source de donn\u00e9es (voir <a href=\"https:\/\/services.lib.uliege.be\/alma\/primo-ve\/sources\/\">Sources<\/a>). Les tags sont publics et partag\u00e9s avec l&rsquo;ensemble des utilisateurs de Primo, identifi\u00e9s ou non. Il peut y avoir un d\u00e9lai de quelques minutes entre la cr\u00e9ation d&rsquo;un tag et son indexation par le syst\u00e8me (15 minutes maximum).<\/p>\n\n\n\n<p>Les tags que vous cr\u00e9ez sont visibles :<\/p>\n\n\n\n<ul><li>au niveau de la r\u00e9f\u00e9rence (voir la page <a href=\"https:\/\/services.lib.uliege.be\/alma\/primo-ve\/affichage-et-navigation\/full-record-services\/\">Affichage complet et services<\/a>) ainsi que<\/li><li>au niveau d\u2019une <a rel=\"noreferrer noopener\" aria-label=\"page g\u00e9n\u00e9rale reprenant tous les tags (opens in a new tab)\" href=\"https:\/\/explore.lib.uliege.be\/discovery\/tags?vid=32ULG_INST:ULIEGE\" target=\"_blank\">page g\u00e9n\u00e9rale de recherche<\/a>.<\/li><\/ul>\n\n\n\n<p>Cette page de Tags comprend trois onglets :<\/p>\n\n\n\n<ol class=\"wp-block-list\"><li>Tags les plus populaires<\/li><li>Tags r\u00e9cemment ajout\u00e9s<\/li><li>Mes tags r\u00e9cents<\/li><\/ol>\n\n\n\n<p>L&rsquo;onglet \u00ab\u00a0Mes tags r\u00e9cents\u00a0\u00bb est personnel \u00e0 chaque utilisateur et n&rsquo;appara\u00eet que si celui-ci est identifi\u00e9.<\/p>\n\n\n\n<div class=\"wp-block-image\"><figure class=\"aligncenter\"><img loading=\"lazy\" decoding=\"async\" width=\"853\" height=\"437\" src=\"https:\/\/services.lib.uliege.be\/alma\/wp-content\/uploads\/2019\/04\/image-59.png\" alt=\"\" class=\"wp-image-3983\" srcset=\"https:\/\/services.lib.uliege.be\/alma\/wp-content\/uploads\/2019\/04\/image-59.png 853w, https:\/\/services.lib.uliege.be\/alma\/wp-content\/uploads\/2019\/04\/image-59-300x154.png 300w, https:\/\/services.lib.uliege.be\/alma\/wp-content\/uploads\/2019\/04\/image-59-768x393.png 768w\" sizes=\"auto, (max-width: 853px) 100vw, 853px\" \/><\/figure><\/div>\n\n\n\n<p>L&rsquo;utilisateur peut chercher un terme en utilisant la barre de recherche ou faire afficher la liste de r\u00e9sultats associ\u00e9s \u00e0 un tag populaire ou r\u00e9cemment ajout\u00e9. Le nombre entre parenth\u00e8ses indique le nombre de notices associ\u00e9es au tag.<\/p>\n\n\n\n<div class=\"wp-block-image\"><figure class=\"aligncenter\"><img loading=\"lazy\" decoding=\"async\" width=\"728\" height=\"378\" src=\"https:\/\/services.lib.uliege.be\/alma\/wp-content\/uploads\/2019\/04\/image-73.png\" alt=\"\" class=\"wp-image-4163\" srcset=\"https:\/\/services.lib.uliege.be\/alma\/wp-content\/uploads\/2019\/04\/image-73.png 728w, https:\/\/services.lib.uliege.be\/alma\/wp-content\/uploads\/2019\/04\/image-73-300x156.png 300w\" sizes=\"auto, (max-width: 728px) 100vw, 728px\" \/><\/figure><\/div>\n\n\n\n<p>Le formulaire de <a href=\"https:\/\/services.lib.uliege.be\/alma\/primo-ve\/recherche-et-decouverte\/recherche-avancee\/\">Recherche avanc\u00e9e<\/a> s&rsquo;ouvre alors sur le crit\u00e8re de recherche \u00ab\u00a0Tags utilisateurs\u00a0\u00bb pr\u00e9-rempli et les notices tagg\u00e9es par le terme. L&rsquo;utilisateur peut si n\u00e9cessaire compl\u00e9ter sa recherche en ajoutant d&rsquo;autres crit\u00e8res. <\/p>\n\n\n\n<p><\/p>\n\n\n\n<p>Pour plus de d\u00e9tail sur l&rsquo;ajout ou la suppression de tags, voir la page <a href=\"https:\/\/services.lib.uliege.be\/alma\/primo-ve\/affichage-et-navigation\/full-record-services\/\">Affichage complet et services<\/a>. <\/p>\n\n\n\n<div style=\"background-color: #FFF2AF; margin: 0 auto; max-width: 90%; padding: 5px; border: 1px solid #DDD;\"><u>Remarque<\/u> : Il ne faut pas confondre les <strong>tags publics<\/strong> avec les <strong>\u00e9tiquettes priv\u00e9es<\/strong> des <a href=\"https:\/\/services.lib.uliege.be\/alma\/primo-ve\/fonctionnalites-de-gestion\/favoris\/\">Favoris<\/a> (voir <a href=\"https:\/\/services.lib.uliege.be\/alma\/primo-ve\/fonctionnalites-de-gestion\/favoris\/enregistrer-et-gerer-des-references\/\">Enregistrer et g\u00e9rer des r\u00e9f\u00e9rences<\/a>).<\/div>\n\n\n\n<p>&nbsp;<\/p>\n","protected":false},"excerpt":{"rendered":"<p>Les tags sont des mots ou groupes de mot qu&rsquo;un utilisateur identifi\u00e9 peut assigner \u00e0 une r\u00e9f\u00e9rence de Primo, quelle que soit la source de donn\u00e9es (voir Sources). Les tags sont publics et partag\u00e9s avec l&rsquo;ensemble des utilisateurs de Primo, identifi\u00e9s ou non. Il peut y avoir un d\u00e9lai de&#8230; <a href=\"https:\/\/services.lib.uliege.be\/alma\/primo-ve\/recherche-et-decouverte\/tags\/\" class=\"readmore\">Lire l&#039;int\u00e9gralit\u00e9&#8230;<span class=\"screen-reader-text\">Tags<\/span><span class=\"fa fa-angle-double-right\" aria-hidden=\"true\"><\/span><\/a><\/p>\n","protected":false},"author":5,"featured_media":0,"parent":3135,"menu_order":5,"comment_status":"closed","ping_status":"closed","template":"","meta":{"jetpack_post_was_ever_published":false,"footnotes":""},"class_list":["post-3933","page","type-page","status-publish","hentry"],"jetpack_sharing_enabled":true,"jetpack_shortlink":"https:\/\/wp.me\/P7rJUv-11r","_links":{"self":[{"href":"https:\/\/services.lib.uliege.be\/alma\/wp-json\/wp\/v2\/pages\/3933","targetHints":{"allow":["GET"]}}],"collection":[{"href":"https:\/\/services.lib.uliege.be\/alma\/wp-json\/wp\/v2\/pages"}],"about":[{"href":"https:\/\/services.lib.uliege.be\/alma\/wp-json\/wp\/v2\/types\/page"}],"author":[{"embeddable":true,"href":"https:\/\/services.lib.uliege.be\/alma\/wp-json\/wp\/v2\/users\/5"}],"replies":[{"embeddable":true,"href":"https:\/\/services.lib.uliege.be\/alma\/wp-json\/wp\/v2\/comments?post=3933"}],"version-history":[{"count":20,"href":"https:\/\/services.lib.uliege.be\/alma\/wp-json\/wp\/v2\/pages\/3933\/revisions"}],"predecessor-version":[{"id":5182,"href":"https:\/\/services.lib.uliege.be\/alma\/wp-json\/wp\/v2\/pages\/3933\/revisions\/5182"}],"up":[{"embeddable":true,"href":"https:\/\/services.lib.uliege.be\/alma\/wp-json\/wp\/v2\/pages\/3135"}],"wp:attachment":[{"href":"https:\/\/services.lib.uliege.be\/alma\/wp-json\/wp\/v2\/media?parent=3933"}],"curies":[{"name":"wp","href":"https:\/\/api.w.org\/{rel}","templated":true}]}}