{"id":3876,"date":"2019-04-08T12:13:50","date_gmt":"2019-04-08T10:13:50","guid":{"rendered":"https:\/\/app.lib.uliege.be\/alma\/?page_id=3876"},"modified":"2019-05-02T08:31:08","modified_gmt":"2019-05-02T06:31:08","slug":"enregistrer-et-gerer-des-references","status":"publish","type":"page","link":"https:\/\/services.lib.uliege.be\/alma\/primo-ve\/fonctionnalites-de-gestion\/favoris\/enregistrer-et-gerer-des-references\/","title":{"rendered":"R\u00e9f\u00e9rences"},"content":{"rendered":"\n<p>Primo permet aux usagers identifi\u00e9s d\u2019enregistrer des r\u00e9f\u00e9rences afin de les conserver pour des sessions ult\u00e9rieures. Une fois une r\u00e9f\u00e9rence enregistr\u00e9e, l&rsquo;usager peut y acc\u00e9der \u00e0 nouveau, la supprimer et lui assigner une \u00e9tiquette. Les \u00e9tiquettes permettent de grouper et g\u00e9rer ensemble des r\u00e9f\u00e9rences par exemple associ\u00e9es \u00e0 une m\u00eame th\u00e9matique.<\/p>\n\n\n\n<div style=\"background-color: #FFF2AF; margin: 0 auto; max-width: 90%; padding: 9px; border: 1px solid #DDD;\"><u>Remarque<\/u> : Les usagers non identifi\u00e9s (invit\u00e9s) peuvent \u00e9galement enregistrer des r\u00e9f\u00e9rences, mais ce ne sera que temporaire : les r\u00e9f\u00e9rences ne seront pas conserv\u00e9es \u00e0 la fin de session.<\/div>\n\n\n\n<p>&nbsp;<\/p>\n\n\n\n<div style=\"background-color: #FFF2AF; margin: 0 auto; max-width: 90%; padding: 9px; border: 1px solid #DDD;\"><u>Remarque<\/u> : Il ne faut pas confondre les <strong>\u00e9tiquettes priv\u00e9es<\/strong> des Favoris avec les <strong>tags publics<\/strong> (voir la page <a href=\"https:\/\/services.lib.uliege.be\/alma\/primo-ve\/recherche-et-decouverte\/tags\/\">Tags<\/a>).<\/div>\n\n\n\n<h3 class=\"wp-block-heading\">Enregistrer une r\u00e9f\u00e9rence<\/h3>\n\n\n\n<p>Dans les r\u00e9sultats d&rsquo;une recherche, cliquez sur la punaise pour enregistrer la r\u00e9f\u00e9rence<\/p>\n\n\n\n<div class=\"wp-block-image\"><figure class=\"aligncenter\"><img loading=\"lazy\" decoding=\"async\" width=\"1024\" height=\"168\" src=\"https:\/\/services.lib.uliege.be\/alma\/wp-content\/uploads\/2019\/04\/iwein-1024x168.jpg\" alt=\"\" class=\"wp-image-3894\" srcset=\"https:\/\/services.lib.uliege.be\/alma\/wp-content\/uploads\/2019\/04\/iwein-1024x168.jpg 1024w, https:\/\/services.lib.uliege.be\/alma\/wp-content\/uploads\/2019\/04\/iwein-300x49.jpg 300w, https:\/\/services.lib.uliege.be\/alma\/wp-content\/uploads\/2019\/04\/iwein-768x126.jpg 768w, https:\/\/services.lib.uliege.be\/alma\/wp-content\/uploads\/2019\/04\/iwein.jpg 1159w\" sizes=\"auto, (max-width: 1024px) 100vw, 1024px\" \/><\/figure><\/div>\n\n\n\n<p>Une fois la r\u00e9f\u00e9rence ajout\u00e9e, le fond de celle-ci passe au jaune. Ce surlignage est persistant d&rsquo;une session \u00e0 l&rsquo;autre (si vous \u00eates identifi\u00e9), il vous permet de facilement identifier les r\u00e9f\u00e9rences d\u00e9j\u00e0 ajout\u00e9es dans votre panier.<\/p>\n\n\n\n<div class=\"wp-block-image\"><figure class=\"aligncenter\"><img loading=\"lazy\" decoding=\"async\" width=\"1024\" height=\"174\" src=\"https:\/\/services.lib.uliege.be\/alma\/wp-content\/uploads\/2019\/04\/iwein2-1024x174.jpg\" alt=\"\" class=\"wp-image-3895\" srcset=\"https:\/\/services.lib.uliege.be\/alma\/wp-content\/uploads\/2019\/04\/iwein2-1024x174.jpg 1024w, https:\/\/services.lib.uliege.be\/alma\/wp-content\/uploads\/2019\/04\/iwein2-300x51.jpg 300w, https:\/\/services.lib.uliege.be\/alma\/wp-content\/uploads\/2019\/04\/iwein2-768x130.jpg 768w, https:\/\/services.lib.uliege.be\/alma\/wp-content\/uploads\/2019\/04\/iwein2.jpg 1160w\" sizes=\"auto, (max-width: 1024px) 100vw, 1024px\" \/><\/figure><\/div>\n\n\n\n<p>Une r\u00e9f\u00e9rence contenue dans une <a href=\"https:\/\/services.lib.uliege.be\/alma\/primo-ve\/recherche-et-decouverte\/galeries\/\">galerie<\/a>, voire une galerie elle-m\u00eame, peut \u00eatre ajout\u00e9e dans les Favoris.<\/p>\n\n\n\n<div class=\"wp-block-image\"><figure class=\"aligncenter\"><img loading=\"lazy\" decoding=\"async\" width=\"496\" height=\"238\" src=\"https:\/\/services.lib.uliege.be\/alma\/wp-content\/uploads\/2019\/04\/Collection-epingle.jpg\" alt=\"\" class=\"wp-image-4040\" srcset=\"https:\/\/services.lib.uliege.be\/alma\/wp-content\/uploads\/2019\/04\/Collection-epingle.jpg 496w, https:\/\/services.lib.uliege.be\/alma\/wp-content\/uploads\/2019\/04\/Collection-epingle-300x144.jpg 300w\" sizes=\"auto, (max-width: 496px) 100vw, 496px\" \/><\/figure><\/div>\n\n\n\n<h3 class=\"wp-block-heading\">Retirer une r\u00e9f\u00e9rence<\/h3>\n\n\n\n<p>Pour retirer une r\u00e9f\u00e9rence de la liste des r\u00e9f\u00e9rences enregistr\u00e9es, cliquez sur la punaise <img loading=\"lazy\" decoding=\"async\" width=\"35\" height=\"37\" src=\"https:\/\/services.lib.uliege.be\/alma\/wp-content\/uploads\/2019\/04\/Punaise-retirer-item.jpg\" alt=\"\" class=\"wp-image-3898\"><\/p>\n\n\n\n<h3 class=\"wp-block-heading\">Attribuer une \u00e9tiquette<\/h3>\n\n\n\n<p>Les \u00e9tiquettes permettent aux usagers de regrouper des r\u00e9f\u00e9rences dans des listes priv\u00e9es, accessibles uniquement dans leurs Favoris lorsqu&rsquo;ils sont identifi\u00e9s.<\/p>\n\n\n\n<div style=\"background-color: #FFF2AF; margin: 0 auto; max-width: 90%; padding: 9px; border: 1px solid #DDD;\"><u>Remarques<\/u> : \n<ul>\n<li>Les Dossiers cr\u00e9\u00e9s sur Primo Classic ont \u00e9t\u00e9 convertis en \u00e9tiquettes dans le nouveau Primo.<\/li>\n<li>Les \u00e9tiquettes sont personnelles et propres \u00e0 chaque usager. Elles ne doivent pas \u00eatre confondues avec les tags qui sont publics, index\u00e9s pour les recherches dans Primo et accessibles aux administrateurs via Alma. Voir \u00ab\u00a0<a href=\"https:\/\/services.lib.uliege.be\/alma\/primo-ve\/recherche-et-decouverte\/tags\/\">Tags<\/a>\u00ab\u00a0.<\/li><\/ul>\n<\/div>\n\n\n\n<p>Pour ajouter une r\u00e9f\u00e9rence \u00e0 une liste priv\u00e9e :<\/p>\n\n\n\n<ul class=\"wp-block-list\"><li>Partir d&rsquo;une r\u00e9f\u00e9rence d\u00e9j\u00e0 situ\u00e9e dans les Favoris ou l&rsquo;ajouter pr\u00e9alablement<\/li><li>Cliquer sur le bouton \u00ab\u00a0Ajouter des \u00e9tiquettes\u00a0\u00bb<\/li><\/ul>\n\n\n\n<div class=\"wp-block-image\"><figure class=\"aligncenter\"><img loading=\"lazy\" decoding=\"async\" width=\"1024\" height=\"349\" src=\"https:\/\/services.lib.uliege.be\/alma\/wp-content\/uploads\/2019\/04\/ajout-etiquettes-Iwein-1024x349.jpg\" alt=\"\" class=\"wp-image-3914\" srcset=\"https:\/\/services.lib.uliege.be\/alma\/wp-content\/uploads\/2019\/04\/ajout-etiquettes-Iwein-1024x349.jpg 1024w, https:\/\/services.lib.uliege.be\/alma\/wp-content\/uploads\/2019\/04\/ajout-etiquettes-Iwein-300x102.jpg 300w, https:\/\/services.lib.uliege.be\/alma\/wp-content\/uploads\/2019\/04\/ajout-etiquettes-Iwein-768x262.jpg 768w, https:\/\/services.lib.uliege.be\/alma\/wp-content\/uploads\/2019\/04\/ajout-etiquettes-Iwein.jpg 1155w\" sizes=\"auto, (max-width: 1024px) 100vw, 1024px\" \/><\/figure><\/div>\n\n\n\n<p>Le syst\u00e8me va ouvrir une fen\u00eatre permettant d&rsquo;introduire une nouvelle \u00e9tiquette (marque verte) ou de r\u00e9utiliser une \u00e9tiquette d\u00e9j\u00e0 cr\u00e9\u00e9e (marque bleue).<\/p>\n\n\n\n<div class=\"wp-block-image\"><figure class=\"aligncenter is-resized\"><img loading=\"lazy\" decoding=\"async\" src=\"https:\/\/services.lib.uliege.be\/alma\/wp-content\/uploads\/2019\/04\/Ajoutre-une-nouvelle-etiquette-1.jpg\" alt=\"\" class=\"wp-image-3912\" width=\"316\" height=\"383\" srcset=\"https:\/\/services.lib.uliege.be\/alma\/wp-content\/uploads\/2019\/04\/Ajoutre-une-nouvelle-etiquette-1.jpg 421w, https:\/\/services.lib.uliege.be\/alma\/wp-content\/uploads\/2019\/04\/Ajoutre-une-nouvelle-etiquette-1-248x300.jpg 248w\" sizes=\"auto, (max-width: 316px) 100vw, 316px\" \/><\/figure><\/div>\n\n\n\n<ul class=\"wp-block-list\"><li>Pour r\u00e9utiliser une \u00e9tiquette existante, cliquer sur le plus (\u00ab\u00a0+\u00a0\u00bb).<\/li><li>Pour cr\u00e9er une nouvelle \u00e9tiquette, introduire le libell\u00e9 de l&rsquo;\u00e9tiquette et faire <em>Enter<\/em>.<\/li><\/ul>\n\n\n\n<figure class=\"wp-block-image\"><img loading=\"lazy\" decoding=\"async\" width=\"1024\" height=\"245\" src=\"https:\/\/services.lib.uliege.be\/alma\/wp-content\/uploads\/2019\/04\/Iwein-2-etiquettes-1024x245.jpg\" alt=\"\" class=\"wp-image-3919\" srcset=\"https:\/\/services.lib.uliege.be\/alma\/wp-content\/uploads\/2019\/04\/Iwein-2-etiquettes-1024x245.jpg 1024w, https:\/\/services.lib.uliege.be\/alma\/wp-content\/uploads\/2019\/04\/Iwein-2-etiquettes-300x72.jpg 300w, https:\/\/services.lib.uliege.be\/alma\/wp-content\/uploads\/2019\/04\/Iwein-2-etiquettes-768x184.jpg 768w, https:\/\/services.lib.uliege.be\/alma\/wp-content\/uploads\/2019\/04\/Iwein-2-etiquettes.jpg 1279w\" sizes=\"auto, (max-width: 1024px) 100vw, 1024px\" \/><\/figure>\n\n\n\n<p>Plusieurs \u00e9tiquettes peuvent \u00eatre ajout\u00e9es \u00e0 une m\u00eame r\u00e9f\u00e9rence.<\/p>\n\n\n\n<h3 class=\"wp-block-heading\">Retirer une \u00e9tiquette<\/h3>\n\n\n\n<p>Pour retirer une \u00e9tiquette, il suffit de cliquer sur le petit crayon d&rsquo;\u00e9dition <img loading=\"lazy\" decoding=\"async\" width=\"31\" height=\"31\" src=\"https:\/\/services.lib.uliege.be\/alma\/wp-content\/uploads\/2019\/04\/crayon.jpg\" alt=\"\" class=\"wp-image-3922\"> et de cliquer sur la croix de suppression en regard de l&rsquo;\u00e9tiquette \u00e0 retirer de la r\u00e9f\u00e9rence.<\/p>\n\n\n\n<figure class=\"wp-block-image\"><img loading=\"lazy\" decoding=\"async\" width=\"1024\" height=\"412\" src=\"https:\/\/services.lib.uliege.be\/alma\/wp-content\/uploads\/2019\/04\/Iwein-Retirer-etiquette-1024x412.jpg\" alt=\"\" class=\"wp-image-3923\" srcset=\"https:\/\/services.lib.uliege.be\/alma\/wp-content\/uploads\/2019\/04\/Iwein-Retirer-etiquette-1024x412.jpg 1024w, https:\/\/services.lib.uliege.be\/alma\/wp-content\/uploads\/2019\/04\/Iwein-Retirer-etiquette-300x121.jpg 300w, https:\/\/services.lib.uliege.be\/alma\/wp-content\/uploads\/2019\/04\/Iwein-Retirer-etiquette-768x309.jpg 768w, https:\/\/services.lib.uliege.be\/alma\/wp-content\/uploads\/2019\/04\/Iwein-Retirer-etiquette.jpg 1027w\" sizes=\"auto, (max-width: 1024px) 100vw, 1024px\" \/><\/figure>\n\n\n\n<h3 class=\"wp-block-heading\">Filtrer sur un libell\u00e9<\/h3>\n\n\n\n<p>Les r\u00e9f\u00e9rences enregistr\u00e9es dans les Favoris peuvent \u00eatre filtr\u00e9es sur base des \u00e9tiquettes cr\u00e9\u00e9es. Sur les principes des facettes, il suffit de s\u00e9lectionner un libell\u00e9 pour ne faire appara\u00eetre que les seules r\u00e9f\u00e9rences auxquelles le libell\u00e9 a \u00e9t\u00e9 attribu\u00e9.<\/p>\n\n\n\n<figure class=\"wp-block-image\"><img loading=\"lazy\" decoding=\"async\" width=\"1024\" height=\"846\" src=\"https:\/\/services.lib.uliege.be\/alma\/wp-content\/uploads\/2019\/04\/filtrer-par-groupe-1024x846.jpg\" alt=\"\" class=\"wp-image-3924\" srcset=\"https:\/\/services.lib.uliege.be\/alma\/wp-content\/uploads\/2019\/04\/filtrer-par-groupe-1024x846.jpg 1024w, https:\/\/services.lib.uliege.be\/alma\/wp-content\/uploads\/2019\/04\/filtrer-par-groupe-300x248.jpg 300w, https:\/\/services.lib.uliege.be\/alma\/wp-content\/uploads\/2019\/04\/filtrer-par-groupe-768x634.jpg 768w, https:\/\/services.lib.uliege.be\/alma\/wp-content\/uploads\/2019\/04\/filtrer-par-groupe.jpg 1087w\" sizes=\"auto, (max-width: 1024px) 100vw, 1024px\" \/><\/figure>\n\n\n\n<p>Plusieurs groupes d&rsquo;\u00e9tiquettes peuvent \u00eatre s\u00e9lectionn\u00e9s ; l&rsquo;op\u00e9rateur bool\u00e9en appliqu\u00e9 est le \u00ab\u00a0OU\u00a0\u00bb.<\/p>\n\n\n\n<p>Pour <strong>enlever un filtre<\/strong> sur un groupe, il suffit de cliquer \u00e0 nouveau sur le libell\u00e9 du groupe ou de cliquer sur \u00ab\u00a0Effacer la s\u00e9lection\u00a0\u00bb.<\/p>\n\n\n\n<h3 class=\"wp-block-heading\">Trier les r\u00e9f\u00e9rences enregistr\u00e9es<\/h3>\n\n\n\n<p>Les r\u00e9f\u00e9rences enregistr\u00e9es dans les Favoris peuvent \u00eatre tri\u00e9es par <strong>date d&rsquo;ajout<\/strong>, <strong>titre <\/strong>ou <strong>nom d&rsquo;auteur<\/strong>.<\/p>\n\n\n\n<figure class=\"wp-block-image\"><img loading=\"lazy\" decoding=\"async\" width=\"1024\" height=\"301\" src=\"https:\/\/services.lib.uliege.be\/alma\/wp-content\/uploads\/2019\/04\/Trier-Favoris-1024x301.jpg\" alt=\"\" class=\"wp-image-3925\" srcset=\"https:\/\/services.lib.uliege.be\/alma\/wp-content\/uploads\/2019\/04\/Trier-Favoris-1024x301.jpg 1024w, https:\/\/services.lib.uliege.be\/alma\/wp-content\/uploads\/2019\/04\/Trier-Favoris-300x88.jpg 300w, https:\/\/services.lib.uliege.be\/alma\/wp-content\/uploads\/2019\/04\/Trier-Favoris-768x226.jpg 768w, https:\/\/services.lib.uliege.be\/alma\/wp-content\/uploads\/2019\/04\/Trier-Favoris.jpg 1100w\" sizes=\"auto, (max-width: 1024px) 100vw, 1024px\" \/><\/figure>\n\n\n\n<h3 class=\"wp-block-heading\">Exporter des r\u00e9f\u00e9rences enregistr\u00e9es<\/h3>\n\n\n\n<p>Il existe deux fa\u00e7ons d&rsquo;exporter des r\u00e9f\u00e9rences enregistr\u00e9es, soit une \u00e0 une, soit en groupe.<\/p>\n\n\n\n<h4 class=\"wp-block-heading\">Exporter une r\u00e9f\u00e9rence<\/h4>\n\n\n\n<p>Aller sur l&rsquo;ic\u00f4ne des trois points sur la droite<\/p>\n\n\n\n<figure class=\"wp-block-image\"><img loading=\"lazy\" decoding=\"async\" width=\"782\" height=\"191\" src=\"https:\/\/services.lib.uliege.be\/alma\/wp-content\/uploads\/2019\/04\/favoris-exporter-1-reference_1.jpg\" alt=\"\" class=\"wp-image-3928\" srcset=\"https:\/\/services.lib.uliege.be\/alma\/wp-content\/uploads\/2019\/04\/favoris-exporter-1-reference_1.jpg 782w, https:\/\/services.lib.uliege.be\/alma\/wp-content\/uploads\/2019\/04\/favoris-exporter-1-reference_1-300x73.jpg 300w, https:\/\/services.lib.uliege.be\/alma\/wp-content\/uploads\/2019\/04\/favoris-exporter-1-reference_1-768x188.jpg 768w\" sizes=\"auto, (max-width: 782px) 100vw, 782px\" \/><\/figure>\n\n\n\n<p>S\u00e9lectionner la fonction d&rsquo;export souhait\u00e9e (voir la page <a href=\"https:\/\/services.lib.uliege.be\/alma\/primo-ve\/fonctionnalites-de-gestion\/export-send-to\/\">Export et envoi<\/a>).<\/p>\n\n\n\n<figure class=\"wp-block-image\"><img loading=\"lazy\" decoding=\"async\" width=\"792\" height=\"269\" src=\"https:\/\/services.lib.uliege.be\/alma\/wp-content\/uploads\/2019\/04\/favoris-exporter-1-reference_2.jpg\" alt=\"\" class=\"wp-image-3929\" srcset=\"https:\/\/services.lib.uliege.be\/alma\/wp-content\/uploads\/2019\/04\/favoris-exporter-1-reference_2.jpg 792w, https:\/\/services.lib.uliege.be\/alma\/wp-content\/uploads\/2019\/04\/favoris-exporter-1-reference_2-300x102.jpg 300w, https:\/\/services.lib.uliege.be\/alma\/wp-content\/uploads\/2019\/04\/favoris-exporter-1-reference_2-768x261.jpg 768w\" sizes=\"auto, (max-width: 792px) 100vw, 792px\" \/><\/figure>\n\n\n\n<h4 class=\"wp-block-heading\">Exporter plusieurs r\u00e9f\u00e9rences<\/h4>\n\n\n\n<p>S\u00e9lectionner avec la case de gauche les r\u00e9f\u00e9rences que vous souhaitez exporter. Vous pouvez les s\u00e9lectionner toutes en cliquant la case de t\u00eate.<\/p>\n\n\n\n<figure class=\"wp-block-image\"><img loading=\"lazy\" decoding=\"async\" width=\"938\" height=\"879\" src=\"https:\/\/services.lib.uliege.be\/alma\/wp-content\/uploads\/2019\/04\/favoris-exporter-plusieurs-references_1.jpg\" alt=\"\" class=\"wp-image-3930\" srcset=\"https:\/\/services.lib.uliege.be\/alma\/wp-content\/uploads\/2019\/04\/favoris-exporter-plusieurs-references_1.jpg 938w, https:\/\/services.lib.uliege.be\/alma\/wp-content\/uploads\/2019\/04\/favoris-exporter-plusieurs-references_1-300x281.jpg 300w, https:\/\/services.lib.uliege.be\/alma\/wp-content\/uploads\/2019\/04\/favoris-exporter-plusieurs-references_1-768x720.jpg 768w\" sizes=\"auto, (max-width: 938px) 100vw, 938px\" \/><\/figure>\n\n\n\n<p>Cliquer ensuite sur les trois points pour faire appara\u00eetre les options d&rsquo;export possibles.<\/p>\n\n\n\n<figure class=\"wp-block-image\"><img loading=\"lazy\" decoding=\"async\" width=\"739\" height=\"160\" src=\"https:\/\/services.lib.uliege.be\/alma\/wp-content\/uploads\/2019\/04\/favoris-exporter-plusieurs-references_2.jpg\" alt=\"\" class=\"wp-image-3931\" srcset=\"https:\/\/services.lib.uliege.be\/alma\/wp-content\/uploads\/2019\/04\/favoris-exporter-plusieurs-references_2.jpg 739w, https:\/\/services.lib.uliege.be\/alma\/wp-content\/uploads\/2019\/04\/favoris-exporter-plusieurs-references_2-300x65.jpg 300w\" sizes=\"auto, (max-width: 739px) 100vw, 739px\" \/><\/figure>\n\n\n\n<p>&nbsp;<\/p>\n","protected":false},"excerpt":{"rendered":"<p>Primo permet aux usagers identifi\u00e9s d\u2019enregistrer des r\u00e9f\u00e9rences afin de les conserver pour des sessions ult\u00e9rieures. Une fois une r\u00e9f\u00e9rence enregistr\u00e9e, l&rsquo;usager peut y acc\u00e9der \u00e0 nouveau, la supprimer et lui assigner une \u00e9tiquette. Les \u00e9tiquettes permettent de grouper et g\u00e9rer ensemble des r\u00e9f\u00e9rences par exemple associ\u00e9es \u00e0 une m\u00eame&#8230; <a href=\"https:\/\/services.lib.uliege.be\/alma\/primo-ve\/fonctionnalites-de-gestion\/favoris\/enregistrer-et-gerer-des-references\/\" class=\"readmore\">Lire l&#039;int\u00e9gralit\u00e9&#8230;<span class=\"screen-reader-text\">R\u00e9f\u00e9rences<\/span><span class=\"fa fa-angle-double-right\" aria-hidden=\"true\"><\/span><\/a><\/p>\n","protected":false},"author":5,"featured_media":0,"parent":3180,"menu_order":1,"comment_status":"closed","ping_status":"closed","template":"","meta":{"jetpack_post_was_ever_published":false,"footnotes":""},"class_list":["post-3876","page","type-page","status-publish","hentry"],"jetpack_sharing_enabled":true,"jetpack_shortlink":"https:\/\/wp.me\/P7rJUv-10w","_links":{"self":[{"href":"https:\/\/services.lib.uliege.be\/alma\/wp-json\/wp\/v2\/pages\/3876","targetHints":{"allow":["GET"]}}],"collection":[{"href":"https:\/\/services.lib.uliege.be\/alma\/wp-json\/wp\/v2\/pages"}],"about":[{"href":"https:\/\/services.lib.uliege.be\/alma\/wp-json\/wp\/v2\/types\/page"}],"author":[{"embeddable":true,"href":"https:\/\/services.lib.uliege.be\/alma\/wp-json\/wp\/v2\/users\/5"}],"replies":[{"embeddable":true,"href":"https:\/\/services.lib.uliege.be\/alma\/wp-json\/wp\/v2\/comments?post=3876"}],"version-history":[{"count":54,"href":"https:\/\/services.lib.uliege.be\/alma\/wp-json\/wp\/v2\/pages\/3876\/revisions"}],"predecessor-version":[{"id":4610,"href":"https:\/\/services.lib.uliege.be\/alma\/wp-json\/wp\/v2\/pages\/3876\/revisions\/4610"}],"up":[{"embeddable":true,"href":"https:\/\/services.lib.uliege.be\/alma\/wp-json\/wp\/v2\/pages\/3180"}],"wp:attachment":[{"href":"https:\/\/services.lib.uliege.be\/alma\/wp-json\/wp\/v2\/media?parent=3876"}],"curies":[{"name":"wp","href":"https:\/\/api.w.org\/{rel}","templated":true}]}}