{"id":3225,"date":"2019-03-01T13:34:21","date_gmt":"2019-03-01T12:34:21","guid":{"rendered":"https:\/\/app.lib.uliege.be\/alma\/?page_id=3225"},"modified":"2022-10-03T09:50:51","modified_gmt":"2022-10-03T07:50:51","slug":"mylibrary","status":"publish","type":"page","link":"https:\/\/services.lib.uliege.be\/alma\/primo-ve\/fonctionnalites-de-gestion\/mylibrary\/","title":{"rendered":"MyLibrary"},"content":{"rendered":"\n<p>Le compte MyLibrary donne acc\u00e8s aux menus suivants :<\/p>\n\n\n\n<ul class=\"wp-block-list\"><li><strong>Aper\u00e7u <\/strong>: affiche un r\u00e9sum\u00e9 des autres onglets et met en \u00e9vidence une \u00e9ventuelle action attendue ou note \u00e0 l&rsquo;attention de l&rsquo;usager.<\/li><li><strong>Pr\u00eats <\/strong>: affiche la liste des pr\u00eats en cours, avec possibilit\u00e9 d&rsquo;acc\u00e8s \u00e0 l&rsquo;historique et \u00e0 la prolongation des pr\u00eats.<\/li><li><strong>Demandes <\/strong>: affiche l&rsquo;ensemble des demandes en cours (r\u00e9servations, num\u00e9risations, PIB, suggestions d&rsquo;achat), avec possibilit\u00e9 d&rsquo;annuler des demandes et d&rsquo;acc\u00e9der aux PDF PIB d\u00e9j\u00e0 envoy\u00e9s par lien de t\u00e9l\u00e9chargement.<\/li><li><strong>Frais <\/strong>: affiche les \u00e9ventuels frais dus.<\/li><li><strong>Blocages + messages<\/strong> : affiche les \u00e9ventuels blocages et messages qui peuvent avoir un impact sur les services rendu par la biblioth\u00e8que.<\/li><li><strong>Informations personnelles<\/strong> : affiche les informations de contact, le User Group, la date d&rsquo;expiration du compte et la langue de l\u2019interface Primo par d\u00e9faut. Seule cette derni\u00e8re peut \u00eatre modifi\u00e9e par l&rsquo;usager<\/li><\/ul>\n\n\n\n<h3 class=\"wp-block-heading\">Notification d&rsquo;alertes et de messages<\/h3>\n\n\n\n<p>MyLibrary affiche des notifications relatives \u00e0 des actions attendues de la part de l&rsquo;usager. Ces notifications sont mises en \u00e9vidence via de petites ic\u00f4nes de couleurs :<\/p>\n\n\n\n<ul class=\"wp-block-list\"><li>dans l&rsquo;onglet concern\u00e9<\/li><li>\u00e0 c\u00f4t\u00e9 d&rsquo;un item concern\u00e9 (dans le cas des pr\u00eats et demandes)<\/li><\/ul>\n\n\n\n<p>Cas possibles :<\/p>\n\n\n\n<ul class=\"wp-block-list\"><li>Pr\u00eat en retard de restitution <img loading=\"lazy\" decoding=\"async\" width=\"18\" height=\"21\" src=\"https:\/\/services.lib.uliege.be\/alma\/wp-content\/uploads\/2019\/04\/image-92.png\" alt=\"\" class=\"wp-image-4253\"> &#8211; appara\u00eet \u00e0 c\u00f4t\u00e9 de tout exemplaire en retard de restitution.<\/li><li>R\u00e9servation <img loading=\"lazy\" decoding=\"async\" width=\"18\" height=\"20\" src=\"https:\/\/services.lib.uliege.be\/alma\/wp-content\/uploads\/2019\/04\/image-93.png\" alt=\"\" class=\"wp-image-4254\"> &#8211;  appara\u00eet \u00e0 c\u00f4t\u00e9 de tout exemplaire r\u00e9serv\u00e9 disponible sur la Hold Shelf.<\/li><li>Blocages ou messages <img loading=\"lazy\" decoding=\"async\" width=\"16\" height=\"17\" src=\"https:\/\/services.lib.uliege.be\/alma\/wp-content\/uploads\/2019\/04\/image-94.png\" alt=\"\" class=\"wp-image-4255\"> &#8211; appara\u00eet en cas de blocage ou message, soit introduit manuellement par un agent, soit g\u00e9n\u00e9r\u00e9 automatiquement par Alma.<\/li><li>Frais <img loading=\"lazy\" decoding=\"async\" width=\"20\" height=\"20\" src=\"https:\/\/services.lib.uliege.be\/alma\/wp-content\/uploads\/2019\/04\/image-95.png\" alt=\"\" class=\"wp-image-4256\"> &#8211; appara\u00eet en cas de frais en cours.<\/li><\/ul>\n\n\n<div class=\"wp-block-image\">\n<figure class=\"aligncenter\"><img loading=\"lazy\" decoding=\"async\" width=\"1024\" height=\"798\" src=\"https:\/\/services.lib.uliege.be\/alma\/wp-content\/uploads\/2019\/04\/image-96-1024x798.png\" alt=\"\" class=\"wp-image-4260\" srcset=\"https:\/\/services.lib.uliege.be\/alma\/wp-content\/uploads\/2019\/04\/image-96-1024x798.png 1024w, https:\/\/services.lib.uliege.be\/alma\/wp-content\/uploads\/2019\/04\/image-96-300x234.png 300w, https:\/\/services.lib.uliege.be\/alma\/wp-content\/uploads\/2019\/04\/image-96-768x598.png 768w, https:\/\/services.lib.uliege.be\/alma\/wp-content\/uploads\/2019\/04\/image-96.png 1104w\" sizes=\"auto, (max-width: 1024px) 100vw, 1024px\" \/><\/figure>\n<\/div>\n\n\n<p>&nbsp;<\/p>\n","protected":false},"excerpt":{"rendered":"<p>Le compte MyLibrary donne acc\u00e8s aux menus suivants : Aper\u00e7u : affiche un r\u00e9sum\u00e9 des autres onglets et met en \u00e9vidence une \u00e9ventuelle action attendue ou note \u00e0 l&rsquo;attention de l&rsquo;usager. Pr\u00eats : affiche la liste des pr\u00eats en cours, avec possibilit\u00e9 d&rsquo;acc\u00e8s \u00e0 l&rsquo;historique et \u00e0 la prolongation des&#8230; <a href=\"https:\/\/services.lib.uliege.be\/alma\/primo-ve\/fonctionnalites-de-gestion\/mylibrary\/\" class=\"readmore\">Lire l&#039;int\u00e9gralit\u00e9&#8230;<span class=\"screen-reader-text\">MyLibrary<\/span><span class=\"fa fa-angle-double-right\" aria-hidden=\"true\"><\/span><\/a><\/p>\n","protected":false},"author":5,"featured_media":0,"parent":3176,"menu_order":3,"comment_status":"closed","ping_status":"closed","template":"","meta":{"jetpack_post_was_ever_published":false,"footnotes":""},"class_list":["post-3225","page","type-page","status-publish","hentry"],"jetpack_sharing_enabled":true,"jetpack_shortlink":"https:\/\/wp.me\/P7rJUv-Q1","_links":{"self":[{"href":"https:\/\/services.lib.uliege.be\/alma\/wp-json\/wp\/v2\/pages\/3225","targetHints":{"allow":["GET"]}}],"collection":[{"href":"https:\/\/services.lib.uliege.be\/alma\/wp-json\/wp\/v2\/pages"}],"about":[{"href":"https:\/\/services.lib.uliege.be\/alma\/wp-json\/wp\/v2\/types\/page"}],"author":[{"embeddable":true,"href":"https:\/\/services.lib.uliege.be\/alma\/wp-json\/wp\/v2\/users\/5"}],"replies":[{"embeddable":true,"href":"https:\/\/services.lib.uliege.be\/alma\/wp-json\/wp\/v2\/comments?post=3225"}],"version-history":[{"count":5,"href":"https:\/\/services.lib.uliege.be\/alma\/wp-json\/wp\/v2\/pages\/3225\/revisions"}],"predecessor-version":[{"id":6456,"href":"https:\/\/services.lib.uliege.be\/alma\/wp-json\/wp\/v2\/pages\/3225\/revisions\/6456"}],"up":[{"embeddable":true,"href":"https:\/\/services.lib.uliege.be\/alma\/wp-json\/wp\/v2\/pages\/3176"}],"wp:attachment":[{"href":"https:\/\/services.lib.uliege.be\/alma\/wp-json\/wp\/v2\/media?parent=3225"}],"curies":[{"name":"wp","href":"https:\/\/api.w.org\/{rel}","templated":true}]}}