{"id":3190,"date":"2019-02-28T16:59:44","date_gmt":"2019-02-28T15:59:44","guid":{"rendered":"https:\/\/app.lib.uliege.be\/alma\/?page_id=3190"},"modified":"2024-11-27T09:22:34","modified_gmt":"2024-11-27T08:22:34","slug":"openurl-service-page","status":"publish","type":"page","link":"https:\/\/services.lib.uliege.be\/alma\/primo-ve\/openurl-service-page\/","title":{"rendered":"OpenURL Service Page"},"content":{"rendered":"\n<p>En tant que r\u00e9solveur de liens, Alma permet d&rsquo;afficher des services (acc\u00e8s au texte int\u00e9gral, disponibilit\u00e9 physique, formulaire de demande PIB&#8230;) dans d&rsquo;autres sources que l&rsquo;environnement Alma\/Primo. Pour ce faire, Primo dispose d&rsquo;une Service Page qui est une vue d\u00e9di\u00e9e de Primo qui affiche ces services dans les environnements externes (Google Scholar, Scopus, plates-formes des agr\u00e9gateurs Ebsco, ProQuest, Ovid&#8230;).<\/p>\n\n\n\n<h3 class=\"wp-block-heading\">Base URL<\/h3>\n\n\n\n<p>L&rsquo;adresse de la base URL est : <a href=\"https:\/\/explore.lib.uliege.be\/openurl\/32ULG_INST\/32ULG_INST:ULIEGE?\">https:\/\/explore.lib.uliege.be\/openurl\/32ULG_INST\/32ULG_INST:ULIEGE?<\/a> <\/p>\n\n\n\n<p>Elle peut \u00eatre d\u00e9ploy\u00e9e chez les diff\u00e9rents agr\u00e9gateurs et fournisseurs compatibles OpenURL. Elle peut aussi \u00eatre utilis\u00e9e avec les gestionnaires de r\u00e9f\u00e9rences bibliographiques qui utilisent la technologie de l&rsquo;OpenURL.<\/p>\n\n\n\n<h3 class=\"wp-block-heading\">Exemples <\/h3>\n\n\n\n<h4 class=\"wp-block-heading\">Exemple pour un article avec un texte int\u00e9gral disponible \u00e0 l&rsquo;ULi\u00e8ge<\/h4>\n\n\n<div class=\"wp-block-image\">\n<figure class=\"aligncenter\"><img loading=\"lazy\" decoding=\"async\" width=\"951\" height=\"644\" src=\"https:\/\/services.lib.uliege.be\/alma\/wp-content\/uploads\/2019\/04\/image-145.png\" alt=\"\" class=\"wp-image-4501\" srcset=\"https:\/\/services.lib.uliege.be\/alma\/wp-content\/uploads\/2019\/04\/image-145.png 951w, https:\/\/services.lib.uliege.be\/alma\/wp-content\/uploads\/2019\/04\/image-145-300x203.png 300w, https:\/\/services.lib.uliege.be\/alma\/wp-content\/uploads\/2019\/04\/image-145-768x520.png 768w\" sizes=\"auto, (max-width: 951px) 100vw, 951px\" \/><\/figure>\n<\/div>\n\n\n<pre class=\"wp-block-preformatted\"><a href=\"https:\/\/explore.lib.uliege.be\/openurl\/32ULG_INST\/32ULG_INST:ULIEGE?sid=Elsevier:Scopus&amp;_service_type=getFullTxt&amp;issn=00222623&amp;isbn=&amp;volume=61&amp;issue=12&amp;spage=5279&amp;epage=5291&amp;pages=5279-5291&amp;artnum=&amp;date=2018&amp;id=doi:10.1021%2facs.jmedchem.8b00250&amp;title=Journal+of+Medicinal+Chemistry&amp;atitle=Enhancing+Action+of+Positive+Allosteric+Modulators+through+the+Design+of+Dimeric+Compounds&amp;aufirst=T.&amp;auinit=T.&amp;auinit1=T&amp;aulast=Drapier&amp;institution=32ULG&amp;url_ctx_val=&amp;url_ctx_fmt=null\" target=\"_blank\" rel=\"noreferrer noopener\" aria-label=\" (opens in a new tab)\">https:\/\/explore.lib.uliege.be\/openurl\/32ULG_INST\/32ULG_INST:ULIEGE?sid=Elsevier:Scopus&amp;_service_type=getFullTxt&amp;issn=00222623&amp;isbn=&amp;volume=61&amp;issue=12&amp;spage=5279&amp;epage=5291&amp;pages=5279-5291&amp;artnum=&amp;date=2018&amp;id=doi:10.1021%2facs.jmedchem.8b00250&amp;title=Journal+of+Medicinal+Chemistry&amp;atitle=Enhancing+Action+of+Positive+Allosteric+Modulators+through+the+Design+of+Dimeric+Compounds&amp;aufirst=T.&amp;auinit=T.&amp;auinit1=T&amp;aulast=Drapier&amp;institution=32ULG&amp;url_ctx_val=&amp;url_ctx_fmt=null<\/a><\/pre>\n\n\n\n<h4 class=\"wp-block-heading\">Exemple pour un article sans texte int\u00e9gral accessible dans les collections ULi\u00e8ge, mais avec une collection papier existante<\/h4>\n\n\n\n<p>L&rsquo;\u00e9tat de collection papier et les premiers exemplaires s&rsquo;affichent, de m\u00eame qu&rsquo;un lien vers le formulaire de demande PIB (qui sera pr\u00e9-rempli).<\/p>\n\n\n<div class=\"wp-block-image\">\n<figure class=\"aligncenter\"><img loading=\"lazy\" decoding=\"async\" width=\"961\" height=\"789\" src=\"https:\/\/services.lib.uliege.be\/alma\/wp-content\/uploads\/2019\/04\/image-146.png\" alt=\"\" class=\"wp-image-4503\" srcset=\"https:\/\/services.lib.uliege.be\/alma\/wp-content\/uploads\/2019\/04\/image-146.png 961w, https:\/\/services.lib.uliege.be\/alma\/wp-content\/uploads\/2019\/04\/image-146-300x246.png 300w, https:\/\/services.lib.uliege.be\/alma\/wp-content\/uploads\/2019\/04\/image-146-768x631.png 768w\" sizes=\"auto, (max-width: 961px) 100vw, 961px\" \/><\/figure>\n<\/div>\n\n\n<pre class=\"wp-block-preformatted\"><a href=\"https:\/\/explore.lib.uliege.be\/openurl\/32ULG_INST\/32ULG_INST:ULIEGE?sid=Elsevier:Scopus&amp;_service_type=getFullTxt&amp;issn=15334406&amp;isbn=&amp;volume=379&amp;issue=21&amp;spage=2074&amp;epage=2075&amp;pages=2074-2075&amp;artnum=&amp;date=2018&amp;id=doi:10.1056%2fNEJMe1813314&amp;title=The+New+England+journal+of+medicine&amp;atitle=Oral+Desensitization+to+Peanuts&amp;aufirst=M.R.&amp;auinit=M.R.&amp;auinit1=M&amp;aulast=Perkin&amp;institution=32ULG&amp;url_ctx_val=&amp;url_ctx_fmt=null\" target=\"_blank\" rel=\"noreferrer noopener\" aria-label=\" (opens in a new tab)\">https:\/\/explore.lib.uliege.be\/openurl\/32ULG_INST\/32ULG_INST:ULIEGE?sid=Elsevier:Scopus&amp;_service_type=getFullTxt&amp;issn=15334406&amp;isbn=&amp;volume=379&amp;issue=21&amp;spage=2074&amp;epage=2075&amp;pages=2074-2075&amp;artnum=&amp;date=2018&amp;id=doi:10.1056%2fNEJMe1813314&amp;title=The+New+England+journal+of+medicine&amp;atitle=Oral+Desensitization+to+Peanuts&amp;aufirst=M.R.&amp;auinit=M.R.&amp;auinit1=M&amp;aulast=Perkin&amp;institution=32ULG&amp;url_ctx_val=&amp;url_ctx_fmt=null<\/a><\/pre>\n\n\n\n<h4 class=\"wp-block-heading\">Exemple pour un article sans texte int\u00e9gral accessible dans les collections ULi\u00e8ge et sans collection papier dans le catalogue<\/h4>\n\n\n<div class=\"wp-block-image\">\n<figure class=\"aligncenter\"><img loading=\"lazy\" decoding=\"async\" width=\"961\" height=\"548\" src=\"https:\/\/services.lib.uliege.be\/alma\/wp-content\/uploads\/2019\/04\/image-139.png\" alt=\"\" class=\"wp-image-4491\" srcset=\"https:\/\/services.lib.uliege.be\/alma\/wp-content\/uploads\/2019\/04\/image-139.png 961w, https:\/\/services.lib.uliege.be\/alma\/wp-content\/uploads\/2019\/04\/image-139-300x171.png 300w, https:\/\/services.lib.uliege.be\/alma\/wp-content\/uploads\/2019\/04\/image-139-768x438.png 768w\" sizes=\"auto, (max-width: 961px) 100vw, 961px\" \/><\/figure>\n<\/div>\n\n\n<pre class=\"wp-block-preformatted\"><a href=\"https:\/\/explore.lib.uliege.be\/openurl\/32ULG_INST\/32ULG_INST:ULIEGE?sid=Elsevier:Scopus&amp;_service_type=getFullTxt&amp;issn=16785878&amp;isbn=&amp;volume=41&amp;issue=1&amp;spage=&amp;epage=&amp;pages=&amp;artnum=1&amp;date=2019&amp;id=doi:10.1007%2fs40430-018-1505-x&amp;title=Journal+of+the+Brazilian+Society+of+Mechanical+Sciences+and+Engineering&amp;atitle=Numerical+scrutiny+of+the+influence+of+side+hulls+arrangement+on+the+motion+of+a+Trimaran+vessel+in+regular+waves+through+CFD+analysis&amp;aufirst=P.&amp;auinit=P.&amp;auinit1=P&amp;aulast=Ghadimi&amp;institution=32ULG&amp;url_ctx_val=&amp;url_ctx_fmt=null\" target=\"_blank\" rel=\"noreferrer noopener\" aria-label=\" (opens in a new tab)\">https:\/\/explore.lib.uliege.be\/openurl\/32ULG_INST\/32ULG_INST:ULIEGE?sid=Elsevier:Scopus&amp;_service_type=getFullTxt&amp;issn=16785878&amp;isbn=&amp;volume=41&amp;issue=1&amp;spage=&amp;epage=&amp;pages=&amp;artnum=1&amp;date=2019&amp;id=doi:10.1007%2fs40430-018-1505-x&amp;title=Journal+of+the+Brazilian+Society+of+Mechanical+Sciences+and+Engineering&amp;atitle=Numerical+scrutiny+of+the+influence+of+side+hulls+arrangement+on+the+motion+of+a+Trimaran+vessel+in+regular+waves+through+CFD+analysis&amp;aufirst=P.&amp;auinit=P.&amp;auinit1=P&amp;aulast=Ghadimi&amp;institution=32ULG&amp;url_ctx_val=&amp;url_ctx_fmt=null<\/a><\/pre>\n\n\n\n<p>Cliquer sur le lien \u00ab\u00a0Demande de Pr\u00eat Interbiblioth\u00e8ques (PIB)\u00a0\u00bb ouvre un formulaire pr\u00e9-rempli :<\/p>\n\n\n<div class=\"wp-block-image\">\n<figure class=\"aligncenter\"><img loading=\"lazy\" decoding=\"async\" width=\"812\" height=\"905\" src=\"https:\/\/services.lib.uliege.be\/alma\/wp-content\/uploads\/2019\/04\/image-137.png\" alt=\"\" class=\"wp-image-4487\" srcset=\"https:\/\/services.lib.uliege.be\/alma\/wp-content\/uploads\/2019\/04\/image-137.png 812w, https:\/\/services.lib.uliege.be\/alma\/wp-content\/uploads\/2019\/04\/image-137-269x300.png 269w, https:\/\/services.lib.uliege.be\/alma\/wp-content\/uploads\/2019\/04\/image-137-768x856.png 768w\" sizes=\"auto, (max-width: 812px) 100vw, 812px\" \/><\/figure>\n<\/div>\n\n\n<h4 class=\"wp-block-heading\">Exemple pour un ouvrage non existant dans les collections ULi\u00e8ge<\/h4>\n\n\n<div class=\"wp-block-image\">\n<figure class=\"aligncenter\"><img loading=\"lazy\" decoding=\"async\" width=\"956\" height=\"714\" src=\"https:\/\/services.lib.uliege.be\/alma\/wp-content\/uploads\/2019\/04\/image-138.png\" alt=\"\" class=\"wp-image-4490\" srcset=\"https:\/\/services.lib.uliege.be\/alma\/wp-content\/uploads\/2019\/04\/image-138.png 956w, https:\/\/services.lib.uliege.be\/alma\/wp-content\/uploads\/2019\/04\/image-138-300x224.png 300w, https:\/\/services.lib.uliege.be\/alma\/wp-content\/uploads\/2019\/04\/image-138-768x574.png 768w\" sizes=\"auto, (max-width: 956px) 100vw, 956px\" \/><\/figure>\n<\/div>\n\n\n<pre class=\"wp-block-preformatted\"><a href=\"https:\/\/explore.lib.uliege.be\/openurl\/32ULG_INST\/32ULG_INST:ULIEGE?sid=Elsevier:Scopus&amp;_service_type=getFullTxt&amp;issn=&amp;isbn=9781315684475+&amp;volume=&amp;issue=&amp;spage=1&amp;epage=181&amp;pages=1-181&amp;artnum=&amp;date=2017&amp;id=doi:10.4324%2f9781315684475&amp;title=Religion%2c+Migration%2c+and+Mobility%3a+The+Brazilian+Experience&amp;atitle=Religion%2c+migration%2c+and+mobility%3a+The+Brazilian+experience&amp;aufirst=C.&amp;auinit=C.&amp;auinit1=C&amp;aulast=De+Maria&amp;institution=32ULG&amp;url_ctx_val=&amp;url_ctx_fmt=null\" target=\"_blank\" rel=\"noreferrer noopener\" aria-label=\" (opens in a new tab)\">https:\/\/explore.lib.uliege.be\/openurl\/32ULG_INST\/32ULG_INST:ULIEGE?sid=Elsevier:Scopus&amp;_service_type=getFullTxt&amp;issn=&amp;isbn=9781315684475+&amp;volume=&amp;issue=&amp;spage=1&amp;epage=181&amp;pages=1-181&amp;artnum=&amp;date=2017&amp;id=doi:10.4324%2f9781315684475&amp;title=Religion%2c+Migration%2c+and+Mobility%3a+The+Brazilian+Experience&amp;atitle=Religion%2c+migration%2c+and+mobility%3a+The+Brazilian+experience&amp;aufirst=C.&amp;auinit=C.&amp;auinit1=C&amp;aulast=De+Maria&amp;institution=32ULG&amp;url_ctx_val=&amp;url_ctx_fmt=null<\/a><\/pre>\n\n\n\n<h4 class=\"wp-block-heading\">Exemple pour un chapitre d&rsquo;ouvrage non existant dans les collections ULi\u00e8ge<\/h4>\n\n\n<div class=\"wp-block-image\">\n<figure class=\"aligncenter\"><img loading=\"lazy\" decoding=\"async\" width=\"951\" height=\"676\" src=\"https:\/\/services.lib.uliege.be\/alma\/wp-content\/uploads\/2019\/04\/image-141.png\" alt=\"\" class=\"wp-image-4493\" srcset=\"https:\/\/services.lib.uliege.be\/alma\/wp-content\/uploads\/2019\/04\/image-141.png 951w, https:\/\/services.lib.uliege.be\/alma\/wp-content\/uploads\/2019\/04\/image-141-300x213.png 300w, https:\/\/services.lib.uliege.be\/alma\/wp-content\/uploads\/2019\/04\/image-141-768x546.png 768w\" sizes=\"auto, (max-width: 951px) 100vw, 951px\" \/><\/figure>\n<\/div>\n\n\n<pre class=\"wp-block-preformatted\"><a href=\"https:\/\/explore.lib.uliege.be\/openurl\/32ULG_INST\/32ULG_INST:ULIEGE?sid=Elsevier:Scopus&amp;_service_type=getFullTxt&amp;issn=&amp;isbn=9789813148390+&amp;volume=&amp;issue=&amp;spage=841&amp;epage=860&amp;pages=841-860&amp;artnum=&amp;date=2017&amp;id=doi:10.1142%2f9789813148390_0041&amp;title=Handbook+of+the+Sociology+of+Youth+in+Brics+Countries&amp;atitle=Empirical+studies+of+youth+in+contemporary+Brazilian+civilization+and+some+implications+for+the+BRICS&amp;aufirst=T.&amp;auinit=T.&amp;auinit1=T&amp;aulast=Dwyer&amp;institution=32ULG&amp;url_ctx_val=&amp;url_ctx_fmt=null\" target=\"_blank\" rel=\"noreferrer noopener\" aria-label=\" (opens in a new tab)\">https:\/\/explore.lib.uliege.be\/openurl\/32ULG_INST\/32ULG_INST:ULIEGE?sid=Elsevier:Scopus&amp;_service_type=getFullTxt&amp;issn=&amp;isbn=9789813148390+&amp;volume=&amp;issue=&amp;spage=841&amp;epage=860&amp;pages=841-860&amp;artnum=&amp;date=2017&amp;id=doi:10.1142%2f9789813148390_0041&amp;title=Handbook+of+the+Sociology+of+Youth+in+Brics+Countries&amp;atitle=Empirical+studies+of+youth+in+contemporary+Brazilian+civilization+and+some+implications+for+the+BRICS&amp;aufirst=T.&amp;auinit=T.&amp;auinit1=T&amp;aulast=Dwyer&amp;institution=32ULG&amp;url_ctx_val=&amp;url_ctx_fmt=null<\/a><\/pre>\n\n\n\n<p>Cliquer sur le lien \u00ab\u00a0Suggestion d&rsquo;achat\u00a0\u00bb ouvre un formulaire pr\u00e9-rempli o\u00f9 sont reprises les m\u00e9tadonn\u00e9es de l&rsquo;ouvrage : <\/p>\n\n\n<div class=\"wp-block-image\">\n<figure class=\"aligncenter\"><img loading=\"lazy\" decoding=\"async\" width=\"794\" height=\"638\" src=\"https:\/\/services.lib.uliege.be\/alma\/wp-content\/uploads\/2019\/04\/image-142.png\" alt=\"\" class=\"wp-image-4495\" srcset=\"https:\/\/services.lib.uliege.be\/alma\/wp-content\/uploads\/2019\/04\/image-142.png 794w, https:\/\/services.lib.uliege.be\/alma\/wp-content\/uploads\/2019\/04\/image-142-300x241.png 300w, https:\/\/services.lib.uliege.be\/alma\/wp-content\/uploads\/2019\/04\/image-142-768x617.png 768w\" sizes=\"auto, (max-width: 794px) 100vw, 794px\" \/><\/figure>\n<\/div>\n\n\n<p>Cliquer sur le lien \u00ab\u00a0Demande de Pr\u00eat Interbiblioth\u00e8ques (PIB)\u00a0\u00bb ouvre un formulaire pr\u00e9-rempli o\u00f9 sont reprises les m\u00e9tadonn\u00e9es de l&rsquo;ouvrage si le type de demande est pour un \u00ab\u00a0Livre\u00a0\u00bb :<\/p>\n\n\n<div class=\"wp-block-image\">\n<figure class=\"aligncenter\"><img loading=\"lazy\" decoding=\"async\" width=\"823\" height=\"672\" src=\"https:\/\/services.lib.uliege.be\/alma\/wp-content\/uploads\/2019\/04\/image-143.png\" alt=\"\" class=\"wp-image-4497\" srcset=\"https:\/\/services.lib.uliege.be\/alma\/wp-content\/uploads\/2019\/04\/image-143.png 823w, https:\/\/services.lib.uliege.be\/alma\/wp-content\/uploads\/2019\/04\/image-143-300x245.png 300w, https:\/\/services.lib.uliege.be\/alma\/wp-content\/uploads\/2019\/04\/image-143-768x627.png 768w\" sizes=\"auto, (max-width: 823px) 100vw, 823px\" \/><\/figure>\n<\/div>\n\n\n<p>et les m\u00e9tadonn\u00e9es du chapitre si c\u2019est le type \u00ab\u00a0Article\/ Chapitre\u00a0\u00bb qui est s\u00e9lectionn\u00e9 :<\/p>\n\n\n<div class=\"wp-block-image\">\n<figure class=\"aligncenter\"><img loading=\"lazy\" decoding=\"async\" width=\"777\" height=\"546\" src=\"https:\/\/services.lib.uliege.be\/alma\/wp-content\/uploads\/2019\/04\/image-144.png\" alt=\"\" class=\"wp-image-4498\" srcset=\"https:\/\/services.lib.uliege.be\/alma\/wp-content\/uploads\/2019\/04\/image-144.png 777w, https:\/\/services.lib.uliege.be\/alma\/wp-content\/uploads\/2019\/04\/image-144-300x211.png 300w, https:\/\/services.lib.uliege.be\/alma\/wp-content\/uploads\/2019\/04\/image-144-768x540.png 768w\" sizes=\"auto, (max-width: 777px) 100vw, 777px\" \/><\/figure>\n<\/div>\n\n\n<p><\/p>\n","protected":false},"excerpt":{"rendered":"<p>En tant que r\u00e9solveur de liens, Alma permet d&rsquo;afficher des services (acc\u00e8s au texte int\u00e9gral, disponibilit\u00e9 physique, formulaire de demande PIB&#8230;) dans d&rsquo;autres sources que l&rsquo;environnement Alma\/Primo. Pour ce faire, Primo dispose d&rsquo;une Service Page qui est une vue d\u00e9di\u00e9e de Primo qui affiche ces services dans les environnements externes&#8230; <a href=\"https:\/\/services.lib.uliege.be\/alma\/primo-ve\/openurl-service-page\/\" class=\"readmore\">Lire l&#039;int\u00e9gralit\u00e9&#8230;<span class=\"screen-reader-text\">OpenURL Service Page<\/span><span class=\"fa fa-angle-double-right\" aria-hidden=\"true\"><\/span><\/a><\/p>\n","protected":false},"author":5,"featured_media":0,"parent":3133,"menu_order":7,"comment_status":"closed","ping_status":"closed","template":"","meta":{"jetpack_post_was_ever_published":false,"footnotes":""},"class_list":["post-3190","page","type-page","status-publish","hentry"],"jetpack_sharing_enabled":true,"jetpack_shortlink":"https:\/\/wp.me\/P7rJUv-Ps","_links":{"self":[{"href":"https:\/\/services.lib.uliege.be\/alma\/wp-json\/wp\/v2\/pages\/3190","targetHints":{"allow":["GET"]}}],"collection":[{"href":"https:\/\/services.lib.uliege.be\/alma\/wp-json\/wp\/v2\/pages"}],"about":[{"href":"https:\/\/services.lib.uliege.be\/alma\/wp-json\/wp\/v2\/types\/page"}],"author":[{"embeddable":true,"href":"https:\/\/services.lib.uliege.be\/alma\/wp-json\/wp\/v2\/users\/5"}],"replies":[{"embeddable":true,"href":"https:\/\/services.lib.uliege.be\/alma\/wp-json\/wp\/v2\/comments?post=3190"}],"version-history":[{"count":20,"href":"https:\/\/services.lib.uliege.be\/alma\/wp-json\/wp\/v2\/pages\/3190\/revisions"}],"predecessor-version":[{"id":6836,"href":"https:\/\/services.lib.uliege.be\/alma\/wp-json\/wp\/v2\/pages\/3190\/revisions\/6836"}],"up":[{"embeddable":true,"href":"https:\/\/services.lib.uliege.be\/alma\/wp-json\/wp\/v2\/pages\/3133"}],"wp:attachment":[{"href":"https:\/\/services.lib.uliege.be\/alma\/wp-json\/wp\/v2\/media?parent=3190"}],"curies":[{"name":"wp","href":"https:\/\/api.w.org\/{rel}","templated":true}]}}