{"id":3182,"date":"2019-02-28T16:56:30","date_gmt":"2019-02-28T15:56:30","guid":{"rendered":"https:\/\/app.lib.uliege.be\/alma\/?page_id=3182"},"modified":"2022-09-30T15:56:40","modified_gmt":"2022-09-30T13:56:40","slug":"export-send-to","status":"publish","type":"page","link":"https:\/\/services.lib.uliege.be\/alma\/primo-ve\/fonctionnalites-de-gestion\/export-send-to\/","title":{"rendered":"Export et envoi"},"content":{"rendered":"\n<p>Les contenus de Primo peuvent \u00eatre export\u00e9s et envoy\u00e9s vers des outils de gestion. Cela peut se faire d\u00e8s l\u2019affichage abr\u00e9g\u00e9 : les options permalien, envoi par email et ajout aux <a href=\"https:\/\/services.lib.uliege.be\/alma\/primo-ve\/fonctionnalites-de-gestion\/favoris\/\">favoris<\/a> sont affich\u00e9es.<\/p>\n\n\n<div class=\"wp-block-image\">\n<figure class=\"aligncenter size-large is-resized\"><img loading=\"lazy\" decoding=\"async\" src=\"https:\/\/services.lib.uliege.be\/alma\/wp-content\/uploads\/2020\/10\/image-30-1024x321.png\" alt=\"\" class=\"wp-image-5693\" width=\"671\" height=\"210\" srcset=\"https:\/\/services.lib.uliege.be\/alma\/wp-content\/uploads\/2020\/10\/image-30-1024x321.png 1024w, https:\/\/services.lib.uliege.be\/alma\/wp-content\/uploads\/2020\/10\/image-30-300x94.png 300w, https:\/\/services.lib.uliege.be\/alma\/wp-content\/uploads\/2020\/10\/image-30-768x241.png 768w, https:\/\/services.lib.uliege.be\/alma\/wp-content\/uploads\/2020\/10\/image-30.png 1027w\" sizes=\"auto, (max-width: 671px) 100vw, 671px\" \/><\/figure>\n<\/div>\n\n\n<p>Pour afficher toutes les actions d&rsquo;export, il suffit de cliquer sur les trois points <img loading=\"lazy\" decoding=\"async\" width=\"48\" height=\"17\" class=\"wp-image-4437\" src=\"https:\/\/services.lib.uliege.be\/alma\/wp-content\/uploads\/2019\/04\/image-126.png\" alt=\"\"> sur la droite.<\/p>\n\n\n\n<figure class=\"wp-block-image size-large\"><img loading=\"lazy\" decoding=\"async\" width=\"1024\" height=\"187\" src=\"https:\/\/services.lib.uliege.be\/alma\/wp-content\/uploads\/2022\/09\/image-13-1024x187.png\" alt=\"\" class=\"wp-image-6415\" srcset=\"https:\/\/services.lib.uliege.be\/alma\/wp-content\/uploads\/2022\/09\/image-13-1024x187.png 1024w, https:\/\/services.lib.uliege.be\/alma\/wp-content\/uploads\/2022\/09\/image-13-300x55.png 300w, https:\/\/services.lib.uliege.be\/alma\/wp-content\/uploads\/2022\/09\/image-13-768x140.png 768w, https:\/\/services.lib.uliege.be\/alma\/wp-content\/uploads\/2022\/09\/image-13.png 1312w\" sizes=\"auto, (max-width: 1024px) 100vw, 1024px\" \/><\/figure>\n\n\n\n<p>Les services sont \u00e9galement disponibles sur la page de l\u2019affichage complet :<\/p>\n\n\n<div class=\"wp-block-image\">\n<figure class=\"aligncenter size-large is-resized\"><img loading=\"lazy\" decoding=\"async\" src=\"https:\/\/services.lib.uliege.be\/alma\/wp-content\/uploads\/2022\/09\/image-14-1024x770.png\" alt=\"\" class=\"wp-image-6416\" width=\"751\" height=\"564\" srcset=\"https:\/\/services.lib.uliege.be\/alma\/wp-content\/uploads\/2022\/09\/image-14-1024x770.png 1024w, https:\/\/services.lib.uliege.be\/alma\/wp-content\/uploads\/2022\/09\/image-14-300x226.png 300w, https:\/\/services.lib.uliege.be\/alma\/wp-content\/uploads\/2022\/09\/image-14-768x578.png 768w, https:\/\/services.lib.uliege.be\/alma\/wp-content\/uploads\/2022\/09\/image-14.png 1029w\" sizes=\"auto, (max-width: 751px) 100vw, 751px\" \/><\/figure>\n<\/div>\n\n\n<p><strong>QR &#8211;<\/strong> Permet de partager une r\u00e9f\u00e9rence via un code QR<\/p>\n\n\n<div class=\"wp-block-image\">\n<figure class=\"aligncenter size-full is-resized\"><img loading=\"lazy\" decoding=\"async\" src=\"https:\/\/services.lib.uliege.be\/alma\/wp-content\/uploads\/2022\/09\/image-15.png\" alt=\"\" class=\"wp-image-6417\" width=\"502\" height=\"301\" srcset=\"https:\/\/services.lib.uliege.be\/alma\/wp-content\/uploads\/2022\/09\/image-15.png 753w, https:\/\/services.lib.uliege.be\/alma\/wp-content\/uploads\/2022\/09\/image-15-300x180.png 300w\" sizes=\"auto, (max-width: 502px) 100vw, 502px\" \/><\/figure>\n<\/div>\n\n\n<p>ou un r\u00e9sultat de recherche&#8230;<\/p>\n\n\n<div class=\"wp-block-image\">\n<figure class=\"aligncenter size-full\"><img loading=\"lazy\" decoding=\"async\" width=\"310\" height=\"49\" src=\"https:\/\/services.lib.uliege.be\/alma\/wp-content\/uploads\/2022\/09\/image-19.png\" alt=\"\" class=\"wp-image-6421\" srcset=\"https:\/\/services.lib.uliege.be\/alma\/wp-content\/uploads\/2022\/09\/image-19.png 310w, https:\/\/services.lib.uliege.be\/alma\/wp-content\/uploads\/2022\/09\/image-19-300x47.png 300w\" sizes=\"auto, (max-width: 310px) 100vw, 310px\" \/><\/figure>\n<\/div>\n\n\n<p><strong>RIS <\/strong>&#8211; Exporte la r\u00e9f\u00e9rence au format RIS et enregistre un fichier avec l&rsquo;extension <em>.ris<\/em>. Le RIS est un format standardis\u00e9 d\u00e9velopp\u00e9 par <em>Research Information Systems<\/em> (RIS) afin de permettre les \u00e9changes de donn\u00e9es de citations. Les gestionnaires de r\u00e9f\u00e9rences Zotero, Citavi, Mendeley et EndNote peuvent importer et exporter au format RIS.<\/p>\n\n\n\n<p>Pour exporter au format RIS, il faut au pr\u00e9alable s\u00e9lectionner le codage souhait\u00e9 (<a rel=\"noreferrer noopener\" aria-label=\" (opens in a new tab)\" href=\"https:\/\/fr.wikipedia.org\/wiki\/UTF-8\" target=\"_blank\">UTF-8<\/a>, <a rel=\"noreferrer noopener\" aria-label=\"ISO-8859-1 (opens in a new tab)\" href=\"https:\/\/fr.wikipedia.org\/wiki\/ISO\/CEI_8859-1\" target=\"_blank\">ISO-8859-1<\/a>, <a rel=\"noreferrer noopener\" aria-label=\" (opens in a new tab)\" href=\"https:\/\/fr.wikipedia.org\/wiki\/American_Standard_Code_for_Information_Interchange\" target=\"_blank\">US-ASCII<\/a> ou <a rel=\"noreferrer noopener\" aria-label=\"windows-1251 (opens in a new tab)\" href=\"https:\/\/en.wikipedia.org\/wiki\/Windows-1251\" target=\"_blank\">windows-1251<\/a>). L&rsquo;UTF-8 (fr\u00e9quemment utilis\u00e9) est s\u00e9lectionn\u00e9 par d\u00e9faut.<\/p>\n\n\n<div class=\"wp-block-image\">\n<figure class=\"aligncenter size-full is-resized\"><img loading=\"lazy\" decoding=\"async\" src=\"https:\/\/services.lib.uliege.be\/alma\/wp-content\/uploads\/2022\/09\/image-18.png\" alt=\"\" class=\"wp-image-6420\" width=\"552\" height=\"231\" srcset=\"https:\/\/services.lib.uliege.be\/alma\/wp-content\/uploads\/2022\/09\/image-18.png 640w, https:\/\/services.lib.uliege.be\/alma\/wp-content\/uploads\/2022\/09\/image-18-300x126.png 300w\" sizes=\"auto, (max-width: 552px) 100vw, 552px\" \/><\/figure>\n<\/div>\n\n\n<p><strong>BibTex <\/strong>&#8211;  Exporte la r\u00e9f\u00e9rence au format BibTex et enregistre un fichier avec l&rsquo;extension <em>.bib<\/em> afin d&rsquo;\u00eatre exploit\u00e9 par le logiciel de gestion de r\u00e9f\u00e9rences bibliographiques BibTex.<\/p>\n\n\n<div class=\"wp-block-image\">\n<figure class=\"aligncenter size-full is-resized\"><img loading=\"lazy\" decoding=\"async\" src=\"https:\/\/services.lib.uliege.be\/alma\/wp-content\/uploads\/2022\/09\/image-17.png\" alt=\"\" class=\"wp-image-6419\" width=\"570\" height=\"229\" srcset=\"https:\/\/services.lib.uliege.be\/alma\/wp-content\/uploads\/2022\/09\/image-17.png 652w, https:\/\/services.lib.uliege.be\/alma\/wp-content\/uploads\/2022\/09\/image-17-300x121.png 300w\" sizes=\"auto, (max-width: 570px) 100vw, 570px\" \/><\/figure>\n<\/div>\n\n\n<p>Pour exporter pour BibTex, il faut au pr\u00e9alable s\u00e9lectionner le codage souhait\u00e9 (<a rel=\"noreferrer noopener\" href=\"https:\/\/fr.wikipedia.org\/wiki\/UTF-8\" target=\"_blank\">UTF-8<\/a>, <a rel=\"noreferrer noopener\" href=\"https:\/\/fr.wikipedia.org\/wiki\/ISO\/CEI_8859-1\" target=\"_blank\">ISO-8859-1<\/a>, <a rel=\"noreferrer noopener\" href=\"https:\/\/fr.wikipedia.org\/wiki\/American_Standard_Code_for_Information_Interchange\" target=\"_blank\">US-ASCII<\/a> ou <a rel=\"noreferrer noopener\" href=\"https:\/\/en.wikipedia.org\/wiki\/Windows-1251\" target=\"_blank\">windows-1251<\/a>). L&rsquo;UTF-8 (fr\u00e9quemment utilis\u00e9) est s\u00e9lectionn\u00e9 par d\u00e9faut. <\/p>\n\n\n\n<p><\/p>\n\n\n\n<p><strong>Mendeley<\/strong> &#8211; Exporte la r\u00e9f\u00e9rence au format RIS et enregistre directement la r\u00e9f\u00e9rence vers l&rsquo;outil de gestion Mendeley.<\/p>\n\n\n\n<div style=\"background-color: #FFF2AF; margin: 0 auto; max-width: 90%; padding: 9px; border: 1px solid #DDD;\"><u>Remarque<\/u> : Les actions d&rsquo;export et d&rsquo;enregistrement vers <strong>EasyBib<\/strong> et <strong>RefWorks<\/strong> sont \u00e9galement possibles, mais n&rsquo;ont pas \u00e9t\u00e9 activ\u00e9es.<\/div>\n\n\n\n<p><strong>Excel <\/strong>&#8211; Exporte une r\u00e9f\u00e9rence en Excel (format xlsx ou csv).<br>Tous les champs possibles de la section D\u00e9tails sont export\u00e9s. Les valeurs multiples (auteurs, sujets, identifiants\u2026) s\u00e9par\u00e9es par un point-virgule.<\/p>\n\n\n<div class=\"wp-block-image\">\n<figure class=\"aligncenter size-full is-resized\"><img loading=\"lazy\" decoding=\"async\" src=\"https:\/\/services.lib.uliege.be\/alma\/wp-content\/uploads\/2022\/09\/image-20.png\" alt=\"\" class=\"wp-image-6422\" width=\"533\" height=\"222\" srcset=\"https:\/\/services.lib.uliege.be\/alma\/wp-content\/uploads\/2022\/09\/image-20.png 766w, https:\/\/services.lib.uliege.be\/alma\/wp-content\/uploads\/2022\/09\/image-20-300x125.png 300w\" sizes=\"auto, (max-width: 533px) 100vw, 533px\" \/><\/figure>\n<\/div>\n\n\n<p>ou exporte un r\u00e9sultat de recherche<\/p>\n\n\n\n<p class=\"has-text-align-center\"><img decoding=\"async\" width=\"895px;\" height=\"430px;\" src=\"https:\/\/lh6.googleusercontent.com\/rSVf_6j-NzNHuyxQiRMLNx9qA6ybm9KW7uQGkAqBS0vJT3Wxcewz28wnxtpV-bMe6n17F-MxiH8cV_cMhj9o-XcF57gCprdgxuMAyN0ZiDSImsGrA_cHy2_9fz8oy-422SpUyV_OV6-z4N3gkr8ennDu-jhYGGeQzEY9qMBRXTcXaPN8t_8_xNTor8A\"><\/p>\n\n\n\n<p><\/p>\n\n\n\n<p><strong>Citation<\/strong> &#8211; Cr\u00e9e une citation bibliographique dans un style d\u00e9fini et permet de la copier. <\/p>\n\n\n<div class=\"wp-block-image\">\n<figure class=\"aligncenter\"><img loading=\"lazy\" decoding=\"async\" width=\"993\" height=\"499\" src=\"https:\/\/services.lib.uliege.be\/alma\/wp-content\/uploads\/2019\/04\/image-131.png\" alt=\"\" class=\"wp-image-4460\" srcset=\"https:\/\/services.lib.uliege.be\/alma\/wp-content\/uploads\/2019\/04\/image-131.png 993w, https:\/\/services.lib.uliege.be\/alma\/wp-content\/uploads\/2019\/04\/image-131-300x151.png 300w, https:\/\/services.lib.uliege.be\/alma\/wp-content\/uploads\/2019\/04\/image-131-768x386.png 768w\" sizes=\"auto, (max-width: 993px) 100vw, 993px\" \/><\/figure>\n<\/div>\n\n\n<p>Les citations peuvent \u00eatre incompl\u00e8tes (cela d\u00e9pend des donn\u00e9es interpr\u00e9t\u00e9es), il convient donc de s&rsquo;assurer de leur exactitude.<\/p>\n\n\n\n<p>S&rsquo;il s&rsquo;av\u00e8re que des styles utilis\u00e9s ou recommand\u00e9s \u00e0 l&rsquo;ULi\u00e8ge manquent, il peuvent \u00eatre ajout\u00e9s \u00e0 la liste propos\u00e9e s&rsquo;ils ont \u00e9t\u00e9 ajout\u00e9s dans le r\u00e9pertoire officiel <em>Citation Style Language<\/em> (CSL) sur GitHub : <a rel=\"noreferrer noopener\" aria-label=\"https:\/\/github.com\/citation-style-language\/styles (opens in a new tab)\" href=\"https:\/\/github.com\/citation-style-language\/styles\" target=\"_blank\">https:\/\/github.com\/citation-style-language\/styles<\/a>.<\/p>\n\n\n\n<p><strong>Imprimer <\/strong>&#8211; Imprime le d\u00e9tail bibliographique d&rsquo;une r\u00e9f\u00e9rence ainsi que ses \u00e9ventuelles informations de localisation physique et de disponibilit\u00e9. <\/p>\n\n\n\n<p><strong>Permalien <\/strong>&#8211; Cr\u00e9e un permalien pour la r\u00e9f\u00e9rence.<\/p>\n\n\n\n<figure class=\"wp-block-image size-large\"><img loading=\"lazy\" decoding=\"async\" width=\"1024\" height=\"287\" src=\"https:\/\/services.lib.uliege.be\/alma\/wp-content\/uploads\/2020\/10\/image-35-1024x287.png\" alt=\"\" class=\"wp-image-5700\" srcset=\"https:\/\/services.lib.uliege.be\/alma\/wp-content\/uploads\/2020\/10\/image-35-1024x287.png 1024w, https:\/\/services.lib.uliege.be\/alma\/wp-content\/uploads\/2020\/10\/image-35-300x84.png 300w, https:\/\/services.lib.uliege.be\/alma\/wp-content\/uploads\/2020\/10\/image-35-768x216.png 768w, https:\/\/services.lib.uliege.be\/alma\/wp-content\/uploads\/2020\/10\/image-35.png 1058w\" sizes=\"auto, (max-width: 1024px) 100vw, 1024px\" \/><\/figure>\n\n\n\n<p><strong>Courriel <\/strong>&#8211; Envoie le d\u00e9tail bibliographique d&rsquo;une r\u00e9f\u00e9rence ainsi que ses \u00e9ventuelles informations de localisation physique et de disponibilit\u00e9 vers une adresse e-mail. <\/p>\n\n\n<div class=\"wp-block-image\">\n<figure class=\"aligncenter\"><img loading=\"lazy\" decoding=\"async\" width=\"996\" height=\"613\" src=\"https:\/\/services.lib.uliege.be\/alma\/wp-content\/uploads\/2019\/04\/image-133.png\" alt=\"\" class=\"wp-image-4465\" srcset=\"https:\/\/services.lib.uliege.be\/alma\/wp-content\/uploads\/2019\/04\/image-133.png 996w, https:\/\/services.lib.uliege.be\/alma\/wp-content\/uploads\/2019\/04\/image-133-300x185.png 300w, https:\/\/services.lib.uliege.be\/alma\/wp-content\/uploads\/2019\/04\/image-133-768x473.png 768w\" sizes=\"auto, (max-width: 996px) 100vw, 996px\" \/><\/figure>\n<\/div>\n\n\n<div style=\"background-color: #FFF2AF; margin: 0 auto; max-width: 90%; padding: 6px; border: 1px solid #DDD;\"><u>Remarques<\/u> : \n<ul>\n<li>Le sujet du mail ne peut pas \u00eatre modifi\u00e9.<\/li>\n<li>Un seul destinataire est autoris\u00e9.<\/li>\n<li>La note n&rsquo;est accessible qu&rsquo;aux utilisateurs identifi\u00e9s.<\/li>\n<li>Les balises HTML et les liens hypertextes ne sont pas support\u00e9s dans les notes.<\/li>\n<\/ul><\/div>\n\n\n\n<p>&nbsp;<\/p>\n","protected":false},"excerpt":{"rendered":"<p>Les contenus de Primo peuvent \u00eatre export\u00e9s et envoy\u00e9s vers des outils de gestion. Cela peut se faire d\u00e8s l\u2019affichage abr\u00e9g\u00e9 : les options permalien, envoi par email et ajout aux favoris sont affich\u00e9es. Pour afficher toutes les actions d&rsquo;export, il suffit de cliquer sur les trois points sur la&#8230; <a href=\"https:\/\/services.lib.uliege.be\/alma\/primo-ve\/fonctionnalites-de-gestion\/export-send-to\/\" class=\"readmore\">Lire l&#039;int\u00e9gralit\u00e9&#8230;<span class=\"screen-reader-text\">Export et envoi<\/span><span class=\"fa fa-angle-double-right\" aria-hidden=\"true\"><\/span><\/a><\/p>\n","protected":false},"author":5,"featured_media":0,"parent":3176,"menu_order":4,"comment_status":"closed","ping_status":"closed","template":"","meta":{"jetpack_post_was_ever_published":false,"footnotes":""},"class_list":["post-3182","page","type-page","status-publish","hentry"],"jetpack_sharing_enabled":true,"jetpack_shortlink":"https:\/\/wp.me\/P7rJUv-Pk","_links":{"self":[{"href":"https:\/\/services.lib.uliege.be\/alma\/wp-json\/wp\/v2\/pages\/3182","targetHints":{"allow":["GET"]}}],"collection":[{"href":"https:\/\/services.lib.uliege.be\/alma\/wp-json\/wp\/v2\/pages"}],"about":[{"href":"https:\/\/services.lib.uliege.be\/alma\/wp-json\/wp\/v2\/types\/page"}],"author":[{"embeddable":true,"href":"https:\/\/services.lib.uliege.be\/alma\/wp-json\/wp\/v2\/users\/5"}],"replies":[{"embeddable":true,"href":"https:\/\/services.lib.uliege.be\/alma\/wp-json\/wp\/v2\/comments?post=3182"}],"version-history":[{"count":17,"href":"https:\/\/services.lib.uliege.be\/alma\/wp-json\/wp\/v2\/pages\/3182\/revisions"}],"predecessor-version":[{"id":6423,"href":"https:\/\/services.lib.uliege.be\/alma\/wp-json\/wp\/v2\/pages\/3182\/revisions\/6423"}],"up":[{"embeddable":true,"href":"https:\/\/services.lib.uliege.be\/alma\/wp-json\/wp\/v2\/pages\/3176"}],"wp:attachment":[{"href":"https:\/\/services.lib.uliege.be\/alma\/wp-json\/wp\/v2\/media?parent=3182"}],"curies":[{"name":"wp","href":"https:\/\/api.w.org\/{rel}","templated":true}]}}