{"id":3180,"date":"2019-02-28T16:55:46","date_gmt":"2019-02-28T15:55:46","guid":{"rendered":"https:\/\/app.lib.uliege.be\/alma\/?page_id=3180"},"modified":"2019-05-02T08:24:25","modified_gmt":"2019-05-02T06:24:25","slug":"favoris","status":"publish","type":"page","link":"https:\/\/services.lib.uliege.be\/alma\/primo-ve\/fonctionnalites-de-gestion\/favoris\/","title":{"rendered":"Favoris"},"content":{"rendered":"\n<p>La fonctionnalit\u00e9 des Favoris, \u00e0 laquelle on acc\u00e8de en cliquant sur le bouton <img loading=\"lazy\" decoding=\"async\" width=\"30\" height=\"29\" src=\"https:\/\/services.lib.uliege.be\/alma\/wp-content\/uploads\/2019\/03\/image-45.png\" alt=\"\" class=\"wp-image-3568\">, se compose de trois parties&nbsp;:<\/p>\n\n\n\n<ul class=\"wp-block-list\"><li><strong>R\u00e9f\u00e9rences enregistr\u00e9es<\/strong> &#8211; Cet onglet affiche la liste des r\u00e9f\u00e9rences enregistr\u00e9es et vous permet de les g\u00e9rer. Vous avez en outre la possibilit\u00e9 de les exporter individuellement ou en groupes, dans diff\u00e9rents formats, vers des syst\u00e8mes de gestion de r\u00e9f\u00e9rences ou d&rsquo;autres supports. Voir la page \u00ab\u00a0<a href=\"https:\/\/services.lib.uliege.be\/alma\/primo-ve\/fonctionnalites-de-gestion\/favoris\/enregistrer-et-gerer-des-references\/\">R\u00e9f\u00e9rences<\/a>\u00ab\u00a0<\/li><li><strong>Recherches enregistr\u00e9es<\/strong> &#8211; Cet onglet vous donne acc\u00e8s \u00e0 vos recherches sauvegard\u00e9es et vous permet de les g\u00e9rer (gestion d&rsquo;alertes email et de flux RSS). Cet onglet ne s&rsquo;affiche que si vous \u00eates identifi\u00e9. Voir la page \u00ab\u00a0<a href=\"https:\/\/services.lib.uliege.be\/alma\/primo-ve\/fonctionnalites-de-gestion\/favoris\/enregistrer-et-gerer-des-recherches-et-alertes\/\">Recherches et alertes<\/a>\u00ab\u00a0.<\/li><li><strong>Historique de recherche<\/strong> &#8211; Cet  onglet vous montre l&rsquo;historique de recherche de votre session actuelle. Si besoin, vous pouvez enregistrer des recherches pour les conserver et \u00e9ventuellement cr\u00e9er des alertes.<\/li><\/ul>\n\n\n\n<div class=\"wp-block-image\"><figure class=\"aligncenter\"><img loading=\"lazy\" decoding=\"async\" width=\"1019\" height=\"804\" src=\"https:\/\/services.lib.uliege.be\/alma\/wp-content\/uploads\/2019\/04\/MesFavoris.jpg\" alt=\"\" class=\"wp-image-3870\" srcset=\"https:\/\/services.lib.uliege.be\/alma\/wp-content\/uploads\/2019\/04\/MesFavoris.jpg 1019w, https:\/\/services.lib.uliege.be\/alma\/wp-content\/uploads\/2019\/04\/MesFavoris-300x237.jpg 300w, https:\/\/services.lib.uliege.be\/alma\/wp-content\/uploads\/2019\/04\/MesFavoris-768x606.jpg 768w\" sizes=\"auto, (max-width: 1019px) 100vw, 1019px\" \/><\/figure><\/div>\n","protected":false},"excerpt":{"rendered":"<p>La fonctionnalit\u00e9 des Favoris, \u00e0 laquelle on acc\u00e8de en cliquant sur le bouton , se compose de trois parties&nbsp;: R\u00e9f\u00e9rences enregistr\u00e9es &#8211; Cet onglet affiche la liste des r\u00e9f\u00e9rences enregistr\u00e9es et vous permet de les g\u00e9rer. Vous avez en outre la possibilit\u00e9 de les exporter individuellement ou en groupes, dans&#8230; <a href=\"https:\/\/services.lib.uliege.be\/alma\/primo-ve\/fonctionnalites-de-gestion\/favoris\/\" class=\"readmore\">Lire l&#039;int\u00e9gralit\u00e9&#8230;<span class=\"screen-reader-text\">Favoris<\/span><span class=\"fa fa-angle-double-right\" aria-hidden=\"true\"><\/span><\/a><\/p>\n","protected":false},"author":5,"featured_media":0,"parent":3176,"menu_order":2,"comment_status":"closed","ping_status":"closed","template":"","meta":{"jetpack_post_was_ever_published":false,"footnotes":""},"class_list":["post-3180","page","type-page","status-publish","hentry"],"jetpack_sharing_enabled":true,"jetpack_shortlink":"https:\/\/wp.me\/P7rJUv-Pi","_links":{"self":[{"href":"https:\/\/services.lib.uliege.be\/alma\/wp-json\/wp\/v2\/pages\/3180","targetHints":{"allow":["GET"]}}],"collection":[{"href":"https:\/\/services.lib.uliege.be\/alma\/wp-json\/wp\/v2\/pages"}],"about":[{"href":"https:\/\/services.lib.uliege.be\/alma\/wp-json\/wp\/v2\/types\/page"}],"author":[{"embeddable":true,"href":"https:\/\/services.lib.uliege.be\/alma\/wp-json\/wp\/v2\/users\/5"}],"replies":[{"embeddable":true,"href":"https:\/\/services.lib.uliege.be\/alma\/wp-json\/wp\/v2\/comments?post=3180"}],"version-history":[{"count":8,"href":"https:\/\/services.lib.uliege.be\/alma\/wp-json\/wp\/v2\/pages\/3180\/revisions"}],"predecessor-version":[{"id":4770,"href":"https:\/\/services.lib.uliege.be\/alma\/wp-json\/wp\/v2\/pages\/3180\/revisions\/4770"}],"up":[{"embeddable":true,"href":"https:\/\/services.lib.uliege.be\/alma\/wp-json\/wp\/v2\/pages\/3176"}],"wp:attachment":[{"href":"https:\/\/services.lib.uliege.be\/alma\/wp-json\/wp\/v2\/media?parent=3180"}],"curies":[{"name":"wp","href":"https:\/\/api.w.org\/{rel}","templated":true}]}}