{"id":3176,"date":"2019-02-28T16:54:46","date_gmt":"2019-02-28T15:54:46","guid":{"rendered":"https:\/\/app.lib.uliege.be\/alma\/?page_id=3176"},"modified":"2024-11-26T12:06:23","modified_gmt":"2024-11-26T11:06:23","slug":"fonctionnalites-de-gestion","status":"publish","type":"page","link":"https:\/\/services.lib.uliege.be\/alma\/primo-ve\/fonctionnalites-de-gestion\/","title":{"rendered":"Fonctionnalit\u00e9s de gestion"},"content":{"rendered":"\n<p>Les possibilit\u00e9s de gestion des r\u00e9sultats et des services se d\u00e9clinent en 4 rubriques :<\/p>\n\n\n\n<ol class=\"wp-block-list\">\n<li>la cr\u00e9ation et la gestion de <a href=\"https:\/\/services.lib.uliege.be\/alma\/primo-ve\/fonctionnalites-de-gestion\/favoris\/\">Favoris<\/a>\n<ul class=\"wp-block-list\">\n<li>pour des <a href=\"https:\/\/services.lib.uliege.be\/alma\/primo-ve\/fonctionnalites-de-gestion\/favoris\/enregistrer-et-gerer-des-references\/\">r\u00e9f\u00e9rences<\/a> ou <\/li>\n\n\n\n<li>des <a href=\"https:\/\/services.lib.uliege.be\/alma\/primo-ve\/fonctionnalites-de-gestion\/favoris\/enregistrer-et-gerer-des-recherches-et-alertes\/\">recherches sauvegard\u00e9es et alertes<\/a> ;<\/li>\n<\/ul>\n<\/li>\n\n\n\n<li>la gestion du compte lecteur <a href=\"https:\/\/services.lib.uliege.be\/alma\/primo-ve\/fonctionnalites-de-gestion\/mylibrary\/\">MyLibrary<\/a> ;<\/li>\n\n\n\n<li>les options <a href=\"https:\/\/services.lib.uliege.be\/alma\/primo-ve\/fonctionnalites-de-gestion\/export-send-to\/\">Export et envoi<\/a> de r\u00e9f\u00e9rences <\/li>\n<\/ol>\n","protected":false},"excerpt":{"rendered":"<p>Les possibilit\u00e9s de gestion des r\u00e9sultats et des services se d\u00e9clinent en 4 rubriques :<\/p>\n","protected":false},"author":5,"featured_media":0,"parent":3133,"menu_order":5,"comment_status":"closed","ping_status":"closed","template":"","meta":{"jetpack_post_was_ever_published":false,"footnotes":""},"class_list":["post-3176","page","type-page","status-publish","hentry"],"jetpack_sharing_enabled":true,"jetpack_shortlink":"https:\/\/wp.me\/P7rJUv-Pe","_links":{"self":[{"href":"https:\/\/services.lib.uliege.be\/alma\/wp-json\/wp\/v2\/pages\/3176","targetHints":{"allow":["GET"]}}],"collection":[{"href":"https:\/\/services.lib.uliege.be\/alma\/wp-json\/wp\/v2\/pages"}],"about":[{"href":"https:\/\/services.lib.uliege.be\/alma\/wp-json\/wp\/v2\/types\/page"}],"author":[{"embeddable":true,"href":"https:\/\/services.lib.uliege.be\/alma\/wp-json\/wp\/v2\/users\/5"}],"replies":[{"embeddable":true,"href":"https:\/\/services.lib.uliege.be\/alma\/wp-json\/wp\/v2\/comments?post=3176"}],"version-history":[{"count":4,"href":"https:\/\/services.lib.uliege.be\/alma\/wp-json\/wp\/v2\/pages\/3176\/revisions"}],"predecessor-version":[{"id":6835,"href":"https:\/\/services.lib.uliege.be\/alma\/wp-json\/wp\/v2\/pages\/3176\/revisions\/6835"}],"up":[{"embeddable":true,"href":"https:\/\/services.lib.uliege.be\/alma\/wp-json\/wp\/v2\/pages\/3133"}],"wp:attachment":[{"href":"https:\/\/services.lib.uliege.be\/alma\/wp-json\/wp\/v2\/media?parent=3176"}],"curies":[{"name":"wp","href":"https:\/\/api.w.org\/{rel}","templated":true}]}}