{"id":3174,"date":"2019-02-28T16:54:17","date_gmt":"2019-02-28T15:54:17","guid":{"rendered":"https:\/\/app.lib.uliege.be\/alma\/?page_id=3174"},"modified":"2026-01-26T09:45:18","modified_gmt":"2026-01-26T08:45:18","slug":"resource-recommender","status":"publish","type":"page","link":"https:\/\/services.lib.uliege.be\/alma\/primo-ve\/affichage-et-navigation\/resource-recommender\/","title":{"rendered":"Resource Recommender"},"content":{"rendered":"\n<p>Le Resource Recommender est une fonctionnalit\u00e9 de Primo qui permet de mettre en \u00e9vidence certaines ressources particuli\u00e8res sur base des recherches effectu\u00e9es.<\/p>\n\n\n<div class=\"wp-block-image\">\n<figure class=\"aligncenter is-resized\"><img loading=\"lazy\" decoding=\"async\" width=\"1024\" height=\"564\" src=\"https:\/\/services.lib.uliege.be\/alma\/wp-content\/uploads\/2019\/03\/ResourceRecommender_histoire-architecture-2-1024x564.jpg\" alt=\"\" class=\"wp-image-3531\" style=\"width:768px;height:423px\" srcset=\"https:\/\/services.lib.uliege.be\/alma\/wp-content\/uploads\/2019\/03\/ResourceRecommender_histoire-architecture-2-1024x564.jpg 1024w, https:\/\/services.lib.uliege.be\/alma\/wp-content\/uploads\/2019\/03\/ResourceRecommender_histoire-architecture-2-300x165.jpg 300w, https:\/\/services.lib.uliege.be\/alma\/wp-content\/uploads\/2019\/03\/ResourceRecommender_histoire-architecture-2-768x423.jpg 768w, https:\/\/services.lib.uliege.be\/alma\/wp-content\/uploads\/2019\/03\/ResourceRecommender_histoire-architecture-2.jpg 1053w\" sizes=\"auto, (max-width: 1024px) 100vw, 1024px\" \/><figcaption class=\"wp-element-caption\"> <em>Exemple 1 avec une recherche sur <\/em>histoire de l&rsquo;architecture <\/figcaption><\/figure>\n<\/div>\n\n<div class=\"wp-block-image\">\n<figure class=\"aligncenter is-resized\"><img loading=\"lazy\" decoding=\"async\" width=\"880\" height=\"510\" src=\"https:\/\/services.lib.uliege.be\/alma\/wp-content\/uploads\/2019\/03\/ResourceRecommender_infolit-1.jpg\" alt=\"\" class=\"wp-image-3509\" style=\"width:660px;height:383px\" srcset=\"https:\/\/services.lib.uliege.be\/alma\/wp-content\/uploads\/2019\/03\/ResourceRecommender_infolit-1.jpg 880w, https:\/\/services.lib.uliege.be\/alma\/wp-content\/uploads\/2019\/03\/ResourceRecommender_infolit-1-300x174.jpg 300w, https:\/\/services.lib.uliege.be\/alma\/wp-content\/uploads\/2019\/03\/ResourceRecommender_infolit-1-768x445.jpg 768w\" sizes=\"auto, (max-width: 880px) 100vw, 880px\" \/><figcaption class=\"wp-element-caption\"><em>Exemple 2 avec une recherche sur <\/em>information literacy<\/figcaption><\/figure>\n<\/div>\n\n\n<p>Plusieurs types de ressources peuvent \u00eatre affich\u00e9s :<\/p>\n\n\n\n<ol class=\"wp-block-list\">\n<li><strong>Bases de donn\u00e9es<\/strong> &#8211; <em>affich\u00e9es sur la gauche<\/em><\/li>\n\n\n\n<li><strong>Sites web<\/strong> &#8211; <em>affich\u00e9s sur la gauche [encore aucun cr\u00e9\u00e9]<\/em><\/li>\n\n\n\n<li><strong>Scientifiques et r\u00e9f\u00e9rents de ULi\u00e8ge Library<\/strong> &#8211; <em>affich\u00e9s sur la droite<\/em><\/li>\n\n\n\n<li><strong>Pages d&rsquo;information des implantations<\/strong> &#8211; <em>affich\u00e9es sur la droite<\/em><\/li>\n\n\n\n<li><strong>LibGuides<\/strong> &#8211; <em>affich\u00e9s sur la droite<\/em> <em>[encore aucun cr\u00e9\u00e9]<\/em> <\/li>\n<\/ol>\n\n\n\n<p>Il est en outre possible d&rsquo;ajouter 3 autres types de contenu (CUSTOM1, CUSTOM2 et CUSTOM3), au choix de ULi\u00e8ge Library. Le CUSTOM2 est ainsi utilis\u00e9 pour mettre en \u00e9vidence des ressources diverses:<\/p>\n\n\n\n<ul class=\"wp-block-list\">\n<li>Compass to Publish<\/li>\n\n\n\n<li>Covidence<\/li>\n\n\n\n<li>DMPOnline<\/li>\n\n\n\n<li>La page du r\u00e8glement de ULi\u00e8ge Library<\/li>\n\n\n\n<li>le catalogue Scribe<\/li>\n\n\n\n<li>la page du VPN<\/li>\n<\/ul>\n\n\n\n<p>Un maximum de 3 ressources est affich\u00e9. S&rsquo;il y en a plus, le syst\u00e8me propose un lien \u00ab\u00a0Voir les X ressources sugg\u00e9r\u00e9es\u00a0\u00bb en bas \u00e0 droite&#8230;<\/p>\n\n\n<div class=\"wp-block-image\">\n<figure class=\"aligncenter is-resized\"><img loading=\"lazy\" decoding=\"async\" width=\"1024\" height=\"252\" src=\"https:\/\/services.lib.uliege.be\/alma\/wp-content\/uploads\/2019\/03\/ResourceRecommender_VoirlesXsuggestions-1024x252.jpg\" alt=\"\" class=\"wp-image-3513\" style=\"width:768px;height:189px\" srcset=\"https:\/\/services.lib.uliege.be\/alma\/wp-content\/uploads\/2019\/03\/ResourceRecommender_VoirlesXsuggestions-1024x252.jpg 1024w, https:\/\/services.lib.uliege.be\/alma\/wp-content\/uploads\/2019\/03\/ResourceRecommender_VoirlesXsuggestions-300x74.jpg 300w, https:\/\/services.lib.uliege.be\/alma\/wp-content\/uploads\/2019\/03\/ResourceRecommender_VoirlesXsuggestions-768x189.jpg 768w, https:\/\/services.lib.uliege.be\/alma\/wp-content\/uploads\/2019\/03\/ResourceRecommender_VoirlesXsuggestions.jpg 1164w\" sizes=\"auto, (max-width: 1024px) 100vw, 1024px\" \/><\/figure>\n<\/div>\n\n\n<p>&#8230;qui ouvre une nouvelle fen\u00eatre avec l&rsquo;ensemble des ressources sugg\u00e9r\u00e9es :<\/p>\n\n\n<div class=\"wp-block-image\">\n<figure class=\"aligncenter is-resized\"><img loading=\"lazy\" decoding=\"async\" width=\"985\" height=\"675\" src=\"https:\/\/services.lib.uliege.be\/alma\/wp-content\/uploads\/2019\/03\/ResourceRecommender_VoirlesXsuggestions_Detail.jpg\" alt=\"\" class=\"wp-image-3515\" style=\"width:739px;height:506px\" srcset=\"https:\/\/services.lib.uliege.be\/alma\/wp-content\/uploads\/2019\/03\/ResourceRecommender_VoirlesXsuggestions_Detail.jpg 985w, https:\/\/services.lib.uliege.be\/alma\/wp-content\/uploads\/2019\/03\/ResourceRecommender_VoirlesXsuggestions_Detail-300x206.jpg 300w, https:\/\/services.lib.uliege.be\/alma\/wp-content\/uploads\/2019\/03\/ResourceRecommender_VoirlesXsuggestions_Detail-768x526.jpg 768w\" sizes=\"auto, (max-width: 985px) 100vw, 985px\" \/><\/figure>\n<\/div>\n\n\n<h3 class=\"wp-block-heading\">Gestion et mise \u00e0 jour<\/h3>\n\n\n\n<p>Pour le Resource Recommender, les bases de donn\u00e9es sont g\u00e9r\u00e9es dans Alma (donn\u00e9es bibliographiques, donn\u00e9es de linking). Les autres types sont int\u00e9gralement g\u00e9r\u00e9s au niveau de l&rsquo;outil du Resource Recommender.<\/p>\n\n\n\n<p>Pour ajouter de nouvelles ressources ou faire mettre \u00e0 jour des informations du Resource Recommender, merci de vous adresser aux administrateurs Alma\/Primo.<\/p>\n\n\n\n<p>En cas d&rsquo;ajout, transmettez n\u00e9cessairement les informations suivantes :<\/p>\n\n\n\n<ol class=\"wp-block-list\">\n<li>le nom de la ressource <\/li>\n\n\n\n<li>une description en fran\u00e7ais et en anglais (de +\/- 100 caract\u00e8res chacune, espaces compris)<\/li>\n\n\n\n<li>des mots-cl\u00e9s en fran\u00e7ais et en anglais, s\u00e9par\u00e9s par un point-virgule (max. 3.000 caract\u00e8res)<\/li>\n\n\n\n<li>le lien vers la ressource<\/li>\n<\/ol>\n\n\n\n<p>Le cas \u00e9ch\u00e9ant, une ic\u00f4ne peut \u00e9galement \u00eatre fournie, elle sera affich\u00e9e dans les r\u00e9sultats.<\/p>\n\n\n<div class=\"wp-block-image\">\n<figure class=\"aligncenter is-resized\"><img decoding=\"async\" src=\"https:\/\/services.lib.uliege.be\/alma\/wp-content\/uploads\/2019\/03\/ResourceRecommender_AddResource.jpg\" alt=\"\" class=\"wp-image-3523\" style=\"width:641px;height:401px\"\/><\/figure>\n<\/div>\n\n\n<h3 class=\"wp-block-heading\">Contenus du Resource Recommender<\/h3>\n\n\n\n<ul class=\"wp-block-list\">\n<li><a href=\"https:\/\/docs.google.com\/spreadsheets\/d\/1hKS0LSTkwZGeorGyac83h96nVhWSlQvciC7KxeVG8H4\/edit?usp=sharing\" target=\"_blank\" rel=\"noreferrer noopener\">Bases de donn\u00e9es<\/a><\/li>\n\n\n\n<li><a href=\"https:\/\/docs.google.com\/spreadsheets\/d\/1phO1xEAbwjgdU5PctIr4b8ddUrIswxmh4eAteFKdOZ8\/edit?usp=sharing\" target=\"_blank\" rel=\"noreferrer noopener\">Ressources diverses<\/a><\/li>\n\n\n\n<li><a href=\"https:\/\/docs.google.com\/spreadsheets\/d\/18CMMoeWwdUKln-5Gbpnpo1EMobW1ubODmTTbi6BgIcc\/edit?usp=sharing\" target=\"_blank\" rel=\"noreferrer noopener\">Scientifiques et r\u00e9f\u00e9rents de ULi\u00e8ge Library<\/a><\/li>\n\n\n\n<li><a href=\"https:\/\/docs.google.com\/spreadsheets\/d\/15vB7W_H4FUKhrJLq1IXD7EGNVm4XAjyIXMCphyJF7as\/edit?usp=sharing\" target=\"_blank\" rel=\"noreferrer noopener\">Implantations ULi\u00e8ge Library<\/a><\/li>\n<\/ul>\n\n\n\n<h3 class=\"wp-block-heading\">Documentation Ex Libris<\/h3>\n\n\n\n<ul class=\"wp-block-list\">\n<li><a href=\"https:\/\/knowledge.exlibrisgroup.com\/Primo\/Product_Documentation\/020Primo_VE\/Primo_VE_(English)\/120Other_Configurations\/010Resource_Recommender_for_Primo_VE\" target=\"_blank\" rel=\"noreferrer noopener\">Resource Recommender for Primo VE<\/a><\/li>\n<\/ul>\n","protected":false},"excerpt":{"rendered":"<p>Le Resource Recommender est une fonctionnalit\u00e9 de Primo qui permet de mettre en \u00e9vidence certaines ressources particuli\u00e8res sur base des recherches effectu\u00e9es. Plusieurs types de ressources peuvent \u00eatre affich\u00e9s : Il est en outre possible d&rsquo;ajouter 3 autres types de contenu (CUSTOM1, CUSTOM2 et CUSTOM3), au choix de ULi\u00e8ge Library&#8230;. <a href=\"https:\/\/services.lib.uliege.be\/alma\/primo-ve\/affichage-et-navigation\/resource-recommender\/\" class=\"readmore\">Lire l&#039;int\u00e9gralit\u00e9&#8230;<span class=\"screen-reader-text\">Resource Recommender<\/span><span class=\"fa fa-angle-double-right\" aria-hidden=\"true\"><\/span><\/a><\/p>\n","protected":false},"author":5,"featured_media":0,"parent":3162,"menu_order":6,"comment_status":"closed","ping_status":"closed","template":"","meta":{"jetpack_post_was_ever_published":false,"footnotes":""},"class_list":["post-3174","page","type-page","status-publish","hentry"],"jetpack_sharing_enabled":true,"jetpack_shortlink":"https:\/\/wp.me\/P7rJUv-Pc","_links":{"self":[{"href":"https:\/\/services.lib.uliege.be\/alma\/wp-json\/wp\/v2\/pages\/3174","targetHints":{"allow":["GET"]}}],"collection":[{"href":"https:\/\/services.lib.uliege.be\/alma\/wp-json\/wp\/v2\/pages"}],"about":[{"href":"https:\/\/services.lib.uliege.be\/alma\/wp-json\/wp\/v2\/types\/page"}],"author":[{"embeddable":true,"href":"https:\/\/services.lib.uliege.be\/alma\/wp-json\/wp\/v2\/users\/5"}],"replies":[{"embeddable":true,"href":"https:\/\/services.lib.uliege.be\/alma\/wp-json\/wp\/v2\/comments?post=3174"}],"version-history":[{"count":25,"href":"https:\/\/services.lib.uliege.be\/alma\/wp-json\/wp\/v2\/pages\/3174\/revisions"}],"predecessor-version":[{"id":7110,"href":"https:\/\/services.lib.uliege.be\/alma\/wp-json\/wp\/v2\/pages\/3174\/revisions\/7110"}],"up":[{"embeddable":true,"href":"https:\/\/services.lib.uliege.be\/alma\/wp-json\/wp\/v2\/pages\/3162"}],"wp:attachment":[{"href":"https:\/\/services.lib.uliege.be\/alma\/wp-json\/wp\/v2\/media?parent=3174"}],"curies":[{"name":"wp","href":"https:\/\/api.w.org\/{rel}","templated":true}]}}