{"id":3170,"date":"2019-02-28T16:51:52","date_gmt":"2019-02-28T15:51:52","guid":{"rendered":"https:\/\/app.lib.uliege.be\/alma\/?page_id=3170"},"modified":"2022-09-30T14:23:53","modified_gmt":"2022-09-30T12:23:53","slug":"facettes","status":"publish","type":"page","link":"https:\/\/services.lib.uliege.be\/alma\/primo-ve\/affichage-et-navigation\/facettes\/","title":{"rendered":"Facettes"},"content":{"rendered":"\n<p>Les facettes sont g\u00e9n\u00e9r\u00e9es de fa\u00e7on dynamique \u00e0 partir des informations stock\u00e9es dans les sections &lsquo;Display&rsquo; et &lsquo;Search&rsquo;. Nous ne pouvons pas modifier la configuration pr\u00e9-d\u00e9finie pour les facettes dans Primo VE.<\/p>\n\n\n\n<div style=\"background-color: #FFF2AF; margin: 0 auto; max-width: 90%; padding: 9px; border: 1px solid #DDD;\">\nPour plus d&rsquo;informations, voir la liste d\u00e9taill\u00e9e des champs et sous-champs exploit\u00e9s pour les facettes (configuration par d\u00e9faut) : \n<a href=\"https:\/\/knowledge.exlibrisgroup.com\/Primo\/Product_Documentation\/020Primo_VE\/050Other_Configuration\/Mapping_to_the_Display%2C_Facets%2C_and_Search_Sections_in_the_Primo_VE_Record#Primo_VE_Facets_Section\" target=\"_blank\" rel=\"noopener noreferrer\">Mapping to the Display, Facets, and Search Sections in the Primo VE Record &gt; Primo VE Facets Section<\/a>.<\/div>\n\n\n\n<p><br>Une facette <em>out of the box<\/em> peut ne pas \u00eatre affich\u00e9e dans notre Discovery. Ainsi, par exemple, si nous affichons bien la zone Genre dans le d\u00e9tail de la notice, nous n&rsquo;affichons pas la facette <em>Genre<\/em> dans les filtres utilisables car la facette Sujet englobe tous les champs et sous-champs 600-655.<\/p>\n\n\n\n<p>Pour naviguer dans le menu des filtres, vous devez positionner le curseur dans cette partie.  <\/p>\n\n\n\n<p>La facette ouverte \u00ab\u00a0Type de document\u00a0\u00bb affiche 3 valeurs maximum. Pour voir la totalit\u00e9, utilisez le lien \u00ab\u00a0Voir plus\u00a0\u00bb.<\/p>\n\n\n<div class=\"wp-block-image\">\n<figure class=\"aligncenter size-full is-resized\"><img loading=\"lazy\" decoding=\"async\" src=\"https:\/\/services.lib.uliege.be\/alma\/wp-content\/uploads\/2022\/09\/image-4.png\" alt=\"\" class=\"wp-image-6392\" width=\"183\" height=\"135\"\/><\/figure>\n<\/div>\n\n\n<p>Vous pouvez fermer\/ouvrir les facettes en cliquant sur la fl\u00e8che. Les facettes <em>Langue, Auteur, contributeur, Sujet, Implantation, Nouveaut\u00e9s<\/em> et <em>Galerie<\/em> sont ferm\u00e9es par configuration.<\/p>\n\n\n\n<p>Pour activer une s\u00e9lection, vous pouvez soit cliquer sur la valeur :<\/p>\n\n\n<div class=\"wp-block-image\">\n<figure class=\"aligncenter\"><img loading=\"lazy\" decoding=\"async\" width=\"254\" height=\"140\" src=\"https:\/\/services.lib.uliege.be\/alma\/wp-content\/uploads\/2019\/04\/image-29.png\" alt=\"\" class=\"wp-image-3790\"\/><\/figure>\n<\/div>\n\n\n<p>soit cocher la case en regard. Dans ce cas, vous devrez confirmer votre choix en appliquant le filtre :<\/p>\n\n\n<div class=\"wp-block-image\">\n<figure class=\"aligncenter\"><img loading=\"lazy\" decoding=\"async\" width=\"290\" height=\"237\" src=\"https:\/\/services.lib.uliege.be\/alma\/wp-content\/uploads\/2019\/04\/image-31.png\" alt=\"\" class=\"wp-image-3792\"\/><\/figure>\n<\/div>\n\n\n<p>Pour exclure des notices de la liste de r\u00e9sultats, il suffit de cocher la case \u00e0 droite du texte :<\/p>\n\n\n<div class=\"wp-block-image\">\n<figure class=\"aligncenter\"><img loading=\"lazy\" decoding=\"async\" width=\"282\" height=\"154\" src=\"https:\/\/services.lib.uliege.be\/alma\/wp-content\/uploads\/2019\/04\/image-32.png\" alt=\"\" class=\"wp-image-3794\"\/><\/figure>\n<\/div>\n\n\n<p>Avec la fonctionnalit\u00e9 des <em>Sticky Facets<\/em> (\u00ab\u00a0facettes collantes\u00a0\u00bb), vous pouvez conserver une (ou plusieurs) facette.s active.s pendant toute votre session :<\/p>\n\n\n<div class=\"wp-block-image\">\n<figure class=\"aligncenter\"><img loading=\"lazy\" decoding=\"async\" width=\"526\" height=\"253\" src=\"https:\/\/services.lib.uliege.be\/alma\/wp-content\/uploads\/2019\/04\/image-72.png\" alt=\"\" class=\"wp-image-4114\" srcset=\"https:\/\/services.lib.uliege.be\/alma\/wp-content\/uploads\/2019\/04\/image-72.png 526w, https:\/\/services.lib.uliege.be\/alma\/wp-content\/uploads\/2019\/04\/image-72-300x144.png 300w\" sizes=\"auto, (max-width: 526px) 100vw, 526px\" \/><figcaption><em>En cliquant sur le cadenas \u00e0 gauche du texte du filtre activ\u00e9, l&rsquo;utilisateur peut rendre le filtre permanent ou l&rsquo;annuler.<\/em><\/figcaption><\/figure>\n<\/div>\n\n<div class=\"wp-block-image\">\n<figure class=\"aligncenter size-large\"><img loading=\"lazy\" decoding=\"async\" width=\"316\" height=\"236\" src=\"https:\/\/services.lib.uliege.be\/alma\/wp-content\/uploads\/2020\/05\/memfiltres.jpg\" alt=\"\" class=\"wp-image-5247\" srcset=\"https:\/\/services.lib.uliege.be\/alma\/wp-content\/uploads\/2020\/05\/memfiltres.jpg 316w, https:\/\/services.lib.uliege.be\/alma\/wp-content\/uploads\/2020\/05\/memfiltres-300x224.jpg 300w\" sizes=\"auto, (max-width: 316px) 100vw, 316px\" \/><figcaption><em>L&rsquo;option \u00ab\u00a0M\u00e9moriser tous les filtres\u00a0\u00bb permet de rendre tous les filtres permanents durant la session.<\/em><\/figcaption><\/figure>\n<\/div>\n\n\n<p>Le filtre permanent s&rsquo;applique donc \u00e0 la liste de r\u00e9sultats lors des prochaines recherches de la session active.<br><\/p>\n\n\n\n<p>La facette <strong>Seulement&#8230;<\/strong> est limit\u00e9e aux valeurs En ligne et  Imprim\u00e9 \/ physique. Seule la valeur \u00ab\u00a0En ligne\u00a0\u00bb dans la facette Seulement&#8230; ne peut pas \u00eatre exclue.  <\/p>\n\n\n\n<p>La facette <strong>Ann\u00e9e <\/strong>inclut les dates de publication extr\u00eames des documents dans la liste de r\u00e9sultats. Pour modifier les valeurs, vous pouvez soit utiliser les fl\u00e8ches :<\/p>\n\n\n<div class=\"wp-block-image\">\n<figure class=\"aligncenter\"><img loading=\"lazy\" decoding=\"async\" width=\"272\" height=\"111\" src=\"https:\/\/services.lib.uliege.be\/alma\/wp-content\/uploads\/2019\/04\/image-33.png\" alt=\"\" class=\"wp-image-3797\"\/><\/figure>\n<\/div>\n\n\n<p>soit modifier la date manuellement<\/p>\n\n\n<div class=\"wp-block-image\">\n<figure class=\"aligncenter\"><img loading=\"lazy\" decoding=\"async\" width=\"273\" height=\"106\" src=\"https:\/\/services.lib.uliege.be\/alma\/wp-content\/uploads\/2019\/04\/image-34.png\" alt=\"\" class=\"wp-image-3799\"\/><\/figure>\n<\/div>\n\n\n<p>La facette <strong>Implantation <\/strong>reprend les biblioth\u00e8ques Alma. Nous ne pouvons pas cr\u00e9er de facette personnalis\u00e9e sur nos implantations. Ainsi, nous ne pouvons pas regrouper les biblioth\u00e8ques d\u00e9finies dans Alma en secteurs ou campus bas\u00e9s sur la nouvelle configuration ULi\u00e8ge Library. Nous pouvons par contre masquer de la vue la pr\u00e9sence d&rsquo;implantations particuli\u00e8res dans l&rsquo;affichage de la facette.<\/p>\n\n\n\n<p>La facette <strong>Galerie<\/strong> est construite sur base des Collections Alma. Une valeur dans la facette ne vient pas uniquement d&rsquo;une Galerie Primo. On trouvera par exemple des r\u00e9sultats provenant de notices du fonds de m\u00e9moires num\u00e9ris\u00e9s, c&rsquo;est-\u00e0-dire cette Collection (non publi\u00e9e) Alma. Par exemple, une recherche &lsquo;Li\u00e8ge&rsquo; g\u00e9n\u00e8re la facette  &lsquo;M\u00e9moires et TFE num\u00e9ris\u00e9s de l&rsquo;Universit\u00e9&rsquo;.<\/p>\n","protected":false},"excerpt":{"rendered":"<p>Les facettes sont g\u00e9n\u00e9r\u00e9es de fa\u00e7on dynamique \u00e0 partir des informations stock\u00e9es dans les sections &lsquo;Display&rsquo; et &lsquo;Search&rsquo;. Nous ne pouvons pas modifier la configuration pr\u00e9-d\u00e9finie pour les facettes dans Primo VE. Pour plus d&rsquo;informations, voir la liste d\u00e9taill\u00e9e des champs et sous-champs exploit\u00e9s pour les facettes (configuration par d\u00e9faut)&#8230; <a href=\"https:\/\/services.lib.uliege.be\/alma\/primo-ve\/affichage-et-navigation\/facettes\/\" class=\"readmore\">Lire l&#039;int\u00e9gralit\u00e9&#8230;<span class=\"screen-reader-text\">Facettes<\/span><span class=\"fa fa-angle-double-right\" aria-hidden=\"true\"><\/span><\/a><\/p>\n","protected":false},"author":5,"featured_media":0,"parent":3162,"menu_order":2,"comment_status":"closed","ping_status":"closed","template":"","meta":{"jetpack_post_was_ever_published":false,"footnotes":""},"class_list":["post-3170","page","type-page","status-publish","hentry"],"jetpack_sharing_enabled":true,"jetpack_shortlink":"https:\/\/wp.me\/P7rJUv-P8","_links":{"self":[{"href":"https:\/\/services.lib.uliege.be\/alma\/wp-json\/wp\/v2\/pages\/3170","targetHints":{"allow":["GET"]}}],"collection":[{"href":"https:\/\/services.lib.uliege.be\/alma\/wp-json\/wp\/v2\/pages"}],"about":[{"href":"https:\/\/services.lib.uliege.be\/alma\/wp-json\/wp\/v2\/types\/page"}],"author":[{"embeddable":true,"href":"https:\/\/services.lib.uliege.be\/alma\/wp-json\/wp\/v2\/users\/5"}],"replies":[{"embeddable":true,"href":"https:\/\/services.lib.uliege.be\/alma\/wp-json\/wp\/v2\/comments?post=3170"}],"version-history":[{"count":24,"href":"https:\/\/services.lib.uliege.be\/alma\/wp-json\/wp\/v2\/pages\/3170\/revisions"}],"predecessor-version":[{"id":6396,"href":"https:\/\/services.lib.uliege.be\/alma\/wp-json\/wp\/v2\/pages\/3170\/revisions\/6396"}],"up":[{"embeddable":true,"href":"https:\/\/services.lib.uliege.be\/alma\/wp-json\/wp\/v2\/pages\/3162"}],"wp:attachment":[{"href":"https:\/\/services.lib.uliege.be\/alma\/wp-json\/wp\/v2\/media?parent=3170"}],"curies":[{"name":"wp","href":"https:\/\/api.w.org\/{rel}","templated":true}]}}