{"id":3168,"date":"2019-02-28T16:51:03","date_gmt":"2019-02-28T15:51:03","guid":{"rendered":"https:\/\/app.lib.uliege.be\/alma\/?page_id=3168"},"modified":"2022-09-30T14:07:23","modified_gmt":"2022-09-30T12:07:23","slug":"navigation","status":"publish","type":"page","link":"https:\/\/services.lib.uliege.be\/alma\/primo-ve\/affichage-et-navigation\/navigation\/","title":{"rendered":"Navigation"},"content":{"rendered":"\n<h3 class=\"wp-block-heading\">Passer d&rsquo;une page \u00e0 l&rsquo;autre dans une liste de r\u00e9sultats <\/h3>\n\n\n\n<p>L&rsquo;usager peut d\u00e9finir le nombre de r\u00e9sultats affich\u00e9s par page : choix entre 10, 25 ou 50 r\u00e9sultats maximum. Le choix est uniquement valable dans la session de recherche.<\/p>\n\n\n\n<p>Si le r\u00e9sultat de recherche comprend plus de r\u00e9sultats que le choix d\u00e9fini, l&rsquo;utilisateur peut passer d&rsquo;une page \u00e0 l&rsquo;autre en s\u00e9lectionnant un num\u00e9ro de page ou en cliquant sur la fl\u00e8che qui permet de passer \u00e0 la page suivante.<\/p>\n\n\n<div class=\"wp-block-image\">\n<figure class=\"aligncenter size-large is-resized\"><img loading=\"lazy\" decoding=\"async\" src=\"https:\/\/services.lib.uliege.be\/alma\/wp-content\/uploads\/2022\/09\/image-2-1024x248.png\" alt=\"\" class=\"wp-image-6385\" width=\"599\" height=\"145\" srcset=\"https:\/\/services.lib.uliege.be\/alma\/wp-content\/uploads\/2022\/09\/image-2-1024x248.png 1024w, https:\/\/services.lib.uliege.be\/alma\/wp-content\/uploads\/2022\/09\/image-2-300x73.png 300w, https:\/\/services.lib.uliege.be\/alma\/wp-content\/uploads\/2022\/09\/image-2-768x186.png 768w, https:\/\/services.lib.uliege.be\/alma\/wp-content\/uploads\/2022\/09\/image-2.png 1480w\" sizes=\"auto, (max-width: 599px) 100vw, 599px\" \/><\/figure>\n<\/div>\n\n\n<h3 class=\"wp-block-heading\">Passer d&rsquo;une notice \u00e0 l&rsquo;autre \u00e0 partir de l&rsquo;affichage complet d&rsquo;un r\u00e9sultat<\/h3>\n\n\n\n<p>\u00c0 partir d&rsquo;une notice compl\u00e8te, il est possible passer au r\u00e9sultat suivant \/ pr\u00e9c\u00e9dent. Cette fonctionnalit\u00e9 n&rsquo;est pas pr\u00e9sent\u00e9e sur des \u00e9crans plus petits (supports mobiles).<\/p>\n\n\n<div class=\"wp-block-image\">\n<figure class=\"aligncenter\"><img loading=\"lazy\" decoding=\"async\" width=\"950\" height=\"514\" src=\"https:\/\/services.lib.uliege.be\/alma\/wp-content\/uploads\/2019\/04\/image-22.png\" alt=\"\" class=\"wp-image-3739\" srcset=\"https:\/\/services.lib.uliege.be\/alma\/wp-content\/uploads\/2019\/04\/image-22.png 950w, https:\/\/services.lib.uliege.be\/alma\/wp-content\/uploads\/2019\/04\/image-22-300x162.png 300w, https:\/\/services.lib.uliege.be\/alma\/wp-content\/uploads\/2019\/04\/image-22-768x416.png 768w\" sizes=\"auto, (max-width: 950px) 100vw, 950px\" \/><\/figure>\n<\/div>\n\n\n<h3 class=\"wp-block-heading\">Exploiter les liens hypertextes dans le d\u00e9tail de la notice<\/h3>\n\n\n\n<p>Des liens hypertexte sont g\u00e9n\u00e9r\u00e9s \u00e0 partir du Marc pour naviguer dans Primo ou pour acc\u00e9der \u00e0 une ressource externe.<\/p>\n\n\n\n<p>Les liens intra-Primo permettent de relancer une recherche dans le discovery. Ils sont configur\u00e9s pour les zones suivantes :<\/p>\n\n\n\n<ul class=\"wp-block-list\"><li>Auteur<\/li><li>Contributeur<\/li><li>Sujet<\/li><li>Collection<\/li><li>Titres associ\u00e9s<\/li><li>Fait partie de<\/li><li>Contient<\/li><li>Oeuvre li\u00e9e<\/li><li>Genre<\/li><\/ul>\n\n\n\n<p>La recherche est lanc\u00e9e dans l&rsquo;int\u00e9gralit\u00e9 du discovery (pas uniquement sur les notices Alma \u00e0 partir d&rsquo;une ressource imprim\u00e9e par exemple), soit sur un index pr\u00e9cis, soit dans l&rsquo;index g\u00e9n\u00e9ral (Partout). L&rsquo;op\u00e9rateur de recherche est soit \u00ab\u00a0terme exact\u00a0\u00bb, soit \u00ab\u00a0contient\u00a0\u00bb, en fonction de la zone de d\u00e9part<\/p>\n\n\n\n<p>Des liens vers des ressources externes sont \u00e9galement exploitables : <\/p>\n\n\n\n<ul class=\"wp-block-list\"><li>liens vers le r\u00e9f\u00e9rentiel IdRef <br>Exemple : un auteur et un pr\u00e9facier <\/li><\/ul>\n\n\n<div class=\"wp-block-image\">\n<figure class=\"aligncenter size-full is-resized\"><img loading=\"lazy\" decoding=\"async\" src=\"https:\/\/services.lib.uliege.be\/alma\/wp-content\/uploads\/2022\/09\/image-3.png\" alt=\"\" class=\"wp-image-6388\" width=\"319\" height=\"37\" srcset=\"https:\/\/services.lib.uliege.be\/alma\/wp-content\/uploads\/2022\/09\/image-3.png 466w, https:\/\/services.lib.uliege.be\/alma\/wp-content\/uploads\/2022\/09\/image-3-300x35.png 300w\" sizes=\"auto, (max-width: 319px) 100vw, 319px\" \/><\/figure>\n<\/div>\n\n\n<ul class=\"wp-block-list\"><li>liens vers des sites externes fournis dans les zones 510, 530, 555&#8230; ou des URL pr\u00e9sentes dans des notices DC moissonn\u00e9es. Exemple : la zone 555<\/li><\/ul>\n\n\n<div class=\"wp-block-image\">\n<figure class=\"aligncenter is-resized\"><img loading=\"lazy\" decoding=\"async\" src=\"https:\/\/services.lib.uliege.be\/alma\/wp-content\/uploads\/2019\/04\/image-99.png\" alt=\"\" class=\"wp-image-4302\" width=\"455\" height=\"34\" srcset=\"https:\/\/services.lib.uliege.be\/alma\/wp-content\/uploads\/2019\/04\/image-99.png 606w, https:\/\/services.lib.uliege.be\/alma\/wp-content\/uploads\/2019\/04\/image-99-300x22.png 300w\" sizes=\"auto, (max-width: 455px) 100vw, 455px\" \/><\/figure>\n<\/div>\n\n\n<p>s&rsquo;affiche comme un lien hypertexte sur Primo VE :<\/p>\n\n\n<div class=\"wp-block-image\">\n<figure class=\"aligncenter is-resized\"><img loading=\"lazy\" decoding=\"async\" src=\"https:\/\/services.lib.uliege.be\/alma\/wp-content\/uploads\/2019\/04\/image-100.png\" alt=\"\" class=\"wp-image-4303\" width=\"374\" height=\"67\" srcset=\"https:\/\/services.lib.uliege.be\/alma\/wp-content\/uploads\/2019\/04\/image-100.png 499w, https:\/\/services.lib.uliege.be\/alma\/wp-content\/uploads\/2019\/04\/image-100-300x54.png 300w\" sizes=\"auto, (max-width: 374px) 100vw, 374px\" \/><\/figure>\n<\/div>\n\n\n<h3 class=\"wp-block-heading\">D\u00e9couvrir une Galerie \u00e0 partir d&rsquo;un r\u00e9sultat de recherche<\/h3>\n\n\n\n<p>L&rsquo;utilisateur peut retrouver dans sa liste de r\u00e9sultats de recherche une \u00ab\u00a0notice\u00a0\u00bb de Galerie. Ainsi, pour la requ\u00eate \u00ab\u00a0Incunables\u00a0\u00bb, le premier r\u00e9sultat correspond \u00e0 une notice de type Collection qui redirige l&rsquo;utilisateur vers la page des Galeries et lui permet alors de parcourir la collection propos\u00e9e.<\/p>\n\n\n<div class=\"wp-block-image\">\n<figure class=\"aligncenter\"><img loading=\"lazy\" decoding=\"async\" width=\"299\" height=\"108\" src=\"https:\/\/services.lib.uliege.be\/alma\/wp-content\/uploads\/2019\/04\/image-52.png\" alt=\"\" class=\"wp-image-3844\"\/><\/figure>\n<\/div>\n\n\n<h3 class=\"wp-block-heading\">Naviguer du d\u00e9tail d&rsquo;une notice \u00e0 la composante Galeries<\/h3>\n\n\n\n<p>Si la notice affich\u00e9e fait partie d&rsquo;une Collection dans Alma (Galerie Primo), elle pr\u00e9sente un lien de rebond vers chaque niveau de l&rsquo;arborescence collection\/sous-collection(s).<\/p>\n\n\n<div class=\"wp-block-image\">\n<figure class=\"aligncenter\"><img loading=\"lazy\" decoding=\"async\" width=\"601\" height=\"372\" src=\"https:\/\/services.lib.uliege.be\/alma\/wp-content\/uploads\/2019\/04\/image-27.png\" alt=\"\" class=\"wp-image-3771\" srcset=\"https:\/\/services.lib.uliege.be\/alma\/wp-content\/uploads\/2019\/04\/image-27.png 601w, https:\/\/services.lib.uliege.be\/alma\/wp-content\/uploads\/2019\/04\/image-27-300x186.png 300w\" sizes=\"auto, (max-width: 601px) 100vw, 601px\" \/><figcaption>L<em>&lsquo;utilisateur peut retourner dans la composante D\u00e9couverte \u00ab\u00a0Galerie\u00a0\u00bb, \u00e0 n&rsquo;importe quel niveau de l&rsquo;ensemble, en cliquant sur l&rsquo;un ou l&rsquo;autre des liens.<\/em><\/figcaption><\/figure>\n<\/div>\n\n\n<h3 class=\"wp-block-heading\" id=\"mce_6\">Section des liens<\/h3>\n\n\n\n<p>Cette section contient des liens g\u00e9r\u00e9s par les services Alma pour les ressources \u00e9lectroniques :<\/p>\n\n\n\n<ul class=\"wp-block-list\"><li>Google Books<\/li><li>Signaler un probl\u00e8me<\/li><li>SHERPA\/RoMEO<\/li><li>SCImago Journal Ranking (SJR)<\/li><\/ul>\n\n\n\n<p>Un lien vers la notice source se trouve \u00e9galement dans cette section : <\/p>\n\n\n\n<ul class=\"wp-block-list\"><li>notice Marc21 bibliographique d&rsquo;Alma (<a rel=\"noreferrer noopener\" aria-label=\"exemple (opens in a new tab)\" href=\"https:\/\/explore.lib.uliege.be\/discovery\/sourceRecord?vid=32ULG_INST:ULIEGE&amp;docId=alma9919289463702321&amp;recordOwner=32ULG_INST\" target=\"_blank\">exemple<\/a>) ;<\/li><li>notice DC d&rsquo;un r\u00e9pertoire externe moissonn\u00e9 (<a rel=\"noreferrer noopener\" aria-label=\"exemple (opens in a new tab)\" href=\"https:\/\/explore.lib.uliege.be\/discovery\/sourceRecord?vid=32ULG_INST:ULIEGE&amp;docId=alma9919538239702321&amp;recordOwner=32ULG_INST\" target=\"_blank\">exemple<\/a>).<\/li><\/ul>\n","protected":false},"excerpt":{"rendered":"<p>Passer d&rsquo;une page \u00e0 l&rsquo;autre dans une liste de r\u00e9sultats L&rsquo;usager peut d\u00e9finir le nombre de r\u00e9sultats affich\u00e9s par page : choix entre 10, 25 ou 50 r\u00e9sultats maximum. Le choix est uniquement valable dans la session de recherche. Si le r\u00e9sultat de recherche comprend plus de r\u00e9sultats que le&#8230; <a href=\"https:\/\/services.lib.uliege.be\/alma\/primo-ve\/affichage-et-navigation\/navigation\/\" class=\"readmore\">Lire l&#039;int\u00e9gralit\u00e9&#8230;<span class=\"screen-reader-text\">Navigation<\/span><span class=\"fa fa-angle-double-right\" aria-hidden=\"true\"><\/span><\/a><\/p>\n","protected":false},"author":5,"featured_media":0,"parent":3162,"menu_order":5,"comment_status":"closed","ping_status":"closed","template":"","meta":{"jetpack_post_was_ever_published":false,"footnotes":""},"class_list":["post-3168","page","type-page","status-publish","hentry"],"jetpack_sharing_enabled":true,"jetpack_shortlink":"https:\/\/wp.me\/P7rJUv-P6","_links":{"self":[{"href":"https:\/\/services.lib.uliege.be\/alma\/wp-json\/wp\/v2\/pages\/3168","targetHints":{"allow":["GET"]}}],"collection":[{"href":"https:\/\/services.lib.uliege.be\/alma\/wp-json\/wp\/v2\/pages"}],"about":[{"href":"https:\/\/services.lib.uliege.be\/alma\/wp-json\/wp\/v2\/types\/page"}],"author":[{"embeddable":true,"href":"https:\/\/services.lib.uliege.be\/alma\/wp-json\/wp\/v2\/users\/5"}],"replies":[{"embeddable":true,"href":"https:\/\/services.lib.uliege.be\/alma\/wp-json\/wp\/v2\/comments?post=3168"}],"version-history":[{"count":29,"href":"https:\/\/services.lib.uliege.be\/alma\/wp-json\/wp\/v2\/pages\/3168\/revisions"}],"predecessor-version":[{"id":6391,"href":"https:\/\/services.lib.uliege.be\/alma\/wp-json\/wp\/v2\/pages\/3168\/revisions\/6391"}],"up":[{"embeddable":true,"href":"https:\/\/services.lib.uliege.be\/alma\/wp-json\/wp\/v2\/pages\/3162"}],"wp:attachment":[{"href":"https:\/\/services.lib.uliege.be\/alma\/wp-json\/wp\/v2\/media?parent=3168"}],"curies":[{"name":"wp","href":"https:\/\/api.w.org\/{rel}","templated":true}]}}