{"id":3164,"date":"2019-02-28T16:49:34","date_gmt":"2019-02-28T15:49:34","guid":{"rendered":"https:\/\/app.lib.uliege.be\/alma\/?page_id=3164"},"modified":"2022-10-03T11:48:26","modified_gmt":"2022-10-03T09:48:26","slug":"brief-display","status":"publish","type":"page","link":"https:\/\/services.lib.uliege.be\/alma\/primo-ve\/affichage-et-navigation\/brief-display\/","title":{"rendered":"Affichage abr\u00e9g\u00e9"},"content":{"rendered":"\n<h3 class=\"wp-block-heading\" id=\"donnees-descriptives\">Donn\u00e9es descriptives<\/h3>\n\n\n\n<p>Sous le type de ressource, quatre lignes maximum peuvent \u00eatre affich\u00e9es. Sont affich\u00e9s :<\/p>\n\n\n\n<ul class=\"wp-block-list\"><li>titre ; titre vernaculaire<\/li><li>cr\u00e9ateurs ; contributeurs<\/li><li>date de cr\u00e9ation | identification du document h\u00f4te <\/li><li>publication ULi\u00e8ge | restricted access<\/li><\/ul>\n\n\n\n<p>\n\nPour les publications en s\u00e9rie, c&rsquo;est la zone 130 (titre uniforme) qui est prise comme titre et non le 245 (titre propre).\n\n<\/p>\n\n\n\n<h3 class=\"wp-block-heading\" id=\"vignettes\">Vignettes<\/h3>\n\n\n\n<p>Des vignettes standard sont d\u00e9finies pour chaque type de document.<\/p>\n\n\n<div class=\"wp-block-image\">\n<figure class=\"aligncenter\"><img loading=\"lazy\" decoding=\"async\" width=\"314\" height=\"80\" src=\"https:\/\/services.lib.uliege.be\/alma\/wp-content\/uploads\/2019\/03\/image-57.png\" alt=\"\" class=\"wp-image-3602\" srcset=\"https:\/\/services.lib.uliege.be\/alma\/wp-content\/uploads\/2019\/03\/image-57.png 314w, https:\/\/services.lib.uliege.be\/alma\/wp-content\/uploads\/2019\/03\/image-57-300x76.png 300w\" sizes=\"auto, (max-width: 314px) 100vw, 314px\" \/><figcaption>Vignette des documents Livre, Th\u00e8se\/m\u00e9moire, Carte et Article<\/figcaption><\/figure>\n<\/div>\n\n\n<p>Si la r\u00e9f\u00e9rence contient un ISBN ou un ISSN, la vignette peut \u00eatre r\u00e9cup\u00e9r\u00e9e \u00e0 partir de Google. Ceci s&rsquo;applique donc \u00e9galement aux r\u00e9f\u00e9rences de type Article ou Chapitre de livre, par exemple : la vignette du contenant est utilis\u00e9e au lieu d&rsquo;une vignette standard.<\/p>\n\n\n<div class=\"wp-block-image\">\n<figure class=\"aligncenter\"><img loading=\"lazy\" decoding=\"async\" width=\"931\" height=\"436\" src=\"https:\/\/services.lib.uliege.be\/alma\/wp-content\/uploads\/2019\/04\/image-104.png\" alt=\"\" class=\"wp-image-4334\" srcset=\"https:\/\/services.lib.uliege.be\/alma\/wp-content\/uploads\/2019\/04\/image-104.png 931w, https:\/\/services.lib.uliege.be\/alma\/wp-content\/uploads\/2019\/04\/image-104-300x140.png 300w, https:\/\/services.lib.uliege.be\/alma\/wp-content\/uploads\/2019\/04\/image-104-768x360.png 768w\" sizes=\"auto, (max-width: 931px) 100vw, 931px\" \/><\/figure>\n<\/div>\n\n\n<p><br>Les documents qui ont un inventaire digital dans Alma ont \u00e9galement une vignette associ\u00e9e \u00e0 la repr\u00e9sentation digitale : cette vignette est visible dans Alma et dans Primo. <\/p>\n\n\n\n<p>Pour la source de donn\u00e9es Alma, des vignettes sp\u00e9cifiques peuvent \u00eatre d\u00e9finies sur base de la pr\u00e9sence (et si n\u00e9cessaire du contenu) d&rsquo;un champ Marc. Cette vignette n&rsquo;est visible que dans Primo. <br>C&rsquo;est le cas pour les documents patrimoniaux qui n&rsquo;ont pas d&rsquo;inventaire digital.  <\/p>\n\n\n<div class=\"wp-block-image\">\n<figure class=\"aligncenter size-large is-resized\"><img loading=\"lazy\" decoding=\"async\" src=\"https:\/\/services.lib.uliege.be\/alma\/wp-content\/uploads\/2022\/09\/image-8-1024x118.png\" alt=\"\" class=\"wp-image-6405\" width=\"727\" height=\"83\" srcset=\"https:\/\/services.lib.uliege.be\/alma\/wp-content\/uploads\/2022\/09\/image-8-1024x118.png 1024w, https:\/\/services.lib.uliege.be\/alma\/wp-content\/uploads\/2022\/09\/image-8-300x35.png 300w, https:\/\/services.lib.uliege.be\/alma\/wp-content\/uploads\/2022\/09\/image-8-768x89.png 768w, https:\/\/services.lib.uliege.be\/alma\/wp-content\/uploads\/2022\/09\/image-8.png 1405w\" sizes=\"auto, (max-width: 727px) 100vw, 727px\" \/><\/figure>\n<\/div>\n\n\n<h3 class=\"wp-block-heading\" id=\"fonctionnalites-de-gestion\">Fonctionnalit\u00e9s de gestion<\/h3>\n\n\n<div class=\"wp-block-image\">\n<figure class=\"aligncenter\"><img loading=\"lazy\" decoding=\"async\" width=\"215\" height=\"62\" src=\"https:\/\/services.lib.uliege.be\/alma\/wp-content\/uploads\/2019\/03\/image-65.png\" alt=\"\" class=\"wp-image-3647\"\/><\/figure>\n<\/div>\n\n\n<p>Les fonctionnalit\u00e9s principales sont accessibles d&#8217;embl\u00e9e \u00e0 partir de la liste de r\u00e9sultat de recherche : <\/p>\n\n\n\n<ul class=\"wp-block-list\"><li><em>citations<\/em> : <em>r\u00e9f\u00e9rences citant le document et r\u00e9f\u00e9rences cit\u00e9es dans le document<\/em> (plus de d\u00e9tails sur la page <a href=\"https:\/\/services.lib.uliege.be\/alma\/primo-ve\/affichage-et-navigation\/citations-et-altmetric\/\">Citations et Altmetrics<\/a>)<\/li><li><em>permalien<\/em> (plus de d\u00e9tails sur la page <a href=\"https:\/\/services.lib.uliege.be\/alma\/primo-ve\/fonctionnalites-de-gestion\/export-send-to\/\">Export et envoi<\/a>)<\/li><li><em>courriel <\/em>(plus de d\u00e9tails sur la page <a href=\"https:\/\/services.lib.uliege.be\/alma\/primo-ve\/fonctionnalites-de-gestion\/export-send-to\/\">Export et envoi<\/a>)<\/li><li><em>conserver la r\u00e9f\u00e9rence<\/em> (plus de d\u00e9tails sur la page <a href=\"https:\/\/services.lib.uliege.be\/alma\/primo-ve\/fonctionnalites-de-gestion\/favoris\/enregistrer-et-gerer-des-references\/\">R\u00e9f\u00e9rences<\/a>) <\/li><\/ul>\n\n\n\n<p>Les autres fonctionnalit\u00e9s sont accessibles en cliquant sur les \u00ab\u00a0&#8230;\u00a0\u00bb :<\/p>\n\n\n<div class=\"wp-block-image\">\n<figure class=\"aligncenter\"><img loading=\"lazy\" decoding=\"async\" width=\"739\" height=\"117\" src=\"https:\/\/services.lib.uliege.be\/alma\/wp-content\/uploads\/2019\/04\/image-107.png\" alt=\"\" class=\"wp-image-4341\" srcset=\"https:\/\/services.lib.uliege.be\/alma\/wp-content\/uploads\/2019\/04\/image-107.png 739w, https:\/\/services.lib.uliege.be\/alma\/wp-content\/uploads\/2019\/04\/image-107-300x47.png 300w\" sizes=\"auto, (max-width: 739px) 100vw, 739px\" \/><\/figure>\n<\/div>\n\n\n<p class=\"has-text-align-left\">Plus de d\u00e9tails sur la page <a href=\"https:\/\/services.lib.uliege.be\/alma\/primo-ve\/fonctionnalites-de-gestion\/export-send-to\/\">Export et envoi<\/a><\/p>\n\n\n\n<h3 class=\"wp-block-heading\" id=\"snippet\">Snippet<\/h3>\n\n\n\n<p>Pour les ressources en ligne qui ont un acc\u00e8s texte int\u00e9gral via l&rsquo;index Primo Central, un extrait du texte, dans lequel se retrouvent les termes de la recherche, est affich\u00e9.<\/p>\n\n\n<div class=\"wp-block-image\">\n<figure class=\"aligncenter\"><img loading=\"lazy\" decoding=\"async\" width=\"903\" height=\"236\" src=\"https:\/\/services.lib.uliege.be\/alma\/wp-content\/uploads\/2019\/03\/image-55.png\" alt=\"\" class=\"wp-image-3596\" srcset=\"https:\/\/services.lib.uliege.be\/alma\/wp-content\/uploads\/2019\/03\/image-55.png 903w, https:\/\/services.lib.uliege.be\/alma\/wp-content\/uploads\/2019\/03\/image-55-300x78.png 300w, https:\/\/services.lib.uliege.be\/alma\/wp-content\/uploads\/2019\/03\/image-55-768x201.png 768w\" sizes=\"auto, (max-width: 903px) 100vw, 903px\" \/><\/figure>\n<\/div>\n\n\n<h3 class=\"wp-block-heading\" id=\"open-access-peer-reviewed\">Open Access \/ Peer Reviewed<\/h3>\n\n\n\n<p>Les indications d&rsquo;Open Access et de Peer Reviewed sont d\u00e9sormais visibles pour les notices de ressources \u00e9lectroniques issues d&rsquo;Alma, les ressources locales moissonn\u00e9es ainsi que pour les ressources venant de Central Discovery Index.<\/p>\n\n\n<div class=\"wp-block-image\">\n<figure class=\"aligncenter is-resized\"><img loading=\"lazy\" decoding=\"async\" src=\"https:\/\/services.lib.uliege.be\/alma\/wp-content\/uploads\/2019\/03\/image-32.png\" alt=\"\" class=\"wp-image-3464\" width=\"334\" height=\"147\" srcset=\"https:\/\/services.lib.uliege.be\/alma\/wp-content\/uploads\/2019\/03\/image-32.png 398w, https:\/\/services.lib.uliege.be\/alma\/wp-content\/uploads\/2019\/03\/image-32-300x132.png 300w\" sizes=\"auto, (max-width: 334px) 100vw, 334px\" \/><\/figure>\n<\/div>\n\n\n<p>En cas d&rsquo;erreur ou de correction \u00e0 apporter :<\/p>\n\n\n\n<ul class=\"wp-block-list\"><li><strong>Alma <\/strong><ul><li>Peer reviewed : compl\u00e9ter\/corriger la <a href=\"https:\/\/app.lib.uliege.be\/guide_catalo\/zone-500-note-generale-r\/\">note g\u00e9n\u00e9rale 500<\/a> (<em>Guide pour le catalogueur<\/em>)<\/li><li>Open Access : compl\u00e9ter\/corriger la <a rel=\"noreferrer noopener\" href=\"https:\/\/app.lib.uliege.be\/guide_catalo\/zone-506-note-sur-les-limites-a-la-consultation-r\/\" target=\"_blank\">note sur les limites \u00e0 la consultation 506<\/a> (<em>Guide pour le catalogueur<\/em>)<\/li><li><em><u>Attention<\/u> : Il convient d&rsquo;\u00eatre prudent avant de modifier ces valeurs dans la CZ !<\/em><\/li><\/ul><\/li><li><strong>Donn\u00e9es moissonn\u00e9es<\/strong> (ORBi, MatheO&#8230;): contactez les administrateurs<\/li><li><strong>CDI <\/strong>: contactez les administrateurs<\/li><\/ul>\n\n\n\n<h3 class=\"wp-block-heading\">Mise en valeur des publications ULi\u00e8ge<\/h3>\n\n\n\n<p>La mention \u00ab\u00a0Publication \/ contribution ULi\u00e8ge\u00a0\u00bb est ajout\u00e9e \u00e0 l&rsquo;affichage abr\u00e9g\u00e9 pour des notices<\/p>\n\n\n\n<ul class=\"wp-block-list\"><li>Orbi<\/li><li>Alma : ajout en 970 de la valeur \u00ab\u00a0uliegepublication\u00a0\u00bb pour des auteurs, auteurs d&rsquo;introduction, de pr\u00e9face, \u00e9diteurs intellectuels, cartographes, metteurs en sc\u00e8ne, traducteur&#8230; (cette mention n&rsquo;est pas utilis\u00e9e pour des directeurs de th\u00e8se ou de m\u00e9moire ou des des \u00e9tudiants auteurs de leur m\u00e9moire ou th\u00e8se !)<\/li><\/ul>\n\n\n<div class=\"wp-block-image\">\n<figure class=\"aligncenter size-large is-resized\"><img loading=\"lazy\" decoding=\"async\" src=\"https:\/\/services.lib.uliege.be\/alma\/wp-content\/uploads\/2022\/09\/image-7-1024x176.png\" alt=\"\" class=\"wp-image-6402\" width=\"525\" height=\"90\" srcset=\"https:\/\/services.lib.uliege.be\/alma\/wp-content\/uploads\/2022\/09\/image-7-1024x176.png 1024w, https:\/\/services.lib.uliege.be\/alma\/wp-content\/uploads\/2022\/09\/image-7-300x52.png 300w, https:\/\/services.lib.uliege.be\/alma\/wp-content\/uploads\/2022\/09\/image-7-768x132.png 768w, https:\/\/services.lib.uliege.be\/alma\/wp-content\/uploads\/2022\/09\/image-7.png 1066w\" sizes=\"auto, (max-width: 525px) 100vw, 525px\" \/><\/figure>\n<\/div>\n\n\n<h3 class=\"wp-block-heading\" id=\"informations-de-disponibilite\">Informations de disponibilit\u00e9<\/h3>\n\n\n\n<p>&#8211; la ressource est disponible en ligne (ressource \u00e9lectronique ou ressource digitale) ou est disponible dans une ou plusieurs localisations<br>&#8211; la ressource est indisponible<br>&#8211; la ressource est \u00e9ventuellement disponible (pour les publications en s\u00e9rie, quand un des items est indisponible) <\/p>\n\n\n<div class=\"wp-block-image\">\n<figure class=\"aligncenter\"><img loading=\"lazy\" decoding=\"async\" width=\"1024\" height=\"209\" src=\"https:\/\/services.lib.uliege.be\/alma\/wp-content\/uploads\/2019\/04\/image-123-1024x209.png\" alt=\"\" class=\"wp-image-4424\" srcset=\"https:\/\/services.lib.uliege.be\/alma\/wp-content\/uploads\/2019\/04\/image-123-1024x209.png 1024w, https:\/\/services.lib.uliege.be\/alma\/wp-content\/uploads\/2019\/04\/image-123-300x61.png 300w, https:\/\/services.lib.uliege.be\/alma\/wp-content\/uploads\/2019\/04\/image-123-768x157.png 768w, https:\/\/services.lib.uliege.be\/alma\/wp-content\/uploads\/2019\/04\/image-123.png 1181w\" sizes=\"auto, (max-width: 1024px) 100vw, 1024px\" \/><\/figure>\n<\/div>\n\n\n<p>Pour les ejournaux, les ann\u00e9es d&rsquo;acc\u00e8s sont affich\u00e9es dans la liste des r\u00e9sultats : <\/p>\n\n\n<div class=\"wp-block-image\">\n<figure class=\"aligncenter size-full\"><img loading=\"lazy\" decoding=\"async\" width=\"925\" height=\"405\" src=\"https:\/\/services.lib.uliege.be\/alma\/wp-content\/uploads\/2022\/10\/image-9.png\" alt=\"\" class=\"wp-image-6474\" srcset=\"https:\/\/services.lib.uliege.be\/alma\/wp-content\/uploads\/2022\/10\/image-9.png 925w, https:\/\/services.lib.uliege.be\/alma\/wp-content\/uploads\/2022\/10\/image-9-300x131.png 300w, https:\/\/services.lib.uliege.be\/alma\/wp-content\/uploads\/2022\/10\/image-9-768x336.png 768w\" sizes=\"auto, (max-width: 925px) 100vw, 925px\" \/><figcaption>Le calcul s&rsquo;effectue en temps r\u00e9el, il y a donc un petit d\u00e9lai d&rsquo;affichage (rien ne s&rsquo;affiche s&rsquo;il n&rsquo;y a pas de donn\u00e9es de couverture). <br>Sont affich\u00e9s : maximum 3 donn\u00e9es de couverture, maximum 1 embargo.<\/figcaption><\/figure>\n<\/div>\n\n\n<h3 class=\"wp-block-heading\" id=\"presence-de-plusieurs-version-s-imprime-physique-et-de-version-en-ligne\">Pr\u00e9sence de (plusieurs) version(s) imprim\u00e9\/physique et de version en ligne<\/h3>\n\n\n\n<p>Certaines notices apparaissent avec un double disponibilit\u00e9 \u00ab\u00a0Physique\u00a0\u00bb \/ \u00ab\u00a0En ligne\u00a0\u00bb. <\/p>\n\n\n\n<ul class=\"wp-block-list\"><li>Soit il s&rsquo;agit de notices s\u00e9par\u00e9es dans Alma et qui sont <a href=\"https:\/\/services.lib.uliege.be\/alma\/primo-ve\/affichage-et-navigation\/frbr-et-dedoublonnement\/\">d\u00e9doublonn\u00e9es <\/a>dans Primo<ul><li>1 notice pour la version imprim\u00e9e \/ 1 notice pour la version en ligne<\/li><li>plusieurs notices pour un m\u00eame ouvrage dans Alma<\/li><\/ul><\/li><li>Soit il s&rsquo;agit d&rsquo;une notice qui poss\u00e8de un double inventaire physique \/ digital<ul><li>cas des ouvrages num\u00e9ris\u00e9s et accessibles via DONum.<\/li><\/ul><\/li><li>Soit il s&rsquo;agit de r\u00e9f\u00e9rences de ressources en ligne pour les lesquelles le lien est fait avec le p\u00e9riodique ou le livre qui contient l&rsquo;article, le chapitre&#8230;<\/li><\/ul>\n\n\n\n<h3 class=\"wp-block-heading\" id=\"affichage-de-la-localisation-physique-dans-une-reference-de-pci\">Affichage de la localisation physique dans une r\u00e9f\u00e9rence de PCI<\/h3>\n\n\n\n<p>Une r\u00e9f\u00e9rence d&rsquo;article ou de chapitre de livre peut renvoyer, en plus de son acc\u00e8s en ligne, \u00e0 l&rsquo;inventaire physique dans le catalogue.  Le syst\u00e8me n&rsquo;est pas en mesure d&rsquo;interpr\u00e9ter les donn\u00e9es textuelles au niveau du holding. C&rsquo;est la raison pour laquelle la mention indiqu\u00e9e pour support physique est \u00ab\u00a0\u00e9ventuellement disponible\u00a0\u00bb. <\/p>\n\n\n<div class=\"wp-block-image\">\n<figure class=\"aligncenter size-full is-resized\"><img loading=\"lazy\" decoding=\"async\" src=\"https:\/\/services.lib.uliege.be\/alma\/wp-content\/uploads\/2022\/09\/image-9.png\" alt=\"\" class=\"wp-image-6407\" width=\"651\" height=\"149\" srcset=\"https:\/\/services.lib.uliege.be\/alma\/wp-content\/uploads\/2022\/09\/image-9.png 829w, https:\/\/services.lib.uliege.be\/alma\/wp-content\/uploads\/2022\/09\/image-9-300x69.png 300w, https:\/\/services.lib.uliege.be\/alma\/wp-content\/uploads\/2022\/09\/image-9-768x176.png 768w\" sizes=\"auto, (max-width: 651px) 100vw, 651px\" \/><\/figure>\n<\/div>\n\n<div class=\"wp-block-image\">\n<figure class=\"aligncenter size-full is-resized\"><img loading=\"lazy\" decoding=\"async\" src=\"https:\/\/services.lib.uliege.be\/alma\/wp-content\/uploads\/2022\/09\/image-10.png\" alt=\"\" class=\"wp-image-6409\" width=\"654\" height=\"524\" srcset=\"https:\/\/services.lib.uliege.be\/alma\/wp-content\/uploads\/2022\/09\/image-10.png 888w, https:\/\/services.lib.uliege.be\/alma\/wp-content\/uploads\/2022\/09\/image-10-300x241.png 300w, https:\/\/services.lib.uliege.be\/alma\/wp-content\/uploads\/2022\/09\/image-10-768x616.png 768w\" sizes=\"auto, (max-width: 654px) 100vw, 654px\" \/><\/figure>\n<\/div>\n\n\n<h3 class=\"wp-block-heading\" id=\"plusieurs-versions\">Plusieurs versions<br><\/h3>\n\n\n\n<p>Les notices regroup\u00e9s par le processus de <a href=\"https:\/\/services.lib.uliege.be\/alma\/primo-ve\/affichage-et-navigation\/frbr-et-dedoublonnement\/\">FRBRisation<\/a> se pr\u00e9sentent sous une notice g\u00e9n\u00e9rique et sans information de disponibilit\u00e9 dans l&rsquo;affichage abr\u00e9g\u00e9.<\/p>\n\n\n\n<p>Le lien sur le titre ou sur la mention \u00ab\u00a0x versions trouv\u00e9es\u00a0\u00bb permet d&rsquo;ouvrir le groupe de notices. <\/p>\n\n\n\n<p>La vignette associ\u00e9e au groupe est sp\u00e9cifique aux groupes FRBR.<\/p>\n\n\n\n<h3 class=\"wp-block-heading\" id=\"ouvrir-le-detail-affichage-complet-et-services\">Ouvrir le d\u00e9tail : Affichage complet et services<\/h3>\n\n\n\n<p>Cliquer sur le lien du titre ou sur le lien de la disponibilit\u00e9 permet d&rsquo;afficher l&rsquo;ensemble des <strong>services <\/strong>pour la r\u00e9f\u00e9rence. Vous pouvez aussi cliquer \u00e0 n&rsquo;importe quel autre endroit sur la r\u00e9f\u00e9rence. <\/p>\n\n\n\n<p>Plus de d\u00e9tails sur la page <a href=\"https:\/\/services.lib.uliege.be\/alma\/primo-ve\/affichage-et-navigation\/full-record-services\/\">Affichage complet et services<\/a><\/p>\n","protected":false},"excerpt":{"rendered":"<p>Donn\u00e9es descriptives Sous le type de ressource, quatre lignes maximum peuvent \u00eatre affich\u00e9es. Sont affich\u00e9s : titre ; titre vernaculaire cr\u00e9ateurs ; contributeurs date de cr\u00e9ation | identification du document h\u00f4te publication ULi\u00e8ge | restricted access Pour les publications en s\u00e9rie, c&rsquo;est la zone 130 (titre uniforme) qui est prise&#8230; <a href=\"https:\/\/services.lib.uliege.be\/alma\/primo-ve\/affichage-et-navigation\/brief-display\/\" class=\"readmore\">Lire l&#039;int\u00e9gralit\u00e9&#8230;<span class=\"screen-reader-text\">Affichage abr\u00e9g\u00e9<\/span><span class=\"fa fa-angle-double-right\" aria-hidden=\"true\"><\/span><\/a><\/p>\n","protected":false},"author":5,"featured_media":0,"parent":3162,"menu_order":3,"comment_status":"closed","ping_status":"closed","template":"","meta":{"jetpack_post_was_ever_published":false,"footnotes":""},"class_list":["post-3164","page","type-page","status-publish","hentry"],"jetpack_sharing_enabled":true,"jetpack_shortlink":"https:\/\/wp.me\/P7rJUv-P2","_links":{"self":[{"href":"https:\/\/services.lib.uliege.be\/alma\/wp-json\/wp\/v2\/pages\/3164","targetHints":{"allow":["GET"]}}],"collection":[{"href":"https:\/\/services.lib.uliege.be\/alma\/wp-json\/wp\/v2\/pages"}],"about":[{"href":"https:\/\/services.lib.uliege.be\/alma\/wp-json\/wp\/v2\/types\/page"}],"author":[{"embeddable":true,"href":"https:\/\/services.lib.uliege.be\/alma\/wp-json\/wp\/v2\/users\/5"}],"replies":[{"embeddable":true,"href":"https:\/\/services.lib.uliege.be\/alma\/wp-json\/wp\/v2\/comments?post=3164"}],"version-history":[{"count":51,"href":"https:\/\/services.lib.uliege.be\/alma\/wp-json\/wp\/v2\/pages\/3164\/revisions"}],"predecessor-version":[{"id":6475,"href":"https:\/\/services.lib.uliege.be\/alma\/wp-json\/wp\/v2\/pages\/3164\/revisions\/6475"}],"up":[{"embeddable":true,"href":"https:\/\/services.lib.uliege.be\/alma\/wp-json\/wp\/v2\/pages\/3162"}],"wp:attachment":[{"href":"https:\/\/services.lib.uliege.be\/alma\/wp-json\/wp\/v2\/media?parent=3164"}],"curies":[{"name":"wp","href":"https:\/\/api.w.org\/{rel}","templated":true}]}}