{"id":3162,"date":"2019-02-28T16:43:23","date_gmt":"2019-02-28T15:43:23","guid":{"rendered":"https:\/\/app.lib.uliege.be\/alma\/?page_id=3162"},"modified":"2024-11-29T09:13:45","modified_gmt":"2024-11-29T08:13:45","slug":"affichage-et-navigation","status":"publish","type":"page","link":"https:\/\/services.lib.uliege.be\/alma\/primo-ve\/affichage-et-navigation\/","title":{"rendered":"Affichage et navigation"},"content":{"rendered":"<div class=\"wp-block-image\">\n<figure class=\"aligncenter size-full is-resized\"><img loading=\"lazy\" decoding=\"async\" width=\"934\" height=\"673\" src=\"https:\/\/services.lib.uliege.be\/alma\/wp-content\/uploads\/2022\/09\/image-1.png\" alt=\"\" class=\"wp-image-6381\" style=\"width:633px;height:456px\" srcset=\"https:\/\/services.lib.uliege.be\/alma\/wp-content\/uploads\/2022\/09\/image-1.png 934w, https:\/\/services.lib.uliege.be\/alma\/wp-content\/uploads\/2022\/09\/image-1-300x216.png 300w, https:\/\/services.lib.uliege.be\/alma\/wp-content\/uploads\/2022\/09\/image-1-768x553.png 768w\" sizes=\"auto, (max-width: 934px) 100vw, 934px\" \/><\/figure>\n<\/div>\n\n\n<p><strong>Le r\u00e9sultat d&rsquo;une recherche affiche :<\/strong><\/p>\n\n\n\n<ul class=\"wp-block-list\">\n<li>la possibilit\u00e9 de <strong>modifier le crit\u00e8re de tri<\/strong>\n<ul class=\"wp-block-list\">\n<li>Plus de d\u00e9tails sur la page  <a href=\"https:\/\/services.lib.uliege.be\/alma\/primo-ve\/affichage-et-navigation\/tri\/\">Tri des r\u00e9sultats<\/a><\/li>\n<\/ul>\n<\/li>\n\n\n\n<li>des <strong>filtres statiques et dynamiques<\/strong>\n<ul class=\"wp-block-list\">\n<li>Plus de d\u00e9tails sur la page <a href=\"https:\/\/services.lib.uliege.be\/alma\/primo-ve\/affichage-et-navigation\/facettes\/\">Facettes<\/a> <\/li>\n<\/ul>\n<\/li>\n\n\n\n<li>la <strong>liste de r\u00e9sultats sous forme de notices abr\u00e9g\u00e9es<\/strong>\n<ul class=\"wp-block-list\">\n<li>Plus de d\u00e9tails sur la page <a href=\"https:\/\/services.lib.uliege.be\/alma\/primo-ve\/affichage-et-navigation\/brief-display\/\">Affichage abr\u00e9g\u00e9<\/a><\/li>\n\n\n\n<li>Donnant acc\u00e8s \u00e0 l&rsquo;<a href=\"https:\/\/services.lib.uliege.be\/alma\/primo-ve\/affichage-et-navigation\/full-record-services\/\">Affichage complet et aux services<\/a><\/li>\n\n\n\n<li>Donnant acc\u00e8s, pour certaines r\u00e9f\u00e9rences, au PDF et au contenu du p\u00e9riodique<\/li>\n<\/ul>\n<\/li>\n\n\n\n<li>la possibilit\u00e9 de <strong>passer \u00e0 une page suivante \/pr\u00e9c\u00e9dente<\/strong> et d&rsquo;<strong>afficher plus de r\u00e9sultats<\/strong><br>\n<ul class=\"wp-block-list\">\n<li>Plus de d\u00e9tails sur la page <a href=\"https:\/\/services.lib.uliege.be\/alma\/primo-ve\/affichage-et-navigation\/navigation\/\">Navigation<\/a><\/li>\n<\/ul>\n<\/li>\n<\/ul>\n\n\n\n<p><strong>En fonction des termes de recherche utilis\u00e9s, l&rsquo;utilisateur peut se voir proposer :<\/strong><\/p>\n\n\n\n<ul class=\"wp-block-list\">\n<li>des <strong>ressources recommand\u00e9es<\/strong> (bases de donn\u00e9es, sites web, biblioth\u00e9caire de r\u00e9f\u00e9rence&#8230;)\n<ul class=\"wp-block-list\">\n<li> Plus de d\u00e9tails sur la page <a href=\"https:\/\/services.lib.uliege.be\/alma\/primo-ve\/affichage-et-navigation\/resource-recommender\/\">Resource Recommender<\/a> <\/li>\n<\/ul>\n<\/li>\n<\/ul>\n\n\n\n<p><strong>L&rsquo;utilisateur peut personnaliser ses r\u00e9sultats de recherche<\/strong> <\/p>\n\n\n\n<ul class=\"wp-block-list\">\n<li>Remarque : Compte tenu de probl\u00e8mes r\u00e9currents, cette fonctionnalit\u00e9 a \u00e9t\u00e9 d\u00e9sactiv\u00e9e d\u00e9but 2024.<\/li>\n<\/ul>\n\n\n\n<p><strong>L&rsquo;utilisateur identifi\u00e9 peut enregistrer une recherche<\/strong><\/p>\n\n\n\n<ul class=\"wp-block-list\">\n<li>et peut ainsi cr\u00e9er une alerte lorsqu&rsquo;il y a de nouveaux r\u00e9sultats correspondant \u00e0 ses recherches enregistr\u00e9es\n<ul class=\"wp-block-list\">\n<li>Plus de d\u00e9tails sur la page <a href=\"https:\/\/services.lib.uliege.be\/alma\/primo-ve\/fonctionnalites-de-gestion\/favoris\/enregistrer-et-gerer-des-recherches-et-alertes\/\">Recherches et alertes<\/a><\/li>\n<\/ul>\n<\/li>\n<\/ul>\n\n\n\n<p><br><br><\/p>\n","protected":false},"excerpt":{"rendered":"<p>Le r\u00e9sultat d&rsquo;une recherche affiche : En fonction des termes de recherche utilis\u00e9s, l&rsquo;utilisateur peut se voir proposer : L&rsquo;utilisateur peut personnaliser ses r\u00e9sultats de recherche L&rsquo;utilisateur identifi\u00e9 peut enregistrer une recherche<\/p>\n","protected":false},"author":5,"featured_media":0,"parent":3133,"menu_order":4,"comment_status":"closed","ping_status":"closed","template":"","meta":{"jetpack_post_was_ever_published":false,"footnotes":""},"class_list":["post-3162","page","type-page","status-publish","hentry"],"jetpack_sharing_enabled":true,"jetpack_shortlink":"https:\/\/wp.me\/P7rJUv-P0","_links":{"self":[{"href":"https:\/\/services.lib.uliege.be\/alma\/wp-json\/wp\/v2\/pages\/3162","targetHints":{"allow":["GET"]}}],"collection":[{"href":"https:\/\/services.lib.uliege.be\/alma\/wp-json\/wp\/v2\/pages"}],"about":[{"href":"https:\/\/services.lib.uliege.be\/alma\/wp-json\/wp\/v2\/types\/page"}],"author":[{"embeddable":true,"href":"https:\/\/services.lib.uliege.be\/alma\/wp-json\/wp\/v2\/users\/5"}],"replies":[{"embeddable":true,"href":"https:\/\/services.lib.uliege.be\/alma\/wp-json\/wp\/v2\/comments?post=3162"}],"version-history":[{"count":50,"href":"https:\/\/services.lib.uliege.be\/alma\/wp-json\/wp\/v2\/pages\/3162\/revisions"}],"predecessor-version":[{"id":6838,"href":"https:\/\/services.lib.uliege.be\/alma\/wp-json\/wp\/v2\/pages\/3162\/revisions\/6838"}],"up":[{"embeddable":true,"href":"https:\/\/services.lib.uliege.be\/alma\/wp-json\/wp\/v2\/pages\/3133"}],"wp:attachment":[{"href":"https:\/\/services.lib.uliege.be\/alma\/wp-json\/wp\/v2\/media?parent=3162"}],"curies":[{"name":"wp","href":"https:\/\/api.w.org\/{rel}","templated":true}]}}