{"id":3158,"date":"2019-02-28T16:42:29","date_gmt":"2019-02-28T15:42:29","guid":{"rendered":"https:\/\/app.lib.uliege.be\/alma\/?page_id=3158"},"modified":"2024-03-11T14:50:16","modified_gmt":"2024-03-11T13:50:16","slug":"autres-archives-ouvertes","status":"publish","type":"page","link":"https:\/\/services.lib.uliege.be\/alma\/primo-ve\/sources\/autres-archives-ouvertes\/","title":{"rendered":"Autres archives ouvertes"},"content":{"rendered":"\n<p>\u00c0 c\u00f4t\u00e9 des donn\u00e9es ORBi, MatheO et DONum, Primo moissonne les contenus des archives ouvertes suivantes :<\/p>\n\n\n\n<ol class=\"wp-block-list\">\n<li>KCE (<a href=\"https:\/\/kce.docressources.info\/index.php?lvl=cmspage&amp;pageid=12\" target=\"_blank\" rel=\"noreferrer noopener\">KCE Repository<\/a>)<\/li>\n\n\n\n<li>KU Leuven (<a href=\"https:\/\/limo.libis.be\/primo-explore\/search?vid=Lirias&amp;sortby=rank&amp;lang=en_US\" target=\"_blank\" rel=\"noreferrer noopener\">Lirias<\/a>)<\/li>\n\n\n\n<li>Universit\u00e9 Catholique de Louvain (<a href=\"https:\/\/dial.uclouvain.be\/pr\/boreal\/en\/search\/site\/*:*?f[0]=sm_institution.cleaned:UCLouvain\" target=\"_blank\" rel=\"noreferrer noopener\">DIAL<\/a>)<\/li>\n\n\n\n<li>Universit\u00e9 d&rsquo;Anvers (<a href=\"https:\/\/anet.uantwerpen.be\/desktop\/irua\" target=\"_blank\" rel=\"noreferrer noopener\">IRUA<\/a>)<\/li>\n\n\n\n<li>Universit\u00e9 d&rsquo;Hasselt (<a href=\"https:\/\/documentserver.uhasselt.be\/\" target=\"_blank\" rel=\"noreferrer noopener\">Document Server@UHasselt<\/a>)<\/li>\n\n\n\n<li>Universit\u00e9 de Gand (<a href=\"https:\/\/biblio.ugent.be\/\" target=\"_blank\" rel=\"noreferrer noopener\">Academic Bibliography<\/a>)<\/li>\n\n\n\n<li>Universit\u00e9 de Mons (<a href=\"https:\/\/orbi.umons.ac.be\/\" target=\"_blank\" rel=\"noreferrer noopener\">ORBi UMONS<\/a>)<\/li>\n\n\n\n<li>Universit\u00e9 de Namur (<a href=\"https:\/\/researchportal.unamur.be\/\" target=\"_blank\" rel=\"noreferrer noopener\">Research Portal<\/a>)<\/li>\n\n\n\n<li>Universit\u00e9 du Luxembourg (<a href=\"https:\/\/orbilu.uni.lu\/\" target=\"_blank\" rel=\"noreferrer noopener\">ORBilu<\/a>)<\/li>\n\n\n\n<li>Universit\u00e9 libre de Bruxelles (<a href=\"https:\/\/difusion.ulb.ac.be\/\" target=\"_blank\" rel=\"noreferrer noopener\">DI-fusion<\/a>)<\/li>\n\n\n\n<li>Universit\u00e9 Saint-Louis \u2013 Bruxelles (<a href=\"https:\/\/dial.uclouvain.be\/pr\/boreal\/en\/search\/site\/%2A%3A%2A?f%5B0%5D=sm_institution.cleaned%3AUSL-B\" target=\"_blank\" rel=\"noreferrer noopener\">DIAL<\/a>)<\/li>\n<\/ol>\n\n\n\n<p>La mise \u00e0 jour de ces d\u00e9p\u00f4ts se fait de fa\u00e7on hebdomadaire. Seuls les<strong> contenus en acc\u00e8s libre<\/strong> sont ajout\u00e9s \u00e0 notre catalogue.<\/p>\n\n\n\n<p>Ne sont pas pas moissonn\u00e9es en l&rsquo;\u00e9tat, les d\u00e9p\u00f4ts des institutions\/outils suivants :<\/p>\n\n\n\n<ul class=\"wp-block-list\">\n<li>Institute of Tropical Medicine (Antwerp)<\/li>\n\n\n\n<li>Orfeo (KBR, Meyse, Belspo\u2026)<\/li>\n\n\n\n<li>Sciensano<\/li>\n\n\n\n<li>Vlerick Business School<\/li>\n\n\n\n<li>VUB<\/li>\n<\/ul>\n\n\n\n<p class=\"has-text-align-center\">&#8212;&#8212;&#8212;&#8212;&#8212;&#8212;&#8212;-<\/p>\n\n\n\n<h4 class=\"wp-block-heading\">Remarque : <\/h4>\n\n\n\n<p>Les contenus des plates-formes et archives ouvertes suivantes sont int\u00e9gr\u00e9s via une ou plusieurs collections activ\u00e9es dans Central Discovery Index :<\/p>\n\n\n\n<ul class=\"wp-block-list\">\n<li>arXiv<\/li>\n\n\n\n<li>HAL<\/li>\n\n\n\n<li>PoPupS<\/li>\n\n\n\n<li>PubMed Central<\/li>\n\n\n\n<li>RePEc<\/li>\n\n\n\n<li>theses.fr<\/li>\n<\/ul>\n\n\n\n<p>Plus d&rsquo;informations sur le <a href=\"https:\/\/services.lib.uliege.be\/alma\/primo-ve\/sources\/central-discovery-index\/\">contenu de CDI activ\u00e9 \u00e0 l\u2019ULi\u00e8ge<\/a>.<\/p>\n","protected":false},"excerpt":{"rendered":"<p>\u00c0 c\u00f4t\u00e9 des donn\u00e9es ORBi, MatheO et DONum, Primo moissonne les contenus des archives ouvertes suivantes : La mise \u00e0 jour de ces d\u00e9p\u00f4ts se fait de fa\u00e7on hebdomadaire. Seuls les contenus en acc\u00e8s libre sont ajout\u00e9s \u00e0 notre catalogue. Ne sont pas pas moissonn\u00e9es en l&rsquo;\u00e9tat, les d\u00e9p\u00f4ts des&#8230; <a href=\"https:\/\/services.lib.uliege.be\/alma\/primo-ve\/sources\/autres-archives-ouvertes\/\" class=\"readmore\">Lire l&#039;int\u00e9gralit\u00e9&#8230;<span class=\"screen-reader-text\">Autres archives ouvertes<\/span><span class=\"fa fa-angle-double-right\" aria-hidden=\"true\"><\/span><\/a><\/p>\n","protected":false},"author":5,"featured_media":0,"parent":3147,"menu_order":5,"comment_status":"closed","ping_status":"closed","template":"","meta":{"jetpack_post_was_ever_published":false,"footnotes":""},"class_list":["post-3158","page","type-page","status-publish","hentry"],"jetpack_sharing_enabled":true,"jetpack_shortlink":"https:\/\/wp.me\/P7rJUv-OW","_links":{"self":[{"href":"https:\/\/services.lib.uliege.be\/alma\/wp-json\/wp\/v2\/pages\/3158","targetHints":{"allow":["GET"]}}],"collection":[{"href":"https:\/\/services.lib.uliege.be\/alma\/wp-json\/wp\/v2\/pages"}],"about":[{"href":"https:\/\/services.lib.uliege.be\/alma\/wp-json\/wp\/v2\/types\/page"}],"author":[{"embeddable":true,"href":"https:\/\/services.lib.uliege.be\/alma\/wp-json\/wp\/v2\/users\/5"}],"replies":[{"embeddable":true,"href":"https:\/\/services.lib.uliege.be\/alma\/wp-json\/wp\/v2\/comments?post=3158"}],"version-history":[{"count":17,"href":"https:\/\/services.lib.uliege.be\/alma\/wp-json\/wp\/v2\/pages\/3158\/revisions"}],"predecessor-version":[{"id":6721,"href":"https:\/\/services.lib.uliege.be\/alma\/wp-json\/wp\/v2\/pages\/3158\/revisions\/6721"}],"up":[{"embeddable":true,"href":"https:\/\/services.lib.uliege.be\/alma\/wp-json\/wp\/v2\/pages\/3147"}],"wp:attachment":[{"href":"https:\/\/services.lib.uliege.be\/alma\/wp-json\/wp\/v2\/media?parent=3158"}],"curies":[{"name":"wp","href":"https:\/\/api.w.org\/{rel}","templated":true}]}}