{"id":3156,"date":"2019-02-28T16:41:49","date_gmt":"2019-02-28T15:41:49","guid":{"rendered":"https:\/\/app.lib.uliege.be\/alma\/?page_id=3156"},"modified":"2023-08-24T14:53:18","modified_gmt":"2023-08-24T12:53:18","slug":"donum","status":"publish","type":"page","link":"https:\/\/services.lib.uliege.be\/alma\/primo-ve\/sources\/donum\/","title":{"rendered":"DONum"},"content":{"rendered":"\n<p>Afin d&rsquo;optimiser l&rsquo;int\u00e9gration DONum\/Primo, le moissonnage complet des r\u00e9pertoires <a rel=\"noreferrer noopener\" aria-label=\"DONum ULi\u00e8ge (opens in a new tab)\" href=\"https:\/\/donum.uliege.be\/\" target=\"_blank\">DONum ULi\u00e8ge<\/a> et <a rel=\"noreferrer noopener\" href=\"http:\/\/donum.bicfb.be\/\" data-type=\"link\" data-id=\"http:\/\/donum.bicfb.be\/\" target=\"_blank\">DONum BICfB<\/a> a \u00e9t\u00e9 reconsid\u00e9r\u00e9. Des informations dupliqu\u00e9es pour une m\u00eame r\u00e9f\u00e9rence (la notice Marc d&rsquo;Alma et la notice DONum ULi\u00e8ge) rendait les r\u00e9sultats de recherche parfois incompr\u00e9hensibles pour l&rsquo;utilisateur final. <\/p>\n\n\n\n<h3 class=\"wp-block-heading\">DONum ULi\u00e8ge<\/h3>\n\n\n\n<p>Deux proc\u00e9dures sont exploit\u00e9es pour l&rsquo;int\u00e9gration des donn\u00e9es DONum dans l&rsquo;interface de recherche Primo.<br> <br>DONum propose dans sa sortie OAI des &lsquo;sets&rsquo; par type d&rsquo;objet. Sont ainsi diff\u00e9renci\u00e9s les objets de type &lsquo;livres&rsquo;, &lsquo;manuscrits&rsquo;, &lsquo;incunables&rsquo;, des objets qui ne sont pas g\u00e9n\u00e9ralement d\u00e9crits dans le SGB : estampes, dessins, fossiles, objets manufactur\u00e9s&#8230;<\/p>\n\n\n\n<h4 class=\"wp-block-heading\"><strong>1<\/strong> <strong>&#8211; Associer dans Alma les repr\u00e9sentations num\u00e9riques distantes<\/strong><\/h4>\n\n\n\n<p> Types de document DONum ULi\u00e8ge concern\u00e9s :<\/p>\n\n\n\n<ul class=\"wp-block-list\">\n<li>Affiche, placard<\/li>\n\n\n\n<li>Album photo<\/li>\n\n\n\n<li>Article<\/li>\n\n\n\n<li>Atlas<\/li>\n\n\n\n<li>Carte<\/li>\n\n\n\n<li>Document d&rsquo;archives<\/li>\n\n\n\n<li>Incunable<\/li>\n\n\n\n<li>Journal<\/li>\n\n\n\n<li>Livre, monographie<\/li>\n\n\n\n<li>Manuscrit<\/li>\n\n\n\n<li>Partition musicale<\/li>\n\n\n\n<li>P\u00e9riodique, revue<\/li>\n\n\n\n<li>Plan<\/li>\n<\/ul>\n\n\n\n<p>Avec la composante \u00ab\u00a0Digital\u00a0\u00bb d&rsquo;Alma, nous pouvons donc exploiter diff\u00e9rentes possibilit\u00e9s de gestion de repr\u00e9sentations num\u00e9riques. <br>Les repr\u00e9sentations num\u00e9riques &#8211; fichiers PDF ou JPEG &#8211; sont consid\u00e9r\u00e9es comme des repr\u00e9sentations distantes, accessibles via la configuration de Gestion des entrep\u00f4ts num\u00e9riques distants (Remote Digital Repository).<\/p>\n\n\n\n<p>Trois entrep\u00f4ts num\u00e9riques distants sont configur\u00e9s pour DONum :<\/p>\n\n\n\n<ul class=\"wp-block-list\">\n<li>DONum ULi\u00e8ge &#8211; le principal, qui permet la gestion de la majorit\u00e9 des repr\u00e9sentations num\u00e9riques des objets Livre, manuscrit, carte&#8230;<\/li>\n\n\n\n<li>DONum ULi\u00e8ge Presse &#8211; pour les num\u00e9risations de journaux, p\u00e9riodiques,&#8230; num\u00e9ris\u00e9s dans le cadre d&rsquo;expositions temporaires, et dont les repr\u00e9sentations num\u00e9riques sont stock\u00e9es sur le serveur DONum mais par forc\u00e9ment accessibles dans une des collections DONum.<\/li>\n\n\n\n<li>DONum ULi\u00e8ge Archives &#8211;  pour les fonds d&rsquo;archives num\u00e9ris\u00e9s.<\/li>\n<\/ul>\n\n\n\n<p>Les ressources physiques qui font l&rsquo;objet d&rsquo;une op\u00e9ration de num\u00e9risation poss\u00e8dent donc d\u00e9sormais 2 inventaires dans Alma :<\/p>\n\n\n\n<ul class=\"wp-block-list\">\n<li>l&rsquo;inventaire physique<\/li>\n\n\n\n<li>l&rsquo;inventaire digital<\/li>\n<\/ul>\n\n\n\n<figure class=\"wp-block-image\"><img loading=\"lazy\" decoding=\"async\" width=\"775\" height=\"485\" src=\"https:\/\/services.lib.uliege.be\/alma\/wp-content\/uploads\/2019\/04\/image-68.png\" alt=\"\" class=\"wp-image-4088\" srcset=\"https:\/\/services.lib.uliege.be\/alma\/wp-content\/uploads\/2019\/04\/image-68.png 775w, https:\/\/services.lib.uliege.be\/alma\/wp-content\/uploads\/2019\/04\/image-68-300x188.png 300w, https:\/\/services.lib.uliege.be\/alma\/wp-content\/uploads\/2019\/04\/image-68-768x481.png 768w\" sizes=\"auto, (max-width: 775px) 100vw, 775px\" \/><figcaption class=\"wp-element-caption\">Notice de manuscrit : inventaire physique, collection (Galerie Primo) et inventaire digital. <\/figcaption><\/figure>\n\n\n\n<p><br>Pour pouvoir associer un inventaire num\u00e9rique \u00e0 une notice Alma, il faut que la ressource fasse partie d&rsquo;une <a href=\"https:\/\/app.lib.uliege.be\/guide_catalo\/collections-dans-alma\/\" target=\"_blank\" rel=\"noreferrer noopener\">Collection Alma<\/a>. Ici, le manuscrit a \u00e9t\u00e9 plac\u00e9 dans la Collection \u00ab\u00a0Manuscrits enlumin\u00e9s\u00a0\u00bb, visible dans Primo sous la <a href=\"https:\/\/services.lib.uliege.be\/alma\/primo-ve\/recherche-et-decouverte\/galeries\/\">Galerie<\/a> Patrimoine \/ sous-galerie Manuscrits.<\/p>\n\n\n\n<p>La configuration de l&rsquo;entrep\u00f4t num\u00e9rique distant permet de g\u00e9rer le lien vers la repr\u00e9sentation num\u00e9rique de la ressource et d&rsquo;associer une vignette \u00e0 la notice. <br>Dans Alma, le bouton \u00ab\u00a0Viewer\u00a0\u00bb permet de rebondir vers DONum.<\/p>\n\n\n\n<p>Dans l&rsquo;outil de d\u00e9couverte, la ressource appara\u00eet avec ses 2 inventaires.<br><em>Il n&rsquo;y a donc plus de doublons SGB &#8211; DONum dans les r\u00e9sultats de recherche et l&rsquo;utilisateur a directement acc\u00e8s \u00e0 la description compl\u00e8te ainsi qu&rsquo;aux diff\u00e9rents acc\u00e8s possibles au document.<\/em><br><br><\/p>\n\n\n\n<figure class=\"wp-block-image\"><img loading=\"lazy\" decoding=\"async\" width=\"909\" height=\"197\" src=\"https:\/\/services.lib.uliege.be\/alma\/wp-content\/uploads\/2019\/03\/image-28.png\" alt=\"\" class=\"wp-image-3436\" srcset=\"https:\/\/services.lib.uliege.be\/alma\/wp-content\/uploads\/2019\/03\/image-28.png 909w, https:\/\/services.lib.uliege.be\/alma\/wp-content\/uploads\/2019\/03\/image-28-300x65.png 300w, https:\/\/services.lib.uliege.be\/alma\/wp-content\/uploads\/2019\/03\/image-28-768x166.png 768w\" sizes=\"auto, (max-width: 909px) 100vw, 909px\" \/><figcaption class=\"wp-element-caption\">Dans Primo, la notice abr\u00e9g\u00e9e, sa vignette, et les 2 inventaires : physique et digital.<\/figcaption><\/figure>\n\n\n\n<p>Pour plus de d\u00e9tail, voir le support de formation <a href=\"https:\/\/services.lib.uliege.be\/alma\/wp-content\/uploads\/2019\/01\/RM_Workflows_Alma-Primo-Donum_14012019.pptx\" target=\"_blank\" rel=\"noreferrer noopener\" aria-label=\" (opens in a new tab)\">Int\u00e9gration de repr\u00e9sentations digitales distantes dans Alma (Alma\/Primo \u2013 DONum) <\/a><\/p>\n\n\n\n<p>Certains titres de p\u00e9riodiques num\u00e9ris\u00e9s ont \u00e9t\u00e9 contribu\u00e9s \u00e0 la CZ Alma. Ces portfolios ne sont pas (plus) activ\u00e9s dans notre zone Institution, au profit du double inventaire Physique \/ Digital li\u00e9 \u00e0 la notice de la ressource papier.<\/p>\n\n\n\n<h4 class=\"wp-block-heading\"><strong>2<\/strong> <strong>&#8211;<\/strong> <strong>Moissonner les sets d&rsquo;objets pour lesquels il n&rsquo;y a pas de description bibliographique ni d&rsquo;inventaire dans Alma<\/strong><\/h4>\n\n\n\n<p>Types de document DONum ULi\u00e8ge dont les notices sont moissonn\u00e9es :<\/p>\n\n\n\n<ul class=\"wp-block-list\">\n<li>Correspondance, lettres<\/li>\n\n\n\n<li>Dessin<\/li>\n\n\n\n<li>Diapositive<\/li>\n\n\n\n<li>Estampe, gravure<\/li>\n\n\n\n<li>Fossiles<\/li>\n\n\n\n<li>Objet d&rsquo;art<\/li>\n\n\n\n<li>Objet manufactur\u00e9<\/li>\n\n\n\n<li>Tableau, peinture<\/li>\n<\/ul>\n\n\n\n<p>La mise \u00e0 jour est hebdomadaire. <\/p>\n\n\n\n<p>Vous pouvez retrouver les notices DONum ULi\u00e8ge moissonn\u00e9es avec la requ\u00eate \u00ab\u00a0<a href=\"https:\/\/explore.lib.uliege.be\/discovery\/search?query=any,contains,ULIEGE_DONUM&amp;tab=ULIEGE&amp;search_scope=ULIEGE&amp;vid=32ULG_INST:ULIEGE&amp;lang=fr&amp;offset=0\">ULIEGE_DONUM<\/a>\u00ab\u00a0.<\/p>\n\n\n\n<h3 class=\"wp-block-heading\">DONum BICfB<\/h3>\n\n\n\n<p>Mise \u00e0 jour du 24 ao\u00fbt 2023 : Compte tenu notamment de la pr\u00e9sence de nombreux liens bris\u00e9s, de la difficult\u00e9 de garantir les acc\u00e8s aux notices et de la nature du contenu de nombreuses collections (ex.: 1 record = 1 volume de p\u00e9riodique), les donn\u00e9es venant de <a rel=\"noreferrer noopener\" aria-label=\"DONum BICfB (opens in a new tab)\" href=\"http:\/\/donum.bicfb.be\/\" target=\"_blank\">DONum BICfB<\/a> ne sont plus moissonn\u00e9es par Primo VE depuis ao\u00fbt 2023. Les 7.850 notices existantes ont \u00e9t\u00e9 supprim\u00e9es avec l&rsquo;intervention du support Ex Libris (#06861885). <\/p>\n","protected":false},"excerpt":{"rendered":"<p>Afin d&rsquo;optimiser l&rsquo;int\u00e9gration DONum\/Primo, le moissonnage complet des r\u00e9pertoires DONum ULi\u00e8ge et DONum BICfB a \u00e9t\u00e9 reconsid\u00e9r\u00e9. Des informations dupliqu\u00e9es pour une m\u00eame r\u00e9f\u00e9rence (la notice Marc d&rsquo;Alma et la notice DONum ULi\u00e8ge) rendait les r\u00e9sultats de recherche parfois incompr\u00e9hensibles pour l&rsquo;utilisateur final. DONum ULi\u00e8ge Deux proc\u00e9dures sont exploit\u00e9es pour&#8230; <a href=\"https:\/\/services.lib.uliege.be\/alma\/primo-ve\/sources\/donum\/\" class=\"readmore\">Lire l&#039;int\u00e9gralit\u00e9&#8230;<span class=\"screen-reader-text\">DONum<\/span><span class=\"fa fa-angle-double-right\" aria-hidden=\"true\"><\/span><\/a><\/p>\n","protected":false},"author":5,"featured_media":0,"parent":3147,"menu_order":4,"comment_status":"closed","ping_status":"closed","template":"","meta":{"jetpack_post_was_ever_published":false,"footnotes":""},"class_list":["post-3156","page","type-page","status-publish","hentry"],"jetpack_sharing_enabled":true,"jetpack_shortlink":"https:\/\/wp.me\/P7rJUv-OU","_links":{"self":[{"href":"https:\/\/services.lib.uliege.be\/alma\/wp-json\/wp\/v2\/pages\/3156","targetHints":{"allow":["GET"]}}],"collection":[{"href":"https:\/\/services.lib.uliege.be\/alma\/wp-json\/wp\/v2\/pages"}],"about":[{"href":"https:\/\/services.lib.uliege.be\/alma\/wp-json\/wp\/v2\/types\/page"}],"author":[{"embeddable":true,"href":"https:\/\/services.lib.uliege.be\/alma\/wp-json\/wp\/v2\/users\/5"}],"replies":[{"embeddable":true,"href":"https:\/\/services.lib.uliege.be\/alma\/wp-json\/wp\/v2\/comments?post=3156"}],"version-history":[{"count":35,"href":"https:\/\/services.lib.uliege.be\/alma\/wp-json\/wp\/v2\/pages\/3156\/revisions"}],"predecessor-version":[{"id":6634,"href":"https:\/\/services.lib.uliege.be\/alma\/wp-json\/wp\/v2\/pages\/3156\/revisions\/6634"}],"up":[{"embeddable":true,"href":"https:\/\/services.lib.uliege.be\/alma\/wp-json\/wp\/v2\/pages\/3147"}],"wp:attachment":[{"href":"https:\/\/services.lib.uliege.be\/alma\/wp-json\/wp\/v2\/media?parent=3156"}],"curies":[{"name":"wp","href":"https:\/\/api.w.org\/{rel}","templated":true}]}}