{"id":3154,"date":"2019-02-28T16:41:19","date_gmt":"2019-02-28T15:41:19","guid":{"rendered":"https:\/\/app.lib.uliege.be\/alma\/?page_id=3154"},"modified":"2020-09-30T19:56:37","modified_gmt":"2020-09-30T17:56:37","slug":"matheo","status":"publish","type":"page","link":"https:\/\/services.lib.uliege.be\/alma\/primo-ve\/sources\/matheo\/","title":{"rendered":"MatheO"},"content":{"rendered":"\n<p>Comme les autres sources externes, <a rel=\"noreferrer noopener\" aria-label=\"MatheO  (opens in a new tab)\" href=\"https:\/\/matheo.uliege.be\" target=\"_blank\">MatheO<\/a> est moissonn\u00e9 par OAI. Le format source des donn\u00e9es est le Dublin Core. L&rsquo;int\u00e9gralit\u00e9 du r\u00e9pertoire MatheO est moissonn\u00e9e \u00e0 partir de DSpace, via un profil d&rsquo;import sp\u00e9cifique d\u00e9fini dans Primo VE.<\/p>\n\n\n\n<p>La mise \u00e0 jour est hebdomadaire.<\/p>\n\n\n\n<p>Les notices import\u00e9es sont <em><a href=\"https:\/\/services.lib.uliege.be\/alma\/primo-ve\/affichage-et-navigation\/frbr-et-dedoublonnement\/\">FRBRris\u00e9es<\/a> <\/em>avec le contenu du r\u00e9pertoire Alma. <\/p>\n\n\n\n<p>Vous pouvez retrouver l&rsquo;ensemble des notices moissonn\u00e9es avec la requ\u00eate <a rel=\"noreferrer noopener\" aria-label=\" (opens in a new tab)\" href=\"https:\/\/explore.lib.uliege.be\/discovery\/search?query=any,contains,ULIEGE_MATHEO&amp;tab=ULIEGE&amp;search_scope=ULIEGE&amp;vid=32ULG_INST:ULIEGE&amp;sortby=rank&amp;lang=fr\" target=\"_blank\">ULIEGE_MATHEO<\/a>.<\/p>\n","protected":false},"excerpt":{"rendered":"<p>Comme les autres sources externes, MatheO est moissonn\u00e9 par OAI. Le format source des donn\u00e9es est le Dublin Core. L&rsquo;int\u00e9gralit\u00e9 du r\u00e9pertoire MatheO est moissonn\u00e9e \u00e0 partir de DSpace, via un profil d&rsquo;import sp\u00e9cifique d\u00e9fini dans Primo VE. La mise \u00e0 jour est hebdomadaire. Les notices import\u00e9es sont FRBRris\u00e9es avec&#8230; <a href=\"https:\/\/services.lib.uliege.be\/alma\/primo-ve\/sources\/matheo\/\" class=\"readmore\">Lire l&#039;int\u00e9gralit\u00e9&#8230;<span class=\"screen-reader-text\">MatheO<\/span><span class=\"fa fa-angle-double-right\" aria-hidden=\"true\"><\/span><\/a><\/p>\n","protected":false},"author":5,"featured_media":0,"parent":3147,"menu_order":3,"comment_status":"closed","ping_status":"closed","template":"","meta":{"jetpack_post_was_ever_published":false,"footnotes":""},"class_list":["post-3154","page","type-page","status-publish","hentry"],"jetpack_sharing_enabled":true,"jetpack_shortlink":"https:\/\/wp.me\/P7rJUv-OS","_links":{"self":[{"href":"https:\/\/services.lib.uliege.be\/alma\/wp-json\/wp\/v2\/pages\/3154","targetHints":{"allow":["GET"]}}],"collection":[{"href":"https:\/\/services.lib.uliege.be\/alma\/wp-json\/wp\/v2\/pages"}],"about":[{"href":"https:\/\/services.lib.uliege.be\/alma\/wp-json\/wp\/v2\/types\/page"}],"author":[{"embeddable":true,"href":"https:\/\/services.lib.uliege.be\/alma\/wp-json\/wp\/v2\/users\/5"}],"replies":[{"embeddable":true,"href":"https:\/\/services.lib.uliege.be\/alma\/wp-json\/wp\/v2\/comments?post=3154"}],"version-history":[{"count":10,"href":"https:\/\/services.lib.uliege.be\/alma\/wp-json\/wp\/v2\/pages\/3154\/revisions"}],"predecessor-version":[{"id":5527,"href":"https:\/\/services.lib.uliege.be\/alma\/wp-json\/wp\/v2\/pages\/3154\/revisions\/5527"}],"up":[{"embeddable":true,"href":"https:\/\/services.lib.uliege.be\/alma\/wp-json\/wp\/v2\/pages\/3147"}],"wp:attachment":[{"href":"https:\/\/services.lib.uliege.be\/alma\/wp-json\/wp\/v2\/media?parent=3154"}],"curies":[{"name":"wp","href":"https:\/\/api.w.org\/{rel}","templated":true}]}}