{"id":3151,"date":"2019-02-28T16:40:36","date_gmt":"2019-02-28T15:40:36","guid":{"rendered":"https:\/\/app.lib.uliege.be\/alma\/?page_id=3151"},"modified":"2022-09-30T14:56:11","modified_gmt":"2022-09-30T12:56:11","slug":"orbi","status":"publish","type":"page","link":"https:\/\/services.lib.uliege.be\/alma\/primo-ve\/sources\/orbi\/","title":{"rendered":"ORBi"},"content":{"rendered":"\n<p>Le r\u00e9pertoire institutionnel <a rel=\"noreferrer noopener\" aria-label=\"ORBi (opens in a new tab)\" href=\"https:\/\/orbi.uliege.be\/\" target=\"_blank\">ORBi<\/a> (version 2 en phase de pr\u00e9-production) est moissonn\u00e9 \u00e0 partir de DSpace par OAI. Pour cela, on d\u00e9finit un profil d&rsquo;import dans Primo VE, tout comme pour <a href=\"https:\/\/services.lib.uliege.be\/alma\/primo-ve\/sources\/donum\/\">DONum<\/a>, <a href=\"https:\/\/services.lib.uliege.be\/alma\/primo-ve\/sources\/matheo\/\">MatheO<\/a> et les <a href=\"https:\/\/services.lib.uliege.be\/alma\/primo-ve\/sources\/autres-archives-ouvertes\/\">autres archives ouvertes<\/a>. Le format source des donn\u00e9es est le Dublin Core. <br><\/p>\n\n\n\n<p>\u00c0 tout profil d&rsquo;import peuvent \u00eatre associ\u00e9es des r\u00e8gles de normalisation. Par exemple, des types de document non pr\u00e9vus dans Primo VE, peuvent \u00eatre d\u00e9finis soit via une table de conversion, soit via des r\u00e8gles de normalisation. Les r\u00e8gles de normalisation utilis\u00e9es pour les sources externes en XML g\u00e9n\u00e9rique ou en Dublin Core sont localis\u00e9es dans l&rsquo;\u00e9diteur de m\u00e9tadonn\u00e9es, comme les autres r\u00e8gles de normalisation, fusion ou indication, utilis\u00e9es dans Alma.<\/p>\n\n\n\n<p>Ne sont moissonn\u00e9es via ce profil d&rsquo;import ORBi que les r\u00e9f\u00e9rences avec un texte int\u00e9gral  :<\/p>\n\n\n\n<ul class=\"wp-block-list\"><li>en acc\u00e8s libre &#8211; <em>ouvert \u00e0 tous<\/em> ;<\/li><li>en acc\u00e8s restreint &#8211; <em>accessible par la communaut\u00e9 universitaire ULi\u00e8ge (personnel et \u00e9tudiants) apr\u00e8s identification sur ORBi<\/em>.<\/li><\/ul>\n\n\n\n<p>Les r\u00e9f\u00e9rences sans texte int\u00e9gral ou avec seulement un adjuvant et les r\u00e9f\u00e9rences en acc\u00e8s priv\u00e9 ne sont pas moissonn\u00e9es. <\/p>\n\n\n\n<p>Les r\u00e9f\u00e9rences tagg\u00e9es comme Peer reviewed apparaissent comme telles dans Primo :<\/p>\n\n\n<div class=\"wp-block-image\">\n<figure class=\"aligncenter size-large is-resized\"><img loading=\"lazy\" decoding=\"async\" src=\"https:\/\/services.lib.uliege.be\/alma\/wp-content\/uploads\/2022\/09\/image-6-1024x181.png\" alt=\"\" class=\"wp-image-6399\" width=\"460\" height=\"81\" srcset=\"https:\/\/services.lib.uliege.be\/alma\/wp-content\/uploads\/2022\/09\/image-6-1024x181.png 1024w, https:\/\/services.lib.uliege.be\/alma\/wp-content\/uploads\/2022\/09\/image-6-300x53.png 300w, https:\/\/services.lib.uliege.be\/alma\/wp-content\/uploads\/2022\/09\/image-6-768x136.png 768w, https:\/\/services.lib.uliege.be\/alma\/wp-content\/uploads\/2022\/09\/image-6.png 1141w\" sizes=\"auto, (max-width: 460px) 100vw, 460px\" \/><\/figure>\n<\/div>\n\n<div class=\"wp-block-image\">\n<figure class=\"aligncenter size-large is-resized\"><img loading=\"lazy\" decoding=\"async\" src=\"https:\/\/services.lib.uliege.be\/alma\/wp-content\/uploads\/2022\/09\/image-5-1024x466.png\" alt=\"\" class=\"wp-image-6397\" width=\"582\" height=\"265\" srcset=\"https:\/\/services.lib.uliege.be\/alma\/wp-content\/uploads\/2022\/09\/image-5-1024x466.png 1024w, https:\/\/services.lib.uliege.be\/alma\/wp-content\/uploads\/2022\/09\/image-5-300x137.png 300w, https:\/\/services.lib.uliege.be\/alma\/wp-content\/uploads\/2022\/09\/image-5-768x350.png 768w, https:\/\/services.lib.uliege.be\/alma\/wp-content\/uploads\/2022\/09\/image-5.png 1327w\" sizes=\"auto, (max-width: 582px) 100vw, 582px\" \/><\/figure>\n<\/div>\n\n\n<p>Il peut aussi arriver que des r\u00e9f\u00e9rences ne disposent pas du texte int\u00e9gral complet (par exemple dans le cas d&rsquo;un ouvrage pour lequel l&rsquo;auteur n&rsquo;aurait mis qu&rsquo;un chapitre en ligne). Il s&rsquo;agit de faux positifs et la pr\u00e9sence dans Primo de ce genre de r\u00e9f\u00e9rences peut laisser l&rsquo;usager sur sa faim&#8230; Il est conseill\u00e9 de contacter l&rsquo;\u00e9quipe ORBi \u00e0 <a href=\"mailto:orbi@uliege.be\">orbi@uliege.be<\/a> pour voir si elle peut faire quelque chose.<\/p>\n\n\n\n<p>La mise \u00e0 jour (moissonnage des nouveaut\u00e9s et notices mises \u00e0 jour) se fait tous les matins \u00e0 04:00.<br>Les notices import\u00e9es sont&nbsp;<em><a href=\"https:\/\/services.lib.uliege.be\/alma\/primo-ve\/affichage-et-navigation\/frbr-et-dedoublonnement\/\">FRBRris\u00e9es<\/a>&nbsp;<\/em>avec le contenu du r\u00e9pertoire Alma.<\/p>\n\n\n\n<p> Vous pouvez retrouver l&rsquo;ensemble des notices moissonn\u00e9es avec la requ\u00eate <a href=\"https:\/\/explore.lib.uliege.be\/discovery\/search?query=any,contains,ULIEGE_ORBI&amp;tab=ULIEGE&amp;search_scope=ULIEGE&amp;vid=32ULG_INST:ULIEGE&amp;lang=fr&amp;offset=0\" target=\"_blank\" rel=\"noreferrer noopener\" aria-label=\" (opens in a new tab)\">ULIEGE_ORBI<\/a>. <\/p>\n","protected":false},"excerpt":{"rendered":"<p>Le r\u00e9pertoire institutionnel ORBi (version 2 en phase de pr\u00e9-production) est moissonn\u00e9 \u00e0 partir de DSpace par OAI. Pour cela, on d\u00e9finit un profil d&rsquo;import dans Primo VE, tout comme pour DONum, MatheO et les autres archives ouvertes. Le format source des donn\u00e9es est le Dublin Core. \u00c0 tout profil&#8230; <a href=\"https:\/\/services.lib.uliege.be\/alma\/primo-ve\/sources\/orbi\/\" class=\"readmore\">Lire l&#039;int\u00e9gralit\u00e9&#8230;<span class=\"screen-reader-text\">ORBi<\/span><span class=\"fa fa-angle-double-right\" aria-hidden=\"true\"><\/span><\/a><\/p>\n","protected":false},"author":5,"featured_media":0,"parent":3147,"menu_order":2,"comment_status":"closed","ping_status":"closed","template":"","meta":{"jetpack_post_was_ever_published":false,"footnotes":""},"class_list":["post-3151","page","type-page","status-publish","hentry"],"jetpack_sharing_enabled":true,"jetpack_shortlink":"https:\/\/wp.me\/P7rJUv-OP","_links":{"self":[{"href":"https:\/\/services.lib.uliege.be\/alma\/wp-json\/wp\/v2\/pages\/3151","targetHints":{"allow":["GET"]}}],"collection":[{"href":"https:\/\/services.lib.uliege.be\/alma\/wp-json\/wp\/v2\/pages"}],"about":[{"href":"https:\/\/services.lib.uliege.be\/alma\/wp-json\/wp\/v2\/types\/page"}],"author":[{"embeddable":true,"href":"https:\/\/services.lib.uliege.be\/alma\/wp-json\/wp\/v2\/users\/5"}],"replies":[{"embeddable":true,"href":"https:\/\/services.lib.uliege.be\/alma\/wp-json\/wp\/v2\/comments?post=3151"}],"version-history":[{"count":13,"href":"https:\/\/services.lib.uliege.be\/alma\/wp-json\/wp\/v2\/pages\/3151\/revisions"}],"predecessor-version":[{"id":6400,"href":"https:\/\/services.lib.uliege.be\/alma\/wp-json\/wp\/v2\/pages\/3151\/revisions\/6400"}],"up":[{"embeddable":true,"href":"https:\/\/services.lib.uliege.be\/alma\/wp-json\/wp\/v2\/pages\/3147"}],"wp:attachment":[{"href":"https:\/\/services.lib.uliege.be\/alma\/wp-json\/wp\/v2\/media?parent=3151"}],"curies":[{"name":"wp","href":"https:\/\/api.w.org\/{rel}","templated":true}]}}