{"id":3147,"date":"2019-02-28T16:39:50","date_gmt":"2019-02-28T15:39:50","guid":{"rendered":"https:\/\/app.lib.uliege.be\/alma\/?page_id=3147"},"modified":"2021-11-05T12:56:01","modified_gmt":"2021-11-05T11:56:01","slug":"sources","status":"publish","type":"page","link":"https:\/\/services.lib.uliege.be\/alma\/primo-ve\/sources\/","title":{"rendered":"Sources"},"content":{"rendered":"\n<p>Les sources de donn\u00e9es interrogeables dans l&rsquo;outil de d\u00e9couverte sont :<\/p>\n\n\n\n<ul class=\"wp-block-list\"><li><a href=\"https:\/\/services.lib.uliege.be\/alma\/primo-ve\/sources\/alma\/\"><strong>Alma<\/strong><\/a><strong>\u00a0<\/strong>(ressources imprim\u00e9es, ressources \u00e9lectroniques, ressources num\u00e9riques)<\/li><li>les r\u00e9pertoires externes moissonn\u00e9s <ul><li><a href=\"https:\/\/services.lib.uliege.be\/alma\/primo-ve\/sources\/orbi\/\"><strong>ORBi<\/strong><\/a><strong>\u00a0<\/strong><\/li><li><a href=\"https:\/\/services.lib.uliege.be\/alma\/primo-ve\/sources\/matheo\/\"><strong>MatheO<\/strong><\/a><\/li><li>une partie du r\u00e9pertoire <a href=\"https:\/\/services.lib.uliege.be\/alma\/primo-ve\/sources\/donum\/\"><strong>DONum<\/strong><\/a><strong> ULi\u00e8ge<\/strong> et les autres r\u00e9pertoires <a href=\"https:\/\/services.lib.uliege.be\/alma\/primo-ve\/sources\/donum\/\"><strong>DONum<\/strong><\/a><strong> BICfB<\/strong> <\/li><li>d&rsquo;<a href=\"http:\/\/https\/\/services.lib.uliege.be\/alma\/primo-ve\/sources\/autres-archives-ouvertes\" class=\"broken_link\">autres Archives ouvertes<\/a> d&rsquo;universit\u00e9s et institutions  majoritairement belges<\/li><\/ul><\/li><li>les collections activ\u00e9es pour l\u2019Institution dans le <strong>Central Discovery Index<\/strong>. <\/li><\/ul>\n\n\n\n<p>Les r\u00e9pertoires externes sont moissonn\u00e9s dans Alma (<a href=\"https:\/\/services.lib.uliege.be\/alma\/primo-ve\/#MenuConfigurationDiscovery\">menu de configuration<\/a> : <em>Discovery  &gt; Loading External Data Sources<\/em>) et accessibles ensuite dans l&rsquo;interface de d\u00e9couverte Primo uniquement. Chaque notice moissonn\u00e9e se voit attribuer un MMS ID &rsquo;99*&rsquo;, mais elle n&rsquo;est pas visible dans le r\u00e9pertoire Alma.<\/p>\n\n\n\n<p>Les diff\u00e9rentes sources locales sont <a href=\"https:\/\/services.lib.uliege.be\/alma\/primo-ve\/affichage-et-navigation\/frbr-et-dedoublonnement\/\">d\u00e9doublonn\u00e9es et frbris\u00e9es<\/a>, et le sont \u00e9galement entre elles. Ainsi, il peut arriver qu&rsquo;une r\u00e9f\u00e9rence ORBi trouve son \u00e9quivalent dans le catalogue Alma et apparaisse donc sous une entr\u00e9e unique dans Primo.<\/p>\n\n\n\n<p>Par contre, il n&rsquo;y a pas de regroupement entre les sources locales et les donn\u00e9es issues du Central Discovery Index. Actuellement, un ouvrage activ\u00e9 dans Alma et le m\u00eame ouvrage activ\u00e9 dans une Collection CDI appara\u00eetront comme deux r\u00e9sultats distincts dans la liste de r\u00e9sultats de Primo.<\/p>\n\n\n\n<figure class=\"wp-block-image size-large is-style-default\"><img loading=\"lazy\" decoding=\"async\" width=\"1024\" height=\"663\" src=\"https:\/\/services.lib.uliege.be\/alma\/wp-content\/uploads\/2021\/02\/CollectionsULiege_20210219-1-1024x663.png\" alt=\"\" class=\"wp-image-6012\" srcset=\"https:\/\/services.lib.uliege.be\/alma\/wp-content\/uploads\/2021\/02\/CollectionsULiege_20210219-1-1024x663.png 1024w, https:\/\/services.lib.uliege.be\/alma\/wp-content\/uploads\/2021\/02\/CollectionsULiege_20210219-1-300x194.png 300w, https:\/\/services.lib.uliege.be\/alma\/wp-content\/uploads\/2021\/02\/CollectionsULiege_20210219-1-768x497.png 768w, https:\/\/services.lib.uliege.be\/alma\/wp-content\/uploads\/2021\/02\/CollectionsULiege_20210219-1.png 1110w\" sizes=\"auto, (max-width: 1024px) 100vw, 1024px\" \/><\/figure>\n\n\n\n<div class=\"wp-block-file\"><a href=\"https:\/\/services.lib.uliege.be\/alma\/wp-content\/uploads\/2021\/02\/Diagramme-Collections-ULiege-Primo-20210219-1.pptx\">Diagramme-Collections-ULiege-Primo-20210219-1<\/a><a href=\"https:\/\/services.lib.uliege.be\/alma\/wp-content\/uploads\/2021\/02\/Diagramme-Collections-ULiege-Primo-20210219-1.pptx\" class=\"wp-block-file__button\" download>T\u00e9l\u00e9charger<\/a><\/div>\n\n\n\n<h3 class=\"wp-block-heading\">Traitement des donn\u00e9es <br><\/h3>\n\n\n\n<p>Les notices Alma et les notices des sources locales moissonn\u00e9es sont stock\u00e9es dans un format normalis\u00e9 Primo VE expos\u00e9 en JSON. Pour visualiser une notice normalis\u00e9e en format JSON  (quelle que soit sa source locale), ajoutez  <strong>\u00ab\u00a0&amp;showPnx=true\u00a0\u00bb <\/strong>\u00e0 la fin de l&rsquo;URL d&rsquo;une notice compl\u00e8te affich\u00e9e.<\/p>\n\n\n\n<p>Le format normalis\u00e9 d&rsquo;une notice Primo VE comprend 5 sections :<\/p>\n\n\n\n<ul class=\"wp-block-list\"><li><strong>control <\/strong>&#8211; <em>les donn\u00e9es utilis\u00e9es comme donn\u00e9es de contr\u00f4les, comme la source de la notice et son identifiant unique<\/em><\/li><li><strong>display <\/strong>&#8211; <em>les donn\u00e9es utilisables pour l&rsquo;affichage abr\u00e9g\u00e9 et l&rsquo;affichage complet des notices<\/em><\/li><li> <strong>search <\/strong>&#8211; <em>les m\u00e9tadonn\u00e9es index\u00e9es disponibles pour la recherche (mais pas forc\u00e9ment marqu\u00e9es comme index\u00e9es)<\/em><\/li><li> <strong>sort <\/strong>&#8211; <em>les zones utilis\u00e9es comme base pour le tri des r\u00e9sultats (titre, auteur, date de cr\u00e9ation)<\/em><\/li><li><strong>addata <\/strong>&#8211; <em>les donn\u00e9es utilis\u00e9es notamment pour les exports de la r\u00e9f\u00e9rence vers les outils de gestion de r\u00e9f\u00e9rences.<\/em><\/li><\/ul>\n\n\n\n<div class=\"wp-block-image\"><figure class=\"aligncenter\"><img loading=\"lazy\" decoding=\"async\" width=\"556\" height=\"713\" src=\"https:\/\/services.lib.uliege.be\/alma\/wp-content\/uploads\/2019\/04\/image-67.png\" alt=\"\" class=\"wp-image-4065\" srcset=\"https:\/\/services.lib.uliege.be\/alma\/wp-content\/uploads\/2019\/04\/image-67.png 556w, https:\/\/services.lib.uliege.be\/alma\/wp-content\/uploads\/2019\/04\/image-67-234x300.png 234w\" sizes=\"auto, (max-width: 556px) 100vw, 556px\" \/><figcaption><a rel=\"noreferrer noopener\" aria-label=\"Notice PNX dans Primo VE (opens in a new tab)\" href=\"https:\/\/explore.lib.uliege.be\/discovery\/fulldisplay?docid=alma9919495689802321&amp;context=L&amp;vid=32ULG_INST:ULIEGE&amp;lang=fr&amp;search_scope=ULIEGE&amp;adaptor=Local%20Search%20Engine&amp;tab=ULIEGE&amp;query=any,contains,alm&amp;sortby=rank&amp;facet=tlevel,include,available_p&amp;offset=0&amp;showPnx=true\" target=\"_blank\"><em>Notice PNX dans Primo VE<\/em><\/a><\/figcaption><\/figure><\/div>\n\n\n\n<p>Le format normalis\u00e9 Primo VE est donc diff\u00e9rent du PNX &lsquo;classique&rsquo; (<em>Primo Normalized XML<\/em>) exploit\u00e9 avec la version ant\u00e9rieure de Primo. Vous n&rsquo;y trouverez par exemple pas de section \u00ab\u00a0facets\u00a0\u00bb (voir <a href=\"https:\/\/services.lib.uliege.be\/alma\/primo-ve\/affichage-et-navigation\/facettes\/\">Facettes<\/a>), ni de section \u00ab\u00a0frbr\u00a0\u00bb ou \u00ab\u00a0dedup\u00a0\u00bb (voir <a href=\"https:\/\/services.lib.uliege.be\/alma\/primo-ve\/affichage-et-navigation\/frbr-et-dedoublonnement\/\">D\u00e9doublonnement et FRBR<\/a>).<\/p>\n\n\n\n<p>Pour la <strong>source Alma<\/strong>, toutes les zones affich\u00e9es ne se retrouvent pas dans la section \u00ab\u00a0display\u00a0\u00bb. Ainsi, une zone non pr\u00e9vue dans le mapping d&rsquo;affichage par d\u00e9faut n&rsquo;est pas visible dans le PNX : il peut s&rsquo;agit de zones ajout\u00e9es pour l&rsquo;affichage dans une zone existante ou de zones ajout\u00e9es pour l&rsquo;affichage par cr\u00e9ation de zones locales. Exemples :<\/p>\n\n\n\n<ul class=\"wp-block-list\"><li>la zone 546 est ajout\u00e9e dans la r\u00e8gle de normalisation de la zone Description dans la notice <a rel=\"noreferrer noopener\" aria-label=\"990018256530502321 (opens in a new tab)\" href=\"https:\/\/explore.lib.uliege.be\/discovery\/fulldisplay?docid=alma990018256530502321&amp;context=L&amp;vid=32ULG_INST:ULIEGE&amp;lang=fr&amp;search_scope=ULIEGE&amp;adaptor=Local%20Search%20Engine&amp;tab=ULIEGE&amp;query=any,contains,990018256530502321&amp;sortby=rank&amp;showPnx=true\" target=\"_blank\">990018256530502321<\/a><\/li><li> la zone 510 est transpos\u00e9e pour l&rsquo;affichage dans une zone locale \u00ab\u00a0lds11\u00a0\u00bb dans la notice <a rel=\"noreferrer noopener\" href=\"https:\/\/explore.lib.uliege.be\/discovery\/fulldisplay?docid=alma990017191510502321&amp;context=L&amp;vid=32ULG_INST:ULIEGE&amp;lang=fr&amp;search_scope=ULIEGE&amp;adaptor=Local%20Search%20Engine&amp;tab=ULIEGE&amp;query=any,contains,990017191510502321&amp;sortby=rank&amp;showPnx=true\" target=\"_blank\">990017191510502321<\/a> <\/li><\/ul>\n\n\n\n<p>Ces zones sont cr\u00e9\u00e9es \u00e0 la vol\u00e9e et affich\u00e9es au moment de la requ\u00eate et ne se trouvent donc pas dans le PNX.<\/p>\n\n\n\n<p>Les <strong>notices issues de sources externes<\/strong> moissonn\u00e9es incluent par contre toutes les zones locales cr\u00e9\u00e9es lors de l&rsquo;import. Vous pouvez par exemple retrouver toutes les notices de la ressource externe &lsquo;MatheO&rsquo; moissonn\u00e9e avec une recherche simple portant sur <a rel=\"noreferrer noopener\" aria-label=\"ULIEGE_MATHEO (opens in a new tab)\" href=\"https:\/\/explore.lib.uliege.be\/discovery\/search?query=any,contains,ULIEGE_MATHEO&amp;tab=ULIEGE&amp;search_scope=ULIEGE&amp;vid=32ULG_INST:ULIEGE&amp;lang=fr&amp;offset=0\" target=\"_blank\">ULIEGE_MATHEO<\/a>.<\/p>\n\n\n\n<hr class=\"wp-block-separator\"\/>\n\n\n\n<p><\/p>\n\n\n\n<p>Les <strong>notices issues d<\/strong>u <strong>Central Discovery Index<\/strong> pr\u00e9sentent le PNX classique de Primo. Exemple pour la r\u00e9f\u00e9rence \u00ab\u00a0<em>The fate of endemic insects of the Andean region under the effect of global warming<\/em>\u00a0\u00bb (DOI 10.1371\/journal.pone.0186655) :<\/p>\n\n\n\n<div class=\"wp-block-image\"><figure class=\"aligncenter size-large\"><img loading=\"lazy\" decoding=\"async\" width=\"837\" height=\"232\" src=\"https:\/\/services.lib.uliege.be\/alma\/wp-content\/uploads\/2020\/09\/image-11.png\" alt=\"\" class=\"wp-image-5520\" srcset=\"https:\/\/services.lib.uliege.be\/alma\/wp-content\/uploads\/2020\/09\/image-11.png 837w, https:\/\/services.lib.uliege.be\/alma\/wp-content\/uploads\/2020\/09\/image-11-300x83.png 300w, https:\/\/services.lib.uliege.be\/alma\/wp-content\/uploads\/2020\/09\/image-11-768x213.png 768w\" sizes=\"auto, (max-width: 837px) 100vw, 837px\" \/><\/figure><\/div>\n\n\n\n<ul class=\"wp-block-list\"><li>Permalien : <a rel=\"noreferrer noopener\" href=\"https:\/\/explore.lib.uliege.be\/permalink\/32ULG_INST\/9537n7\/cdi_plos_journals_1951515383\" target=\"_blank\">https:\/\/explore.lib.uliege.be\/permalink\/32ULG_INST\/9537n7\/cdi_plos_journals_1951515383<\/a><\/li><li>PNX : <a href=\"https:\/\/explore.lib.uliege.be\/discovery\/fulldisplay?docid=cdi_plos_journals_1951515383&amp;context=PC&amp;vid=32ULG_INST:ULIEGE&amp;lang=fr&amp;search_scope=ULIEGE&amp;adaptor=Primo%20Central&amp;tab=ULIEGE&amp;query=any,contains,fate%20montemayor%20sara&amp;offset=0&amp;showPnx=true\"><\/a><a href=\"https:\/\/explore.lib.uliege.be\/discovery\/fulldisplay?docid=cdi_plos_journals_1951515383&amp;context=PC&amp;vid=32ULG_INST:ULIEGE&amp;lang=fr&amp;search_scope=ULIEGE&amp;adaptor=Primo%20Central&amp;tab=ULIEGE&amp;query=any,contains,fate%20montemayor%20sara&amp;offset=0&amp;showPnx=true\" target=\"_blank\" rel=\"noreferrer noopener\">https:\/\/explore.lib.uliege.be\/discovery\/fulldisplay?docid=cdi_plos_journals_1951515383&amp;context=PC&amp;vid=32ULG_INST:ULIEGE&amp;lang=fr&amp;search_scope=ULIEGE&amp;adaptor=Primo%20Central&amp;tab=ULIEGE&amp;query=any,contains,fate%20montemayor%20sara&amp;offset=0&amp;showPnx=true<\/a><\/li><\/ul>\n\n\n\n<p><\/p>\n","protected":false},"excerpt":{"rendered":"<p>Les sources de donn\u00e9es interrogeables dans l&rsquo;outil de d\u00e9couverte sont : Alma\u00a0(ressources imprim\u00e9es, ressources \u00e9lectroniques, ressources num\u00e9riques) les r\u00e9pertoires externes moissonn\u00e9s ORBi\u00a0 MatheO une partie du r\u00e9pertoire DONum ULi\u00e8ge et les autres r\u00e9pertoires DONum BICfB d&rsquo;autres Archives ouvertes d&rsquo;universit\u00e9s et institutions majoritairement belges les collections activ\u00e9es pour l\u2019Institution dans le&#8230; <a href=\"https:\/\/services.lib.uliege.be\/alma\/primo-ve\/sources\/\" class=\"readmore\">Lire l&#039;int\u00e9gralit\u00e9&#8230;<span class=\"screen-reader-text\">Sources<\/span><span class=\"fa fa-angle-double-right\" aria-hidden=\"true\"><\/span><\/a><\/p>\n","protected":false},"author":5,"featured_media":0,"parent":3133,"menu_order":3,"comment_status":"closed","ping_status":"closed","template":"","meta":{"jetpack_post_was_ever_published":false,"footnotes":""},"class_list":["post-3147","page","type-page","status-publish","hentry"],"jetpack_sharing_enabled":true,"jetpack_shortlink":"https:\/\/wp.me\/P7rJUv-OL","_links":{"self":[{"href":"https:\/\/services.lib.uliege.be\/alma\/wp-json\/wp\/v2\/pages\/3147","targetHints":{"allow":["GET"]}}],"collection":[{"href":"https:\/\/services.lib.uliege.be\/alma\/wp-json\/wp\/v2\/pages"}],"about":[{"href":"https:\/\/services.lib.uliege.be\/alma\/wp-json\/wp\/v2\/types\/page"}],"author":[{"embeddable":true,"href":"https:\/\/services.lib.uliege.be\/alma\/wp-json\/wp\/v2\/users\/5"}],"replies":[{"embeddable":true,"href":"https:\/\/services.lib.uliege.be\/alma\/wp-json\/wp\/v2\/comments?post=3147"}],"version-history":[{"count":46,"href":"https:\/\/services.lib.uliege.be\/alma\/wp-json\/wp\/v2\/pages\/3147\/revisions"}],"predecessor-version":[{"id":6158,"href":"https:\/\/services.lib.uliege.be\/alma\/wp-json\/wp\/v2\/pages\/3147\/revisions\/6158"}],"up":[{"embeddable":true,"href":"https:\/\/services.lib.uliege.be\/alma\/wp-json\/wp\/v2\/pages\/3133"}],"wp:attachment":[{"href":"https:\/\/services.lib.uliege.be\/alma\/wp-json\/wp\/v2\/media?parent=3147"}],"curies":[{"name":"wp","href":"https:\/\/api.w.org\/{rel}","templated":true}]}}