{"id":3145,"date":"2019-02-28T16:39:30","date_gmt":"2019-02-28T15:39:30","guid":{"rendered":"https:\/\/app.lib.uliege.be\/alma\/?page_id=3145"},"modified":"2025-02-24T09:43:38","modified_gmt":"2025-02-24T08:43:38","slug":"galeries","status":"publish","type":"page","link":"https:\/\/services.lib.uliege.be\/alma\/primo-ve\/recherche-et-decouverte\/galeries\/","title":{"rendered":"Galeries"},"content":{"rendered":"\n<p>La d\u00e9couverte \u00e0 partir des&nbsp;<a rel=\"noreferrer noopener\" aria-label=\" (opens in a new tab)\" href=\"https:\/\/explore.lib.uliege.be\/discovery\/collectionDiscovery?vid=32ULG_INST:ULIEGE\" target=\"_blank\">Galeries<\/a> (<em>Collection Discovery<\/em>) est utilis\u00e9e pour mettre en avant des ressources ou fonds sp\u00e9cifiques, de fa\u00e7on permanente ou temporaire. <\/p>\n\n\n\n<p>Plusieurs Galeries ont \u00e9t\u00e9 d\u00e9finies : <\/p>\n\n\n\n<ul class=\"wp-block-list\">\n<li>Dictionnaires en ligne<\/li>\n\n\n\n<li>Derni\u00e8res acquisitions<\/li>\n\n\n\n<li>Manuscrits<\/li>\n\n\n\n<li>Incunables<\/li>\n\n\n\n<li>Li\u00e8ge &amp; Patrimoine<\/li>\n\n\n\n<li>Presse ancienne<\/li>\n\n\n\n<li>Fonds d&rsquo;archives<\/li>\n\n\n\n<li>Cartes et plans<\/li>\n\n\n\n<li>Tables th\u00e9matiques dans nos implantations<\/li>\n\n\n\n<li>Jeux<\/li>\n\n\n\n<li>Collections th\u00e9matiques<\/li>\n\n\n\n<li>Ev\u00e8nements et expositions<\/li>\n\n\n\n<li>Dons exceptionnels de bienfaiteurs<\/li>\n\n\n\n<li>Num\u00e9risation et valorisation scientifique<\/li>\n<\/ul>\n\n\n<div class=\"wp-block-image\">\n<figure class=\"aligncenter size-large\"><img loading=\"lazy\" decoding=\"async\" width=\"1024\" height=\"274\" src=\"https:\/\/services.lib.uliege.be\/alma\/wp-content\/uploads\/2022\/10\/image-5-1024x274.png\" alt=\"\" class=\"wp-image-6466\" srcset=\"https:\/\/services.lib.uliege.be\/alma\/wp-content\/uploads\/2022\/10\/image-5-1024x274.png 1024w, https:\/\/services.lib.uliege.be\/alma\/wp-content\/uploads\/2022\/10\/image-5-300x80.png 300w, https:\/\/services.lib.uliege.be\/alma\/wp-content\/uploads\/2022\/10\/image-5-768x205.png 768w, https:\/\/services.lib.uliege.be\/alma\/wp-content\/uploads\/2022\/10\/image-5.png 1209w\" sizes=\"auto, (max-width: 1024px) 100vw, 1024px\" \/><\/figure>\n<\/div>\n\n<div class=\"wp-block-image\">\n<figure class=\"aligncenter size-large\"><img loading=\"lazy\" decoding=\"async\" width=\"1024\" height=\"749\" src=\"https:\/\/services.lib.uliege.be\/alma\/wp-content\/uploads\/2024\/03\/image-1024x749.png\" alt=\"\" class=\"wp-image-6714\" srcset=\"https:\/\/services.lib.uliege.be\/alma\/wp-content\/uploads\/2024\/03\/image-1024x749.png 1024w, https:\/\/services.lib.uliege.be\/alma\/wp-content\/uploads\/2024\/03\/image-300x219.png 300w, https:\/\/services.lib.uliege.be\/alma\/wp-content\/uploads\/2024\/03\/image-768x561.png 768w, https:\/\/services.lib.uliege.be\/alma\/wp-content\/uploads\/2024\/03\/image.png 1212w\" sizes=\"auto, (max-width: 1024px) 100vw, 1024px\" \/><\/figure>\n<\/div>\n\n\n<div style=\"background-color: #FFF2AF; margin: 0 auto; max-width: 90%; padding: 9px; border: 1px solid #DDD;\"><strong>Une id\u00e9e de nouvelle Galerie ?<\/strong><br> Adressez-vous aux administrateurs Alma\/Primo <a href=\"mailto:Library-Systems@lists.uliege.be\">Library-Systems {@} lists {.} uliege {.}be.<\/a>\nPour cr\u00e9er une galerie, nous avons besoin :\n<ul>\n<li>d&rsquo;un nom de galerie (en fran\u00e7ais et en anglais)<\/li>\n<li>d&rsquo;une br\u00e8ve description de max. 250 caract\u00e8res (en fran\u00e7ais et en anglais)<\/li>\n<li>du nom du set public qui contient les titres \u00e0 int\u00e9grer<\/li>\n<li>de 2-3 photos libres de droit<\/li>\n<\/ul>\n<\/div>\n\n\n\n<p><\/p>\n\n\n\n<p>Une Galerie peut contenir une ou plusieurs sous-galeries, elles-m\u00eames constitu\u00e9es de plusieurs ensembles&#8230; <\/p>\n\n\n\n<p>La Galerie <a rel=\"noreferrer noopener\" aria-label=\"Dictionnaires en ligne (opens in a new tab)\" href=\"https:\/\/explore.lib.uliege.be\/discovery\/collectionDiscovery?vid=32ULG_INST:ULIEGE&amp;collectionId=81129014930002321\" target=\"_blank\">Dictionnaires en ligne<\/a> met en avant des <strong>dictionnaires de langues et ouvrages de r\u00e9f\u00e9rences en ligne<\/strong> (qui sont dans Alma)<\/p>\n\n\n\n<div style=\"background-color: #FFF2AF; margin: 0 auto; max-width: 90%; padding: 9px; border: 1px solid #DDD;\"><strong>Ajouter un dictionnaire ?<\/strong><br> Adressez-vous aux administrateurs Alma\/Primo <a href=\"mailto:Library-Systems@lists.uliege.be\">Library-Systems {@} lists {.} uliege {.}be.<\/a><\/div>\n\n\n\n<p>Pour une meilleure exp\u00e9rience de navigation, il faut <strong>\u00e9viter un trop grand nombre de notices<\/strong> dans une galerie (max. 120-150).<\/p>\n\n\n\n<p>La Galerie <a href=\"https:\/\/explore.lib.uliege.be\/discovery\/collectionDiscovery?vid=32ULG_INST:ULIEGE&amp;collectionId=81134694960002321&amp;lang=fr\" target=\"_blank\" rel=\"noreferrer noopener\">Derni\u00e8res acquisitions<\/a> propose la liste des nouveaut\u00e9s (papier et \u00e9lectronique), en excluant les donn\u00e9es du r\u00e9trocatalogage. La liste est g\u00e9n\u00e9r\u00e9e chaque mois \u00e0 partir d&rsquo;un rapport Analytics dont le r\u00e9sultat est charg\u00e9 dans la collection via le job \u00ab\u00a0Add to collection\u00a0\u00bb.<\/p>\n\n\n\n<p>Les Galeries peuvent aussi constituer une autre fa\u00e7on de d\u00e9couvrir certaines <strong>collections patrimoniales.<\/strong> On peut ainsi proposer \u00e0 l&rsquo;utilisateur une approche diff\u00e9rente de celle d&rsquo;un catalogue. <\/p>\n\n\n\n<p>C&rsquo;est le cas notamment pour les collections de <a rel=\"noreferrer noopener\" aria-label=\"Manuscrits (opens in a new tab)\" href=\"https:\/\/explore.lib.uliege.be\/discovery\/collectionDiscovery?vid=32ULG_INST:ULIEGE&amp;collectionId=81129014820002321\" target=\"_blank\">Manuscrits<\/a> et les <a href=\"https:\/\/explore.lib.uliege.be\/discovery\/collectionDiscovery?vid=32ULG_INST:ULIEGE&amp;collectionId=81129014830002321\" target=\"_blank\" rel=\"noreferrer noopener\" aria-label=\"Fonds d'archives (opens in a new tab)\">Fonds d&rsquo;archives<\/a> pour lesquelles on a d\u00e9fini :<\/p>\n\n\n\n<ul class=\"wp-block-list\">\n<li>une <strong>approche par \u00ab\u00a0provenance\u00a0\u00bb<\/strong> (manuscrits provenant de congr\u00e9gations religieuses, manuscrits du Fonds Wittert&#8230;) ou <strong>par personne\/collectivit\u00e9<\/strong> responsable de la constitution du fonds d&rsquo;archives (Fonds Nagelmackers, Fonds de l&rsquo;AIM&#8230;)\n<ul class=\"wp-block-list\">\n<li>toutes les provenances ne sont pas mises en avant de la sorte : ainsi, une galerie \u00ab\u00a0<strong>provenances diverses<\/strong>\u00a0\u00bb permet de regrouper des documents isol\u00e9s ou dont la provenance ne constitue pas forc\u00e9ment un ensemble remarquable.<\/li>\n<\/ul>\n<\/li>\n\n\n\n<li>une <strong>approche par particularit\u00e9 mat\u00e9rielle<\/strong> (pr\u00e9sence d&rsquo;enluminures, d&rsquo;armoriaux&#8230;)<\/li>\n<\/ul>\n\n\n\n<p>D&rsquo;autres crit\u00e8res peuvent \u00e9galement justifier l&rsquo;existence d&rsquo;une sous-galerie. Par exemple, la reconnaissance du manuscrit class\u00e9 comme <a href=\"https:\/\/explore.lib.uliege.be\/discovery\/collectionDiscovery?vid=32ULG_INST:ULIEGE&amp;collectionId=81129164620002321\" target=\"_blank\" rel=\"noreferrer noopener\" aria-label=\"Tr\u00e9sor de la F\u00e9d\u00e9ration Wallonie-Bruxelles (opens in a new tab)\">Tr\u00e9sor de la F\u00e9d\u00e9ration Wallonie-Bruxelles<\/a>.<\/p>\n\n\n\n<p>La galerie \u00ab\u00a0<a rel=\"noreferrer noopener\" aria-label=\"Parcours th\u00e9matiques (opens in a new tab)\" href=\"https:\/\/explore.lib.uliege.be\/discovery\/collectionDiscovery?vid=32ULG_INST:ULIEGE&amp;collectionId=81130184200002321\" target=\"_blank\">Parcours th\u00e9matiques<\/a>\u00a0\u00bb regroupe des ensembles divers, d\u00e9finis sur base des documents faisant \u00e9ventuellement l&rsquo;objet de projets de num\u00e9risation dans <a rel=\"noreferrer noopener\" aria-label=\"DONum (opens in a new tab)\" href=\"https:\/\/donum.uliege.be\/\" target=\"_blank\">DONum<\/a> :<\/p>\n\n\n\n<ul class=\"wp-block-list\">\n<li>Architecture et urbanisme \u00e0 Li\u00e8ge<\/li>\n\n\n\n<li>Anatomie et m\u00e9decine modernes<\/li>\n\n\n\n<li>Astronomie<\/li>\n\n\n\n<li>Black Lives Matter<\/li>\n\n\n\n<li>Botanique<\/li>\n\n\n\n<li>Fonds pr\u00e9cieux juridique (16e-19e s.)<\/li>\n\n\n\n<li>Histoire de la photographie en Belgique<\/li>\n\n\n\n<li>&#8230;<\/li>\n<\/ul>\n\n\n<div class=\"wp-block-image\">\n<figure class=\"aligncenter size-large\"><img loading=\"lazy\" decoding=\"async\" width=\"1024\" height=\"682\" src=\"https:\/\/services.lib.uliege.be\/alma\/wp-content\/uploads\/2022\/10\/image-3-1024x682.png\" alt=\"\" class=\"wp-image-6459\" srcset=\"https:\/\/services.lib.uliege.be\/alma\/wp-content\/uploads\/2022\/10\/image-3-1024x682.png 1024w, https:\/\/services.lib.uliege.be\/alma\/wp-content\/uploads\/2022\/10\/image-3-300x200.png 300w, https:\/\/services.lib.uliege.be\/alma\/wp-content\/uploads\/2022\/10\/image-3-768x512.png 768w, https:\/\/services.lib.uliege.be\/alma\/wp-content\/uploads\/2022\/10\/image-3.png 1208w\" sizes=\"auto, (max-width: 1024px) 100vw, 1024px\" \/><\/figure>\n<\/div>\n\n\n<p>Certains documents peuvent se retrouver dans plus d&rsquo;une galerie. Par exemple, les chroniques manuscrites pour l&rsquo;histoire de la principaut\u00e9 sont accessibles \u00e0 partir de la sous-galerie Provenances diverses dans la galerie des Manuscrits, mais \u00e9galement \u00e0 partir des Parcours th\u00e9matiques. Des manuscrits trouvent place \u00e0 la fois dans la galerie d&rsquo;une provenance sp\u00e9cifique, dans la galerie des manuscrits enlumin\u00e9s, et dans celle des Tr\u00e9sors de la FWB (par exemple, l&rsquo;<a rel=\"noreferrer noopener\" aria-label=\"\u00c9vang\u00e9liaire d'Averbode (opens in a new tab)\" href=\"https:\/\/explore.lib.uliege.be\/discovery\/fulldisplay?docid=alma990018671320502321&amp;context=L&amp;vid=32ULG_INST:ULIEGE&amp;lang=fr\" target=\"_blank\">\u00c9vang\u00e9liaire d&rsquo;Averbode<\/a>).<\/p>\n\n\n\n<p>L&rsquo;optique du chemin d&rsquo;acc\u00e8s privil\u00e9gi\u00e9 se retrouve aussi dans la Galerie des <a rel=\"noreferrer noopener\" aria-label=\"Incunables (opens in a new tab)\" href=\"https:\/\/explore.lib.uliege.be\/discovery\/collectionDiscovery?vid=32ULG_INST:ULIEGE&amp;collectionId=81129014810002321&amp;lang=fr\" target=\"_blank\">Incunables<\/a> qui propose des sous-galeries par pays, puis par ville d&rsquo;impression. <\/p>\n\n\n<div class=\"wp-block-image\">\n<figure class=\"aligncenter size-large\"><img loading=\"lazy\" decoding=\"async\" width=\"1024\" height=\"648\" src=\"https:\/\/services.lib.uliege.be\/alma\/wp-content\/uploads\/2020\/09\/image-9-1024x648.png\" alt=\"\" class=\"wp-image-5503\" srcset=\"https:\/\/services.lib.uliege.be\/alma\/wp-content\/uploads\/2020\/09\/image-9-1024x648.png 1024w, https:\/\/services.lib.uliege.be\/alma\/wp-content\/uploads\/2020\/09\/image-9-300x190.png 300w, https:\/\/services.lib.uliege.be\/alma\/wp-content\/uploads\/2020\/09\/image-9-768x486.png 768w, https:\/\/services.lib.uliege.be\/alma\/wp-content\/uploads\/2020\/09\/image-9.png 1063w\" sizes=\"auto, (max-width: 1024px) 100vw, 1024px\" \/><\/figure>\n<\/div>\n\n\n<p>La Galerie <a href=\"https:\/\/explore.lib.uliege.be\/discovery\/collectionDiscovery?vid=32ULG_INST:ULIEGE&amp;collectionId=81129014770002321&amp;lang=fr\" target=\"_blank\" rel=\"noreferrer noopener\" aria-label=\"Ev\u00e8nements et expositions (opens in a new tab)\">Ev\u00e8nements et expositions<\/a> est elle destin\u00e9e \u00e0 recevoir des s\u00e9lections temporaires. Les documents ainsi mis en avant peuvent basculer ensuite dans une ou plusieurs autres s\u00e9lections : Presse, Parcours th\u00e9matiques&#8230;<br><\/p>\n\n\n\n<h3 class=\"wp-block-heading\">Chercher dans une Galerie<\/h3>\n\n\n\n<p>L&rsquo;utilisateur peut chercher des documents dans une galerie et ses sous-galeries, sur toutes les m\u00e9tadonn\u00e9es de la notice index\u00e9es pour la recherche : titre, auteur, propri\u00e9taire pr\u00e9c\u00e9dent, imprimeur, copiste, lieu de cr\u00e9ation, d&rsquo;impression, ann\u00e9e, description, cote de rangement&#8230; <\/p>\n\n\n<div class=\"wp-block-image\">\n<figure class=\"aligncenter size-full is-resized\"><img loading=\"lazy\" decoding=\"async\" width=\"566\" height=\"295\" src=\"https:\/\/services.lib.uliege.be\/alma\/wp-content\/uploads\/2022\/10\/image-7.png\" alt=\"\" class=\"wp-image-6469\" style=\"width:460px;height:240px\" srcset=\"https:\/\/services.lib.uliege.be\/alma\/wp-content\/uploads\/2022\/10\/image-7.png 566w, https:\/\/services.lib.uliege.be\/alma\/wp-content\/uploads\/2022\/10\/image-7-300x156.png 300w\" sizes=\"auto, (max-width: 566px) 100vw, 566px\" \/><\/figure>\n<\/div>\n\n<div class=\"wp-block-image\">\n<figure class=\"aligncenter size-full is-resized\"><img loading=\"lazy\" decoding=\"async\" width=\"624\" height=\"376\" src=\"https:\/\/services.lib.uliege.be\/alma\/wp-content\/uploads\/2022\/10\/image-6.png\" alt=\"\" class=\"wp-image-6468\" style=\"width:551px;height:332px\" srcset=\"https:\/\/services.lib.uliege.be\/alma\/wp-content\/uploads\/2022\/10\/image-6.png 624w, https:\/\/services.lib.uliege.be\/alma\/wp-content\/uploads\/2022\/10\/image-6-300x181.png 300w\" sizes=\"auto, (max-width: 624px) 100vw, 624px\" \/><\/figure>\n<\/div>\n\n\n<p>Pour revenir \u00e0 la page principale des Galeries, il suffit de supprimer le terme de recherche : <\/p>\n\n\n<div class=\"wp-block-image\">\n<figure class=\"aligncenter size-full is-resized\"><img loading=\"lazy\" decoding=\"async\" width=\"583\" height=\"322\" src=\"https:\/\/services.lib.uliege.be\/alma\/wp-content\/uploads\/2022\/10\/image-8.png\" alt=\"\" class=\"wp-image-6470\" style=\"width:440px;height:243px\" srcset=\"https:\/\/services.lib.uliege.be\/alma\/wp-content\/uploads\/2022\/10\/image-8.png 583w, https:\/\/services.lib.uliege.be\/alma\/wp-content\/uploads\/2022\/10\/image-8-300x166.png 300w\" sizes=\"auto, (max-width: 583px) 100vw, 583px\" \/><\/figure>\n<\/div>\n\n\n<h3 class=\"wp-block-heading\">Trier les documents dans une Galerie<\/h3>\n\n\n\n<p>Le tri par d\u00e9faut peut \u00eatre adapt\u00e9 \u00e0 chaque Galerie. Ainsi, le tri par d\u00e9faut pour les Fonds d&rsquo;archives et les Derni\u00e8res acquisitions est le titre ; pour les sous-galeries Incunables, le tri par d\u00e9faut est le tri par date la plus ancienne.<\/p>\n\n\n<div class=\"wp-block-image\">\n<figure class=\"aligncenter size-large\"><img loading=\"lazy\" decoding=\"async\" width=\"1024\" height=\"378\" src=\"https:\/\/services.lib.uliege.be\/alma\/wp-content\/uploads\/2020\/09\/image-10-1024x378.png\" alt=\"\" class=\"wp-image-5507\" srcset=\"https:\/\/services.lib.uliege.be\/alma\/wp-content\/uploads\/2020\/09\/image-10-1024x378.png 1024w, https:\/\/services.lib.uliege.be\/alma\/wp-content\/uploads\/2020\/09\/image-10-300x111.png 300w, https:\/\/services.lib.uliege.be\/alma\/wp-content\/uploads\/2020\/09\/image-10-768x283.png 768w, https:\/\/services.lib.uliege.be\/alma\/wp-content\/uploads\/2020\/09\/image-10.png 1073w\" sizes=\"auto, (max-width: 1024px) 100vw, 1024px\" \/><\/figure>\n<\/div>\n\n\n<h3 class=\"wp-block-heading\">Conserver une Galerie dans ses favoris<\/h3>\n\n\n\n<p>L&rsquo;utilisateur peut choisir les Galeries qu&rsquo;il conservera dans ses <a href=\"https:\/\/services.lib.uliege.be\/alma\/primo-ve\/fonctionnalites-de-gestion\/favoris\/\">favoris<\/a>, comme toute autre r\u00e9f\u00e9rence enregistr\u00e9e.<\/p>\n\n\n<div class=\"wp-block-image\">\n<figure class=\"aligncenter\"><img loading=\"lazy\" decoding=\"async\" width=\"963\" height=\"403\" src=\"https:\/\/services.lib.uliege.be\/alma\/wp-content\/uploads\/2019\/04\/image-61.png\" alt=\"\" class=\"wp-image-3992\" srcset=\"https:\/\/services.lib.uliege.be\/alma\/wp-content\/uploads\/2019\/04\/image-61.png 963w, https:\/\/services.lib.uliege.be\/alma\/wp-content\/uploads\/2019\/04\/image-61-300x126.png 300w, https:\/\/services.lib.uliege.be\/alma\/wp-content\/uploads\/2019\/04\/image-61-768x321.png 768w\" sizes=\"auto, (max-width: 963px) 100vw, 963px\" \/><\/figure>\n<\/div>\n\n<div class=\"wp-block-image\">\n<figure class=\"aligncenter\"><img loading=\"lazy\" decoding=\"async\" width=\"1024\" height=\"404\" src=\"https:\/\/services.lib.uliege.be\/alma\/wp-content\/uploads\/2019\/04\/image-64-1024x404.png\" alt=\"\" class=\"wp-image-4001\" srcset=\"https:\/\/services.lib.uliege.be\/alma\/wp-content\/uploads\/2019\/04\/image-64-1024x404.png 1024w, https:\/\/services.lib.uliege.be\/alma\/wp-content\/uploads\/2019\/04\/image-64-300x118.png 300w, https:\/\/services.lib.uliege.be\/alma\/wp-content\/uploads\/2019\/04\/image-64-768x303.png 768w, https:\/\/services.lib.uliege.be\/alma\/wp-content\/uploads\/2019\/04\/image-64.png 1101w\" sizes=\"auto, (max-width: 1024px) 100vw, 1024px\" \/><\/figure>\n<\/div>\n\n\n<h3 class=\"wp-block-heading\">Exploitation des Galeries \u00e0 partir de la recherche<\/h3>\n\n\n\n<p>L&rsquo;utilisateur peut retrouver dans la liste de r\u00e9sultats de recherche une \u00ab\u00a0notice\u00a0\u00bb de Galerie. Ainsi, pour la requ\u00eate \u00ab\u00a0Incunables\u00a0\u00bb, le premier r\u00e9sultat correspond \u00e0 une notice de type Collection qui redirige l&rsquo;utilisateur vers la page des Galeries et lui permet alors de parcourir la collection propos\u00e9e.<\/p>\n\n\n<div class=\"wp-block-image\">\n<figure class=\"aligncenter\"><img loading=\"lazy\" decoding=\"async\" width=\"299\" height=\"108\" src=\"https:\/\/services.lib.uliege.be\/alma\/wp-content\/uploads\/2019\/04\/image-52.png\" alt=\"\" class=\"wp-image-3844\"\/><\/figure>\n<\/div>\n\n\n<p>Dans le d\u00e9tail d&rsquo;une notice qui fait partie d&rsquo;une collection mise en avant dans une Galerie Primo, l&rsquo;utilisateur trouvera un lien de rebond vers chaque niveau de l&rsquo;arborescence des galeries. <br>Pour favoriser la d\u00e9couverte, les autres ressources dans la Galerie sont pr\u00e9sent\u00e9es \u00e0 l&rsquo;utilisateur. Il peut ainsi naviguer dans la Galerie en cliquant sur les fl\u00e8ches avant\/arri\u00e8re.<\/p>\n\n\n\n<figure class=\"wp-block-image\"><img loading=\"lazy\" decoding=\"async\" width=\"793\" height=\"636\" src=\"https:\/\/services.lib.uliege.be\/alma\/wp-content\/uploads\/2019\/09\/image-6.png\" alt=\"\" class=\"wp-image-4877\" srcset=\"https:\/\/services.lib.uliege.be\/alma\/wp-content\/uploads\/2019\/09\/image-6.png 793w, https:\/\/services.lib.uliege.be\/alma\/wp-content\/uploads\/2019\/09\/image-6-300x241.png 300w, https:\/\/services.lib.uliege.be\/alma\/wp-content\/uploads\/2019\/09\/image-6-768x616.png 768w\" sizes=\"auto, (max-width: 793px) 100vw, 793px\" \/><\/figure>\n\n\n\n<p><\/p>\n\n\n\n<h3 class=\"wp-block-heading\">Galerie dans Primo, Collection dans Alma<\/h3>\n\n\n\n<p>Les Galeries (<em>Collection Discovery<\/em>) dans Primo correspondent les Collections dans Alma. Il ne faut pas les confondre avec les Collections \u00e9lectroniques (<em>Electronic Collections<\/em>). Plus de d\u00e9tails sur la bo\u00eete \u00e0 outils Gestion des ressources et catalogage, <a href=\"https:\/\/app.lib.uliege.be\/guide_catalo\/collections-dans-alma\/\" target=\"_blank\" rel=\"noreferrer noopener\">Collections dans Alma<\/a>.<\/p>\n\n\n\n<p><\/p>\n","protected":false},"excerpt":{"rendered":"<p>La d\u00e9couverte \u00e0 partir des&nbsp;Galeries (Collection Discovery) est utilis\u00e9e pour mettre en avant des ressources ou fonds sp\u00e9cifiques, de fa\u00e7on permanente ou temporaire. Plusieurs Galeries ont \u00e9t\u00e9 d\u00e9finies : Une id\u00e9e de nouvelle Galerie ? Adressez-vous aux administrateurs Alma\/Primo Library-Systems {@} lists {.} uliege {.}be. Pour cr\u00e9er une galerie, nous&#8230; <a href=\"https:\/\/services.lib.uliege.be\/alma\/primo-ve\/recherche-et-decouverte\/galeries\/\" class=\"readmore\">Lire l&#039;int\u00e9gralit\u00e9&#8230;<span class=\"screen-reader-text\">Galeries<\/span><span class=\"fa fa-angle-double-right\" aria-hidden=\"true\"><\/span><\/a><\/p>\n","protected":false},"author":6,"featured_media":0,"parent":3135,"menu_order":4,"comment_status":"closed","ping_status":"closed","template":"","meta":{"jetpack_post_was_ever_published":false,"footnotes":""},"class_list":["post-3145","page","type-page","status-publish","hentry"],"jetpack_sharing_enabled":true,"jetpack_shortlink":"https:\/\/wp.me\/P7rJUv-OJ","_links":{"self":[{"href":"https:\/\/services.lib.uliege.be\/alma\/wp-json\/wp\/v2\/pages\/3145","targetHints":{"allow":["GET"]}}],"collection":[{"href":"https:\/\/services.lib.uliege.be\/alma\/wp-json\/wp\/v2\/pages"}],"about":[{"href":"https:\/\/services.lib.uliege.be\/alma\/wp-json\/wp\/v2\/types\/page"}],"author":[{"embeddable":true,"href":"https:\/\/services.lib.uliege.be\/alma\/wp-json\/wp\/v2\/users\/6"}],"replies":[{"embeddable":true,"href":"https:\/\/services.lib.uliege.be\/alma\/wp-json\/wp\/v2\/comments?post=3145"}],"version-history":[{"count":74,"href":"https:\/\/services.lib.uliege.be\/alma\/wp-json\/wp\/v2\/pages\/3145\/revisions"}],"predecessor-version":[{"id":6884,"href":"https:\/\/services.lib.uliege.be\/alma\/wp-json\/wp\/v2\/pages\/3145\/revisions\/6884"}],"up":[{"embeddable":true,"href":"https:\/\/services.lib.uliege.be\/alma\/wp-json\/wp\/v2\/pages\/3135"}],"wp:attachment":[{"href":"https:\/\/services.lib.uliege.be\/alma\/wp-json\/wp\/v2\/media?parent=3145"}],"curies":[{"name":"wp","href":"https:\/\/api.w.org\/{rel}","templated":true}]}}