{"id":3137,"date":"2019-02-28T16:37:19","date_gmt":"2019-02-28T15:37:19","guid":{"rendered":"https:\/\/app.lib.uliege.be\/alma\/?page_id=3137"},"modified":"2022-10-03T09:39:00","modified_gmt":"2022-10-03T07:39:00","slug":"recherche-simple","status":"publish","type":"page","link":"https:\/\/services.lib.uliege.be\/alma\/primo-ve\/recherche-et-decouverte\/recherche-simple\/","title":{"rendered":"Recherche simple"},"content":{"rendered":"\n<figure class=\"wp-block-image\"><img loading=\"lazy\" decoding=\"async\" width=\"930\" height=\"291\" src=\"https:\/\/services.lib.uliege.be\/alma\/wp-content\/uploads\/2019\/03\/image-3.png\" alt=\"\" class=\"wp-image-3239\" srcset=\"https:\/\/services.lib.uliege.be\/alma\/wp-content\/uploads\/2019\/03\/image-3.png 930w, https:\/\/services.lib.uliege.be\/alma\/wp-content\/uploads\/2019\/03\/image-3-300x94.png 300w, https:\/\/services.lib.uliege.be\/alma\/wp-content\/uploads\/2019\/03\/image-3-768x240.png 768w\" sizes=\"auto, (max-width: 930px) 100vw, 930px\" \/><\/figure>\n\n\n\n<p>Vous pouvez entrer n&rsquo;importe quel terme de recherche dans la barre de recherche. Vous pouvez utiliser un des termes propos\u00e9s par auto-compl\u00e9tion.<br><\/p>\n\n\n\n<p>Recherches sp\u00e9cifiques :<\/p>\n\n\n\n<ul class=\"wp-block-list\"><li>recherche exacte (syntagme) en utilisant les guillemets ;<\/li><li>op\u00e9rateurs bool\u00e9ens <strong>AND<\/strong>, <strong>OR <\/strong>et <strong>NOT <\/strong>ou <strong>ET<\/strong>, <strong>OU <\/strong>et <strong>SAUF <\/strong>(toujours en majuscules), \u00e9ventuellement avec des parenth\u00e8ses pour des regroupements ;<ul><li>entre 2 termes, le AND est implicite<\/li><li>les op\u00e9rateurs bool\u00e9ens peuvent s\u2019encha\u00eener.<\/li><li>Il y a un ordre de priorit\u00e9 pour les op\u00e9rateurs bool\u00e9ens.<ul><li>NOT est \u00e9valu\u00e9 en premier<\/li><li>AND est \u00e9valu\u00e9 en deuxi\u00e8me<\/li><li>OR est \u00e9valu\u00e9 en dernier<\/li><\/ul><\/li><li>Il est possible de changer cet ordre en ajoutant des parenth\u00e8ses.<\/li><\/ul><\/li><li>masque : <strong>?<\/strong> (remplace 1 caract\u00e8re, sauf en fin de mot o\u00f9 il est interpr\u00e9t\u00e9 comme le signe de ponctuation) ;<\/li><li>troncature : <strong>*<\/strong> (peut remplacer plusieurs caract\u00e8res en fin de mot)<\/li><\/ul>\n\n\n\n<p>Plus de d\u00e9tail sur la page <a href=\"https:\/\/knowledge.exlibrisgroup.com\/Primo\/Product_Documentation\/020Primo_VE\/End_User_Help\/01Performing_Basic_Searches_in_Primo_VE\" target=\"_blank\" rel=\"noreferrer noopener\" aria-label=\" (opens in a new tab)\">Performing Basic Searches in Primo VE<\/a>  sur le Knowledge Center.<br><br><\/p>\n","protected":false},"excerpt":{"rendered":"<p>Vous pouvez entrer n&rsquo;importe quel terme de recherche dans la barre de recherche. Vous pouvez utiliser un des termes propos\u00e9s par auto-compl\u00e9tion. Recherches sp\u00e9cifiques : recherche exacte (syntagme) en utilisant les guillemets ; op\u00e9rateurs bool\u00e9ens AND, OR et NOT ou ET, OU et SAUF (toujours en majuscules), \u00e9ventuellement avec des&#8230; <a href=\"https:\/\/services.lib.uliege.be\/alma\/primo-ve\/recherche-et-decouverte\/recherche-simple\/\" class=\"readmore\">Lire l&#039;int\u00e9gralit\u00e9&#8230;<span class=\"screen-reader-text\">Recherche simple<\/span><span class=\"fa fa-angle-double-right\" aria-hidden=\"true\"><\/span><\/a><\/p>\n","protected":false},"author":6,"featured_media":0,"parent":3135,"menu_order":1,"comment_status":"closed","ping_status":"closed","template":"","meta":{"jetpack_post_was_ever_published":false,"footnotes":""},"class_list":["post-3137","page","type-page","status-publish","hentry"],"jetpack_sharing_enabled":true,"jetpack_shortlink":"https:\/\/wp.me\/P7rJUv-OB","_links":{"self":[{"href":"https:\/\/services.lib.uliege.be\/alma\/wp-json\/wp\/v2\/pages\/3137","targetHints":{"allow":["GET"]}}],"collection":[{"href":"https:\/\/services.lib.uliege.be\/alma\/wp-json\/wp\/v2\/pages"}],"about":[{"href":"https:\/\/services.lib.uliege.be\/alma\/wp-json\/wp\/v2\/types\/page"}],"author":[{"embeddable":true,"href":"https:\/\/services.lib.uliege.be\/alma\/wp-json\/wp\/v2\/users\/6"}],"replies":[{"embeddable":true,"href":"https:\/\/services.lib.uliege.be\/alma\/wp-json\/wp\/v2\/comments?post=3137"}],"version-history":[{"count":15,"href":"https:\/\/services.lib.uliege.be\/alma\/wp-json\/wp\/v2\/pages\/3137\/revisions"}],"predecessor-version":[{"id":6144,"href":"https:\/\/services.lib.uliege.be\/alma\/wp-json\/wp\/v2\/pages\/3137\/revisions\/6144"}],"up":[{"embeddable":true,"href":"https:\/\/services.lib.uliege.be\/alma\/wp-json\/wp\/v2\/pages\/3135"}],"wp:attachment":[{"href":"https:\/\/services.lib.uliege.be\/alma\/wp-json\/wp\/v2\/media?parent=3137"}],"curies":[{"name":"wp","href":"https:\/\/api.w.org\/{rel}","templated":true}]}}