{"id":3133,"date":"2019-02-28T16:34:39","date_gmt":"2019-02-28T15:34:39","guid":{"rendered":"https:\/\/app.lib.uliege.be\/alma\/?page_id=3133"},"modified":"2020-09-29T15:47:19","modified_gmt":"2020-09-29T13:47:19","slug":"primo-ve","status":"publish","type":"page","link":"https:\/\/services.lib.uliege.be\/alma\/primo-ve\/","title":{"rendered":"Nouveau Primo: Primo VE"},"content":{"rendered":"\n<p class=\"has-text-align-center\"><a rel=\"noreferrer noopener\" aria-label=\" (opens in a new tab)\" href=\"https:\/\/explore.lib.uliege.be\/discovery\/search?vid=32ULG_INST:ULIEGE\" target=\"_blank\"><strong>https:\/\/explore.lib.uliege.be\/discovery\/search?vid=32ULG_INST:ULIEGE<\/strong><\/a><\/p>\n\n\n\n<h3 class=\"wp-block-heading\">Primo VE<\/h3>\n\n\n\n<p>Primo VE est un nouveau mod\u00e8le de d\u00e9ploiement de Primo, con\u00e7u pour simplifier et consolider les processus de <em>back-end <\/em>en utilisant Alma comme plateforme administrative. \u00ab\u00a0VE\u00a0\u00bb n&rsquo;a pas de signification particuli\u00e8re. Co\u00efncidence ? On peut rapprocher \u00ab\u00a0VE\u00a0\u00bb du latin \u00ab\u00a0Visum et Expisco\u00a0\u00bb (Voir et d\u00e9couvrir).<\/p>\n\n\n\n<div class=\"wp-block-image\"><figure class=\"aligncenter is-resized\"><img loading=\"lazy\" decoding=\"async\" src=\"https:\/\/services.lib.uliege.be\/alma\/wp-content\/uploads\/2019\/04\/image-74.png\" alt=\"\" class=\"wp-image-4178\" width=\"553\" height=\"365\" srcset=\"https:\/\/services.lib.uliege.be\/alma\/wp-content\/uploads\/2019\/04\/image-74.png 737w, https:\/\/services.lib.uliege.be\/alma\/wp-content\/uploads\/2019\/04\/image-74-300x198.png 300w\" sizes=\"auto, (max-width: 553px) 100vw, 553px\" \/><\/figure><\/div>\n\n\n\n<p>Avec Primo VE, il n&rsquo;y a donc plus de <em>back office<\/em> s\u00e9par\u00e9. La configuration par d\u00e9faut est privil\u00e9gi\u00e9e afin de limiter les besoins d&rsquo;intervention du client et d&rsquo;ainsi permettre une <strong>interaction continue entre Alma et Primo<\/strong>.<\/p>\n\n\n\n<p>Primo VE est <strong>mis \u00e0 jour tous les mois<\/strong>,en m\u00eame temps qu&rsquo;Alma. Un Primo dans le cloud Ex Libris g\u00e9r\u00e9 par une interface administrative distincte (<em>Primo Back Office<\/em>) est mis \u00e0 jour 4 fois par an.  <\/p>\n\n\n\n<p>Avec Primo VE, il n&rsquo;y a pas de processus de publication de donn\u00e9es\/moissonnage, de normalisation vers le format PNX, d&rsquo;indexation et de mise \u00e0 disposition (<em>hotswapping<\/em>) des donn\u00e9es, comme avec le Primo classique.   <\/p>\n\n\n\n<p>L&rsquo;index Primo VE int\u00e8gre les notices d&rsquo;Alma et les notices de sources externes moissonn\u00e9es  (voir la page <a href=\"https:\/\/services.lib.uliege.be\/alma\/primo-ve\/sources\/\">Sources<\/a>). Les r\u00e9sultats de recherche sont g\u00e9n\u00e9r\u00e9s via des r\u00e8gles de normalisation qui permettent d&rsquo;optimiser leur affichage.<\/p>\n\n\n\n<p>Le moteur  de recherche Solr utilis\u00e9 par Primo VE permet plus de transformations au moment de la requ\u00eate, et c&rsquo;est aussi cela qui rend possible la publication en temps r\u00e9el.<br><\/p>\n\n\n\n<div class=\"wp-block-image\" id=\"MenuConfigurationDiscovery\"><figure class=\"aligncenter\"><img loading=\"lazy\" decoding=\"async\" width=\"1024\" height=\"608\" src=\"https:\/\/services.lib.uliege.be\/alma\/wp-content\/uploads\/2019\/04\/image-58-1024x608.png\" alt=\"\" class=\"wp-image-3959\" srcset=\"https:\/\/services.lib.uliege.be\/alma\/wp-content\/uploads\/2019\/04\/image-58-1024x608.png 1024w, https:\/\/services.lib.uliege.be\/alma\/wp-content\/uploads\/2019\/04\/image-58-300x178.png 300w, https:\/\/services.lib.uliege.be\/alma\/wp-content\/uploads\/2019\/04\/image-58-768x456.png 768w, https:\/\/services.lib.uliege.be\/alma\/wp-content\/uploads\/2019\/04\/image-58.png 1136w\" sizes=\"auto, (max-width: 1024px) 100vw, 1024px\" \/><figcaption>Alma &#8211; Menu de configuration du Discovery <\/figcaption><\/figure><\/div>\n\n\n\n<p>Cela proc\u00e8de d&rsquo;une certaine logique puisque d\u00e9j\u00e0 toute une partie de l&rsquo;administration Primo, notamment la partie \u00ab\u00a0Opac via Primo\u00a0\u00bb, c&rsquo;est-\u00e0-dire ce qui concerne les r\u00e9servations, la fourniture de documents, les demandes d&rsquo;achats, de PIB, de num\u00e9risation&#8230; est r\u00e9partie dans diff\u00e9rentes fonctionnalit\u00e9s d&rsquo;Alma (principalement en Fulfillment).<\/p>\n\n\n\n<h3 class=\"wp-block-heading\">Primo New UI<\/h3>\n\n\n\n<p>Primo VE exploite la nouvelle interface utilisateur de Primo (<em>New UI = New User Interface<\/em>), adapt\u00e9e \u00e0 tous les types d&rsquo;appareils mobiles. En cons\u00e9quence,  la pr\u00e9sentation et l&rsquo;affichage de certaines fonctionnalit\u00e9s sont adapt\u00e9es en fonction de la taille de l&rsquo;\u00e9cran.<\/p>\n\n\n\n<p>La nouvelle interface de Primo (<em>Primo New UI<\/em>) a commenc\u00e9 \u00e0 \u00eatre d\u00e9ploy\u00e9e courant 2016 chez les clients. Depuis d\u00e9but 2016, c&rsquo;est exclusivement ce nouveau type d\u2019interface qui est d\u00e9ploy\u00e9 chez les clients Primo (qu&rsquo;ils utilisent derri\u00e8re Alma, Aleph ou un autre SIGB). Comme l&rsquo;ULi\u00e8ge est pass\u00e9e \u00e0 Alma d\u00e9but 2015,  il \u00e9tait trop t\u00f4t pour passer sur le nouveau Primo. <\/p>\n\n\n\n<p>La nouvelle interface de Primo dispose d&rsquo;une <strong>pr\u00e9sentation \u00e9pur\u00e9e<\/strong> et a \u00e9t\u00e9 \u00e9labor\u00e9e afin de permettre d&rsquo;<strong>anticiper et de limiter les actions des utilisateurs<\/strong>.<\/p>\n\n\n\n<p>Pour en savoir plus :<\/p>\n\n\n\n<ul class=\"wp-block-list\"><li><a rel=\"noreferrer noopener\" aria-label=\" (opens in a new tab)\" href=\"https:\/\/knowledge.exlibrisgroup.com\/@api\/deki\/files\/39504\/UX_Core_Principles_for_Designing_Library_Discovery_Services_final.pptx?revision=1\" target=\"_blank\">Delivering the Experience that Users Expect: Core Principles for Designing Library Discovery Services<\/a> <\/li><li><a rel=\"noreferrer noopener\" aria-label=\"Primo VE Summit Report (opens in a new tab)\" href=\"https:\/\/docs.google.com\/document\/d\/1MbiDQSO8_V3E7ATbVPRP1pGuNlU9A0SwFhNFW54if8I\/edit\" target=\"_blank\">Primo VE Summit Report<\/a><\/li><\/ul>\n\n\n\n<figure class=\"wp-block-embed-youtube aligncenter wp-block-embed is-type-video is-provider-youtube wp-embed-aspect-4-3 wp-has-aspect-ratio\"><div class=\"wp-block-embed__wrapper\">\n<span class=\"embed-youtube\" style=\"text-align:center; display: block;\"><iframe loading=\"lazy\" class=\"youtube-player\" width=\"800\" height=\"450\" src=\"https:\/\/www.youtube.com\/embed\/GxwXA-Lt2mM?version=3&#038;rel=1&#038;showsearch=0&#038;showinfo=1&#038;iv_load_policy=1&#038;fs=1&#038;hl=fr-FR&#038;autohide=2&#038;wmode=transparent\" allowfullscreen=\"true\" style=\"border:0;\" sandbox=\"allow-scripts allow-same-origin allow-popups allow-presentation allow-popups-to-escape-sandbox\"><\/iframe><\/span>\n<\/div><\/figure>\n\n\n\n<p><br><br><\/p>\n","protected":false},"excerpt":{"rendered":"<p>https:\/\/explore.lib.uliege.be\/discovery\/search?vid=32ULG_INST:ULIEGE Primo VE Primo VE est un nouveau mod\u00e8le de d\u00e9ploiement de Primo, con\u00e7u pour simplifier et consolider les processus de back-end en utilisant Alma comme plateforme administrative. \u00ab\u00a0VE\u00a0\u00bb n&rsquo;a pas de signification particuli\u00e8re. Co\u00efncidence ? On peut rapprocher \u00ab\u00a0VE\u00a0\u00bb du latin \u00ab\u00a0Visum et Expisco\u00a0\u00bb (Voir et d\u00e9couvrir). Avec Primo&#8230; <a href=\"https:\/\/services.lib.uliege.be\/alma\/primo-ve\/\" class=\"readmore\">Lire l&#039;int\u00e9gralit\u00e9&#8230;<span class=\"screen-reader-text\">Nouveau Primo: Primo VE<\/span><span class=\"fa fa-angle-double-right\" aria-hidden=\"true\"><\/span><\/a><\/p>\n","protected":false},"author":5,"featured_media":0,"parent":0,"menu_order":0,"comment_status":"closed","ping_status":"closed","template":"","meta":{"jetpack_post_was_ever_published":false,"footnotes":""},"class_list":["post-3133","page","type-page","status-publish","hentry"],"jetpack_sharing_enabled":true,"jetpack_shortlink":"https:\/\/wp.me\/P7rJUv-Ox","_links":{"self":[{"href":"https:\/\/services.lib.uliege.be\/alma\/wp-json\/wp\/v2\/pages\/3133","targetHints":{"allow":["GET"]}}],"collection":[{"href":"https:\/\/services.lib.uliege.be\/alma\/wp-json\/wp\/v2\/pages"}],"about":[{"href":"https:\/\/services.lib.uliege.be\/alma\/wp-json\/wp\/v2\/types\/page"}],"author":[{"embeddable":true,"href":"https:\/\/services.lib.uliege.be\/alma\/wp-json\/wp\/v2\/users\/5"}],"replies":[{"embeddable":true,"href":"https:\/\/services.lib.uliege.be\/alma\/wp-json\/wp\/v2\/comments?post=3133"}],"version-history":[{"count":40,"href":"https:\/\/services.lib.uliege.be\/alma\/wp-json\/wp\/v2\/pages\/3133\/revisions"}],"predecessor-version":[{"id":5472,"href":"https:\/\/services.lib.uliege.be\/alma\/wp-json\/wp\/v2\/pages\/3133\/revisions\/5472"}],"wp:attachment":[{"href":"https:\/\/services.lib.uliege.be\/alma\/wp-json\/wp\/v2\/media?parent=3133"}],"curies":[{"name":"wp","href":"https:\/\/api.w.org\/{rel}","templated":true}]}}