{"id":30,"date":"2016-04-07T12:27:26","date_gmt":"2016-04-07T11:27:26","guid":{"rendered":"https:\/\/app.lib.uliege.be\/alma\/?page_id=30"},"modified":"2026-03-25T11:44:08","modified_gmt":"2026-03-25T10:44:08","slug":"users","status":"publish","type":"page","link":"https:\/\/services.lib.uliege.be\/alma\/users\/","title":{"rendered":"Users"},"content":{"rendered":"\n<p>La formation <em>Users<\/em> \u00e0 l\u2019ULi\u00e8ge est int\u00e9gr\u00e9e aux formations <em>Fulfillment (circulation)<\/em> et <em>Resource Sharing<\/em> :<\/p>\n\n\n\n<ul class=\"wp-block-list\">\n<li><a href=\"https:\/\/services.lib.uliege.be\/alma\/users\/inscription-exterieurs\/\">Inscription des usagers ext\u00e9rieurs<\/a><\/li>\n<\/ul>\n\n\n\n<p><\/p>\n","protected":false},"excerpt":{"rendered":"<p>La formation Users \u00e0 l\u2019ULi\u00e8ge est int\u00e9gr\u00e9e aux formations Fulfillment (circulation) et Resource Sharing :<\/p>\n","protected":false},"author":5,"featured_media":0,"parent":0,"menu_order":0,"comment_status":"closed","ping_status":"closed","template":"","meta":{"jetpack_post_was_ever_published":false,"footnotes":""},"class_list":["post-30","page","type-page","status-publish","hentry"],"jetpack_sharing_enabled":true,"jetpack_shortlink":"https:\/\/wp.me\/P7rJUv-u","_links":{"self":[{"href":"https:\/\/services.lib.uliege.be\/alma\/wp-json\/wp\/v2\/pages\/30","targetHints":{"allow":["GET"]}}],"collection":[{"href":"https:\/\/services.lib.uliege.be\/alma\/wp-json\/wp\/v2\/pages"}],"about":[{"href":"https:\/\/services.lib.uliege.be\/alma\/wp-json\/wp\/v2\/types\/page"}],"author":[{"embeddable":true,"href":"https:\/\/services.lib.uliege.be\/alma\/wp-json\/wp\/v2\/users\/5"}],"replies":[{"embeddable":true,"href":"https:\/\/services.lib.uliege.be\/alma\/wp-json\/wp\/v2\/comments?post=30"}],"version-history":[{"count":17,"href":"https:\/\/services.lib.uliege.be\/alma\/wp-json\/wp\/v2\/pages\/30\/revisions"}],"predecessor-version":[{"id":7141,"href":"https:\/\/services.lib.uliege.be\/alma\/wp-json\/wp\/v2\/pages\/30\/revisions\/7141"}],"wp:attachment":[{"href":"https:\/\/services.lib.uliege.be\/alma\/wp-json\/wp\/v2\/media?parent=30"}],"curies":[{"name":"wp","href":"https:\/\/api.w.org\/{rel}","templated":true}]}}