{"id":27,"date":"2016-04-07T12:26:44","date_gmt":"2016-04-07T11:26:44","guid":{"rendered":"https:\/\/app.lib.uliege.be\/alma\/?page_id=27"},"modified":"2018-09-20T14:56:01","modified_gmt":"2018-09-20T12:56:01","slug":"resource-management","status":"publish","type":"page","link":"https:\/\/services.lib.uliege.be\/alma\/resource-management\/","title":{"rendered":"Gestion des ressources (Resource Management)"},"content":{"rendered":"<h4>Deux cycles de formation, correspondant aux phases de pr\u00e9-impl\u00e9mentation et de post-impl\u00e9mentation :<\/h4>\n<ul>\n<li><strong>Phase de pr\u00e9-impl\u00e9mentation <a href=\"https:\/\/services.lib.uliege.be\/alma\/resource-management\/repertoire-et-inventaire\/\">R\u00e9pertoire et Inventaire<\/a> (cycle 1)<\/strong>\n<ul>\n<li>R\u00e9cup\u00e9ration des donn\u00e9es (Aleph\/SFX)<\/li>\n<li>D\u00e9tails sur l&rsquo;export des donn\u00e9es Aleph<\/li>\n<li>Alma, Syst\u00e8me de gestion de m\u00e9tadonn\u00e9es et Inventaire<\/li>\n<li>Rechercher dans Alma<\/li>\n<li>Exploiter les r\u00e9sultats de recherche<\/li>\n<li>Catalogage rapide (<em>quick cataloging<\/em>) : \u00e0 partir des menus Gestion des usagers et Gestion des ressources<\/li>\n<li>Modifier des informations d&rsquo;exemplaires : \u00e0 partir du menu Gestion des usagers<\/li>\n<\/ul>\n<\/li>\n<\/ul>\n<p><u>Public cible<\/u> : tout public<br \/>\n<u>Formations certifiantes<\/u> : oui &#8211;\u00a0<em>la certification portant sur la compr\u00e9hension du contenu du r\u00e9pertoire (zones Institution vs Communaut\u00e9, crit\u00e8res de pr\u00e9-recherche), la compr\u00e9hension des r\u00e9sultats, la cr\u00e9ation d&rsquo;inventaire par catalogage rapide et le suivi du document, la modification des donn\u00e9es de localisation des exemplaires.<\/em><\/p>\n<ul>\n<li><strong>Phase de post-impl\u00e9mentation <a href=\"https:\/\/services.lib.uliege.be\/alma\/resource-management\/gestion-des-ressources-imprimees\/\">Gestion des ressources<\/a> (cycle 2)<\/strong>.\u00a0<em>Cette partie porte sur la gestion de l&rsquo;inventaire physique des Biblioth\u00e8ques de l&rsquo;ULi\u00e8ge<\/em>\n<ul>\n<li>Gestion des exemplaires dans Alma<\/li>\n<li>Catalogage dans Alma<\/li>\n<li>Localiser une ressource dans un catalogue externe<\/li>\n<li>P\u00e9riodiques :\n<ul>\n<li>Bulletinage et mod\u00e8les pr\u00e9visionnels<\/li>\n<\/ul>\n<\/li>\n<\/ul>\n<\/li>\n<\/ul>\n<p><u>Public cible<\/u> : responsables de section, documentalistes<br \/>\n<u>Formations certifiantes<\/u> : oui &#8211;\u00a0<em>les certifications portant sur la cr\u00e9ation, modification, suppression d&rsquo;exemplaires, le bulletinage, la reliure des fascicules de p\u00e9riodiques.<\/em><\/p>\n<h4>Formation continue post-impl\u00e9mentation :<\/h4>\n<p><u>Public cible<\/u> : documentalistes<br \/>\n<u>Formations certifiantes<\/u> :\u00a0non<\/p>\n<ul>\n<li>P\u00e9riodiques :\n<ul>\n<li>Affichage et gestion des \u00e9tats de collection<\/li>\n<li>Comment exemplariser des fascicules de p\u00e9riodiques<\/li>\n<\/ul>\n<\/li>\n<li>Liste des t\u00e2ches du contr\u00f4le d&rsquo;autorit\u00e9\n<ul>\n<li>Traitements &lsquo;Autorit\u00e9s&rsquo; et r\u00f4le du catalogueur<\/li>\n<li>Consignes pour le contr\u00f4le des traitements &lsquo;Autorit\u00e9s&rsquo;<\/li>\n<\/ul>\n<\/li>\n<li>Comment cr\u00e9er des liens entre notices dans Alma<\/li>\n<\/ul>\n<p style=\"text-align: center;\">********<\/p>\n<p>Tous les supports de formation sont propos\u00e9s\u00a0sur le wiki <a href=\"http:\/\/doclib.uliege.be\/catalo\/\" target=\"_blank\" rel=\"noopener\" class=\"broken_link\">Gestion des ressources &amp; Catalogage<\/a>, accessible en intranet et par VPN aux membres des Biblioth\u00e8ques de l\u2019ULi\u00e8ge.<\/p>\n<p>Le groupe de travail Alma Resource Management peut \u00eatre contact\u00e9 via cette adresse : <a href=\"mailto:Alma-RM@lists.uliege.be\">Alma-RM {@} lists(.)uliege(.)be<\/a>.<\/p>\n","protected":false},"excerpt":{"rendered":"<p>Deux cycles de formation, correspondant aux phases de pr\u00e9-impl\u00e9mentation et de post-impl\u00e9mentation : Phase de pr\u00e9-impl\u00e9mentation R\u00e9pertoire et Inventaire (cycle 1) R\u00e9cup\u00e9ration des donn\u00e9es (Aleph\/SFX) D\u00e9tails sur l&rsquo;export des donn\u00e9es Aleph Alma, Syst\u00e8me de gestion de m\u00e9tadonn\u00e9es et Inventaire Rechercher dans Alma Exploiter les r\u00e9sultats de recherche Catalogage rapide (quick&#8230; <a href=\"https:\/\/services.lib.uliege.be\/alma\/resource-management\/\" class=\"readmore\">Lire l&#039;int\u00e9gralit\u00e9&#8230;<span class=\"screen-reader-text\">Gestion des ressources (Resource Management)<\/span><span class=\"fa fa-angle-double-right\" aria-hidden=\"true\"><\/span><\/a><\/p>\n","protected":false},"author":5,"featured_media":0,"parent":0,"menu_order":0,"comment_status":"closed","ping_status":"closed","template":"","meta":{"jetpack_post_was_ever_published":false,"footnotes":""},"class_list":["post-27","page","type-page","status-publish","hentry"],"jetpack_sharing_enabled":true,"jetpack_shortlink":"https:\/\/wp.me\/P7rJUv-r","_links":{"self":[{"href":"https:\/\/services.lib.uliege.be\/alma\/wp-json\/wp\/v2\/pages\/27","targetHints":{"allow":["GET"]}}],"collection":[{"href":"https:\/\/services.lib.uliege.be\/alma\/wp-json\/wp\/v2\/pages"}],"about":[{"href":"https:\/\/services.lib.uliege.be\/alma\/wp-json\/wp\/v2\/types\/page"}],"author":[{"embeddable":true,"href":"https:\/\/services.lib.uliege.be\/alma\/wp-json\/wp\/v2\/users\/5"}],"replies":[{"embeddable":true,"href":"https:\/\/services.lib.uliege.be\/alma\/wp-json\/wp\/v2\/comments?post=27"}],"version-history":[{"count":23,"href":"https:\/\/services.lib.uliege.be\/alma\/wp-json\/wp\/v2\/pages\/27\/revisions"}],"predecessor-version":[{"id":2905,"href":"https:\/\/services.lib.uliege.be\/alma\/wp-json\/wp\/v2\/pages\/27\/revisions\/2905"}],"wp:attachment":[{"href":"https:\/\/services.lib.uliege.be\/alma\/wp-json\/wp\/v2\/media?parent=27"}],"curies":[{"name":"wp","href":"https:\/\/api.w.org\/{rel}","templated":true}]}}