{"id":2407,"date":"2017-11-07T16:50:49","date_gmt":"2017-11-07T15:50:49","guid":{"rendered":"https:\/\/app.lib.uliege.be\/alma\/?page_id=2407"},"modified":"2025-09-08T17:13:48","modified_gmt":"2025-09-08T15:13:48","slug":"generalites","status":"publish","type":"page","link":"https:\/\/services.lib.uliege.be\/alma\/generalites\/","title":{"rendered":"G\u00e9n\u00e9ralit\u00e9s"},"content":{"rendered":"\n<h3 class=\"wp-block-heading\">Alma @ Uli\u00e8ge Library : Introduction au SGB Alma<\/h3>\n\n\n\n<p><\/p>\n\n\n<div class=\"ead-preview\"><div class=\"ead-document\" style=\"position: relative;padding-top: 90%;\"><iframe src=\"\/\/view.officeapps.live.com\/op\/embed.aspx?src=https%3A%2F%2Fservices.lib.uliege.be%2Falma%2Fwp-content%2Fuploads%2F2025%2F09%2FAlma%40ULiegeLibrary_introduction-generale_Sept2025.pptx\" title=\"Document embarqu\u00e9\" class=\"ead-iframe\" style=\"width: 100%;height: 100%;border: none;position: absolute;left: 0;top: 0;\"><\/iframe><\/div><p class=\"embed_download\"><a href=\"https:\/\/services.lib.uliege.be\/alma\/wp-content\/uploads\/2025\/09\/Alma@ULiegeLibrary_introduction-generale_Sept2025.pptx\" download>\ufeffT\u00e9l\u00e9charger [4.27 MB] <\/a><\/p><\/div>\n","protected":false},"excerpt":{"rendered":"<p>Alma @ Uli\u00e8ge Library : Introduction au SGB Alma<\/p>\n","protected":false},"author":5,"featured_media":0,"parent":0,"menu_order":0,"comment_status":"closed","ping_status":"closed","template":"","meta":{"jetpack_post_was_ever_published":false,"footnotes":""},"class_list":["post-2407","page","type-page","status-publish","hentry"],"jetpack_sharing_enabled":true,"jetpack_shortlink":"https:\/\/wp.me\/P7rJUv-CP","_links":{"self":[{"href":"https:\/\/services.lib.uliege.be\/alma\/wp-json\/wp\/v2\/pages\/2407","targetHints":{"allow":["GET"]}}],"collection":[{"href":"https:\/\/services.lib.uliege.be\/alma\/wp-json\/wp\/v2\/pages"}],"about":[{"href":"https:\/\/services.lib.uliege.be\/alma\/wp-json\/wp\/v2\/types\/page"}],"author":[{"embeddable":true,"href":"https:\/\/services.lib.uliege.be\/alma\/wp-json\/wp\/v2\/users\/5"}],"replies":[{"embeddable":true,"href":"https:\/\/services.lib.uliege.be\/alma\/wp-json\/wp\/v2\/comments?post=2407"}],"version-history":[{"count":20,"href":"https:\/\/services.lib.uliege.be\/alma\/wp-json\/wp\/v2\/pages\/2407\/revisions"}],"predecessor-version":[{"id":7050,"href":"https:\/\/services.lib.uliege.be\/alma\/wp-json\/wp\/v2\/pages\/2407\/revisions\/7050"}],"wp:attachment":[{"href":"https:\/\/services.lib.uliege.be\/alma\/wp-json\/wp\/v2\/media?parent=2407"}],"curies":[{"name":"wp","href":"https:\/\/api.w.org\/{rel}","templated":true}]}}