{"id":1800,"date":"2016-12-12T14:51:24","date_gmt":"2016-12-12T13:51:24","guid":{"rendered":"https:\/\/app.lib.uliege.be\/alma\/?page_id=1800"},"modified":"2016-12-12T14:52:21","modified_gmt":"2016-12-12T13:52:21","slug":"projets","status":"publish","type":"page","link":"https:\/\/services.lib.uliege.be\/alma\/projet\/projets\/","title":{"rendered":"Projets"},"content":{"rendered":"<p>Durant l&rsquo;automne 2016, les diff\u00e9rents groupes de travail Alma et la Project Team ont \u00e9tabli une premi\u00e8re liste de t\u00e2ches prioritaires pour l&rsquo;ann\u00e9e acad\u00e9mique 2016-2017.<\/p>\n<p>Cet exercice consistait, pour chaque groupe, \u00e0 lister les grand travaux et chantiers sur lesquels ils allaient se concentrer et qu&rsquo;ils esp\u00e8rent pouvoir concr\u00e9tiser durant l&rsquo;ann\u00e9e. Ces t\u00e2ches sont par exemple li\u00e9es :<\/p>\n<ul>\n<li>\u00e0 de nouveaux services et de nouvelles fonctionnalit\u00e9s (orient\u00e9es usagers ou personnel des biblioth\u00e8ques)<\/li>\n<li>au d\u00e9ploiement de nouvelles (sous)-composantes d&rsquo;Alma<\/li>\n<li>\u00e0 des d\u00e9veloppements informatiques ou interfa\u00e7ages<\/li>\n<li>\u00e0 une r\u00e9flexion pouss\u00e9e sur l\u2019avenir d\u2019une composante, une \u00e9tude de faisabilit\u00e9, un audit&#8230;<\/li>\n<li>\u00e0 de nouvelles formations (&lt; nouveaux besoins, nouveaux services)<\/li>\n<li>\u00e0 une exploitation significativement plus pouss\u00e9e de donn\u00e9es<\/li>\n<li>\u00e0 de nouveaux partenariats avec d&rsquo;autres institutions Alma&#8230;<\/li>\n<\/ul>\n<p>Les t\u00e2ches ont \u00e9t\u00e9 cat\u00e9goris\u00e9es en 5 types :<\/p>\n<ol>\n<li>Analyses et \u00e9tudes<\/li>\n<li>Contr\u00f4les qualit\u00e9<\/li>\n<li>Interfa\u00e7ages et partenariats<\/li>\n<li>Fonctionnalit\u00e9s et services<\/li>\n<li>Formations continues<\/li>\n<\/ol>\n<p>La liste pour 2016-2017, valid\u00e9e en r\u00e9union de Project Team, est <a href=\"https:\/\/docs.google.com\/spreadsheets\/d\/1RbZ9iz7cDPPeijexhAmax7pWaNTDC5wEcv5oe9g-On8\/edit?usp=sharing\" target=\"_blank\">disponible\u00a0ici<\/a>.<\/p>\n","protected":false},"excerpt":{"rendered":"<p>Durant l&rsquo;automne 2016, les diff\u00e9rents groupes de travail Alma et la Project Team ont \u00e9tabli une premi\u00e8re liste de t\u00e2ches prioritaires pour l&rsquo;ann\u00e9e acad\u00e9mique 2016-2017. Cet exercice consistait, pour chaque groupe, \u00e0 lister les grand travaux et chantiers sur lesquels ils allaient se concentrer et qu&rsquo;ils esp\u00e8rent pouvoir concr\u00e9tiser durant&#8230; <a href=\"https:\/\/services.lib.uliege.be\/alma\/projet\/projets\/\" class=\"readmore\">Lire l&#039;int\u00e9gralit\u00e9&#8230;<span class=\"screen-reader-text\">Projets<\/span><span class=\"fa fa-angle-double-right\" aria-hidden=\"true\"><\/span><\/a><\/p>\n","protected":false},"author":5,"featured_media":0,"parent":80,"menu_order":0,"comment_status":"closed","ping_status":"closed","template":"","meta":{"jetpack_post_was_ever_published":false,"footnotes":""},"class_list":["post-1800","page","type-page","status-publish","hentry"],"jetpack_sharing_enabled":true,"jetpack_shortlink":"https:\/\/wp.me\/P7rJUv-t2","_links":{"self":[{"href":"https:\/\/services.lib.uliege.be\/alma\/wp-json\/wp\/v2\/pages\/1800","targetHints":{"allow":["GET"]}}],"collection":[{"href":"https:\/\/services.lib.uliege.be\/alma\/wp-json\/wp\/v2\/pages"}],"about":[{"href":"https:\/\/services.lib.uliege.be\/alma\/wp-json\/wp\/v2\/types\/page"}],"author":[{"embeddable":true,"href":"https:\/\/services.lib.uliege.be\/alma\/wp-json\/wp\/v2\/users\/5"}],"replies":[{"embeddable":true,"href":"https:\/\/services.lib.uliege.be\/alma\/wp-json\/wp\/v2\/comments?post=1800"}],"version-history":[{"count":3,"href":"https:\/\/services.lib.uliege.be\/alma\/wp-json\/wp\/v2\/pages\/1800\/revisions"}],"predecessor-version":[{"id":1810,"href":"https:\/\/services.lib.uliege.be\/alma\/wp-json\/wp\/v2\/pages\/1800\/revisions\/1810"}],"up":[{"embeddable":true,"href":"https:\/\/services.lib.uliege.be\/alma\/wp-json\/wp\/v2\/pages\/80"}],"wp:attachment":[{"href":"https:\/\/services.lib.uliege.be\/alma\/wp-json\/wp\/v2\/media?parent=1800"}],"curies":[{"name":"wp","href":"https:\/\/api.w.org\/{rel}","templated":true}]}}