{"id":18,"date":"2016-04-07T12:25:50","date_gmt":"2016-04-07T11:25:50","guid":{"rendered":"https:\/\/app.lib.uliege.be\/alma\/?page_id=18"},"modified":"2025-06-12T10:33:59","modified_gmt":"2025-06-12T08:33:59","slug":"e-resources","status":"publish","type":"page","link":"https:\/\/services.lib.uliege.be\/alma\/e-resources\/","title":{"rendered":"E-Resources"},"content":{"rendered":"<p>Sous composante du Resource Management, la formation\u00a0<em>e-Resources\u00a0<\/em>\u00e0 l&rsquo;ULi\u00e8ge est d\u00e9clin\u00e9e en deux volets, destin\u00e9es \u00e0 des publics diff\u00e9rents\u00a0:<\/p>\n<ul>\n<li>Cycle 1 : <a href=\"https:\/\/services.lib.uliege.be\/alma\/e-resources\/decouverte-des-e-resources\/\">D\u00e9couverte des e-Resources<\/a><\/li>\n<\/ul>\n<p>La formation \u00ab\u00a0<a href=\"https:\/\/services.lib.uliege.be\/alma\/e-resources\/decouverte-des-e-resources\/\">D\u00e9couverte des e-Resources<\/a>\u00a0\u00bb\u00a0vise \u00e0 donner aux participants une vision d&rsquo;ensemble de la gestion des ressources \u00e9lectroniques dans Alma : d\u00e9finition des ressources \u00e9lectroniques, structure et donn\u00e9es dans Alma, fonctionnalit\u00e9s de recherche sp\u00e9cifiquement li\u00e9es \u00e0 ces ressources, pr\u00e9sentation du workflow g\u00e9n\u00e9ral. Lors de la premi\u00e8re \u00e9dition, avaient \u00e9galement \u00e9t\u00e9 abord\u00e9s la migration des donn\u00e9es depuis SFX ainsi que les principaux changements par rapport au syst\u00e8me pr\u00e9c\u00e9dent (int\u00e9gration des outils et proc\u00e9dures).<br \/>\n<span style=\"text-decoration: underline;\">Public cibl<\/span>e :\u00a0tout public<br \/>\n<span style=\"text-decoration: underline;\">Formation certifiante<\/span> : non<\/p>\n<ul>\n<li>Cycle 2 : <a href=\"https:\/\/services.lib.uliege.be\/alma\/e-resources\/gestion-courante\/\">Gestion des e-Resources au quotidien<\/a><\/li>\n<\/ul>\n<p>La formation \u00ab\u00a0<a href=\"https:\/\/services.lib.uliege.be\/alma\/e-resources\/gestion-courante\/\">Gestion des e-Resources au quotidien<\/a>\u00a0\u00bb aborde la gestion au quotidien des ressources \u00e9lectroniques\u00a0dans Alma : activation des ressources \u00e9lectroniques (portfolios et collections) depuis la <em>Community Zone<\/em> et suivi (mises \u00e0 jour hebdomadaires), cr\u00e9ation et activation de ressources \u00e9lectroniques locales, cr\u00e9ation et gestion de sets, analyses de chevauchement (<em>overlap analysis<\/em>).<br \/>\n<span style=\"text-decoration: underline;\">Public cible<\/span> : gestionnaires e-Resources<br \/>\n<span style=\"text-decoration: underline;\">Formation certifiante<\/span> : oui<\/p>\n<p>Les consignes de catalogage concernant les e-ressources sont accessibles sur la bo\u00eete \u00e0 outils <a href=\"https:\/\/app.lib.uliege.be\/guide_catalo\/\" target=\"_blank\" rel=\"noopener\">Gestion des ressources &amp; catalogage<\/a> :<\/p>\n<ul>\n<li><a href=\"https:\/\/app.lib.uliege.be\/guide_catalo\/catalogage-des-e-ressources\/\" target=\"_blank\" rel=\"noopener\">Catalogage des e-ressources<\/a><\/li>\n<li><a href=\"https:\/\/app.lib.uliege.be\/guide_catalo\/livres-en-ligne-e-books\/\" target=\"_blank\" rel=\"noopener\">E-Books<\/a><\/li>\n<li><a href=\"https:\/\/app.lib.uliege.be\/guide_catalo\/periodiques-en-ligne-e-journaux\/\" target=\"_blank\" rel=\"noopener\">E-Journaux<\/a><\/li>\n<\/ul>\n<p>En plus de ces formations, deux formations compl\u00e9mentaires ciblent des aspects plus sp\u00e9cifiques des ressources \u00e9lectroniques : les <a href=\"https:\/\/services.lib.uliege.be\/alma\/e-resources\/trials-licences\/\">Trials et les Licences<\/a>.<\/p>\n<p>Les formations \u00ab\u00a0<a href=\"https:\/\/services.lib.uliege.be\/alma\/e-resources\/trials-licences\/\">Trials et licences<\/a>\u00a0\u00bb\u00a0abordent deux aspects sp\u00e9cifiques des ressources \u00e9lectroniques :<\/p>\n<ul>\n<li>la cr\u00e9ation, diffusion et analyse de \u00ab\u00a0trials\u00a0\u00bb ou formulaires d&rsquo;enqu\u00eate li\u00e9s \u00e0 l&rsquo;activation temporaire de ressources \u00e9lectroniques dans le cadre de tests, \u00e9valuations.<\/li>\n<li>la structure, les donn\u00e9es et l&rsquo;encodage des licences d&rsquo;utilisation des ressources \u00e9lectroniques dans Alma.<\/li>\n<\/ul>\n<p><span style=\"text-decoration: underline;\">Public cible<\/span> : gestionnaires e-Resources, directeurs, responsables de section.<br \/>\n<span style=\"text-decoration: underline;\">Formation certifiante<\/span> : non<\/p>\n<p>Le groupe de travail Alma e-Resources peut \u00eatre contact\u00e9 via cette adresse : <a href=\"mailto:Alma-eResources@lists.uliege.be\">Alma-eResources {@} lists(.)uliege(.)be<\/a>.<\/p>\n","protected":false},"excerpt":{"rendered":"<p>Sous composante du Resource Management, la formation\u00a0e-Resources\u00a0\u00e0 l&rsquo;ULi\u00e8ge est d\u00e9clin\u00e9e en deux volets, destin\u00e9es \u00e0 des publics diff\u00e9rents\u00a0: Cycle 1 : D\u00e9couverte des e-Resources La formation \u00ab\u00a0D\u00e9couverte des e-Resources\u00a0\u00bb\u00a0vise \u00e0 donner aux participants une vision d&rsquo;ensemble de la gestion des ressources \u00e9lectroniques dans Alma : d\u00e9finition des ressources \u00e9lectroniques, structure&#8230; <a href=\"https:\/\/services.lib.uliege.be\/alma\/e-resources\/\" class=\"readmore\">Lire l&#039;int\u00e9gralit\u00e9&#8230;<span class=\"screen-reader-text\">E-Resources<\/span><span class=\"fa fa-angle-double-right\" aria-hidden=\"true\"><\/span><\/a><\/p>\n","protected":false},"author":5,"featured_media":0,"parent":0,"menu_order":0,"comment_status":"closed","ping_status":"closed","template":"","meta":{"footnotes":""},"class_list":["post-18","page","type-page","status-publish","hentry"],"jetpack_sharing_enabled":true,"jetpack_shortlink":"https:\/\/wp.me\/P7rJUv-i","_links":{"self":[{"href":"https:\/\/services.lib.uliege.be\/alma\/wp-json\/wp\/v2\/pages\/18","targetHints":{"allow":["GET"]}}],"collection":[{"href":"https:\/\/services.lib.uliege.be\/alma\/wp-json\/wp\/v2\/pages"}],"about":[{"href":"https:\/\/services.lib.uliege.be\/alma\/wp-json\/wp\/v2\/types\/page"}],"author":[{"embeddable":true,"href":"https:\/\/services.lib.uliege.be\/alma\/wp-json\/wp\/v2\/users\/5"}],"replies":[{"embeddable":true,"href":"https:\/\/services.lib.uliege.be\/alma\/wp-json\/wp\/v2\/comments?post=18"}],"version-history":[{"count":21,"href":"https:\/\/services.lib.uliege.be\/alma\/wp-json\/wp\/v2\/pages\/18\/revisions"}],"predecessor-version":[{"id":6947,"href":"https:\/\/services.lib.uliege.be\/alma\/wp-json\/wp\/v2\/pages\/18\/revisions\/6947"}],"wp:attachment":[{"href":"https:\/\/services.lib.uliege.be\/alma\/wp-json\/wp\/v2\/media?parent=18"}],"curies":[{"name":"wp","href":"https:\/\/api.w.org\/{rel}","templated":true}]}}