{"id":153,"date":"2016-04-11T15:22:42","date_gmt":"2016-04-11T14:22:42","guid":{"rendered":"https:\/\/app.lib.uliege.be\/alma\/?page_id=153"},"modified":"2023-02-23T11:53:41","modified_gmt":"2023-02-23T10:53:41","slug":"ressources-externes","status":"publish","type":"page","link":"https:\/\/services.lib.uliege.be\/alma\/ressources-externes\/","title":{"rendered":"Ressources externes"},"content":{"rendered":"\n<p>Comprendre et se former \u00e0 Alma&nbsp;:<\/p>\n\n\n\n<ul class=\"wp-block-list\">\n<li><a href=\"https:\/\/knowledge.exlibrisgroup.com\/Alma\/Training\/Introduction_to_New_Alma_User_Interface\" target=\"_blank\" rel=\"noopener noreferrer\" class=\"broken_link\">Introduction to New Alma User Interface<\/a><\/li>\n\n\n\n<li><a href=\"http:\/\/knowledge.exlibrisgroup.com\/Alma\" target=\"_blank\" rel=\"noopener noreferrer\">Ex Libris Knowledge Center &gt; Alma&nbsp;<\/a><\/li>\n\n\n\n<li>Liste de discussion <a href=\"https:\/\/exlibrisusers.org\/postorius\/lists\/alma.exlibrisusers.org\/\" target=\"_blank\" rel=\"noreferrer noopener\">ALMA-L<\/a><\/li>\n\n\n\n<li><a href=\"https:\/\/developers.exlibrisgroup.com\/\" target=\"_blank\" rel=\"noopener noreferrer\">Ex Libris Developer Network<\/a><\/li>\n\n\n\n<li><a href=\"http:\/\/learn.exlibrisgroup.com\/course\/view.php?id=238\" target=\"_blank\" rel=\"noopener noreferrer\" class=\"broken_link\">Ask the Expert<\/a><\/li>\n<\/ul>\n\n\n\n<p>Soumettre une id\u00e9e de d\u00e9veloppement \u00e0 Ex Libris :<\/p>\n\n\n\n<ul class=\"wp-block-list\">\n<li><a href=\"http:\/\/ideas.exlibrisgroup.com\/\" target=\"_blank\" rel=\"noopener noreferrer\">Idea Exchange<\/a><\/li>\n<\/ul>\n\n\n\n<p>Monitoring des instances Alma (Alma EU01), Primo (Primo EU01), CDI (CDI CR01), RapidILL (RapidILL CR01) et Library Mobile (campusM EU01):<\/p>\n\n\n\n<ul class=\"wp-block-list\">\n<li><a href=\"http:\/\/status.exlibrisgroup.com\/\" target=\"_blank\" rel=\"noopener noreferrer\">System Status page<\/a><\/li>\n<\/ul>\n\n\n\n<p>Num\u00e9risation partielle :<\/p>\n\n\n\n<ul class=\"wp-block-list\">\n<li><a href=\"http:\/\/www.pdfsam.org\/\" target=\"_blank\" rel=\"noopener noreferrer\">PDFsam Basic<\/a> : logiciel gratuit pour fusionner, d\u00e9couper, etc. des PDF<\/li>\n\n\n\n<li><a href=\"https:\/\/smallpdf.com\/fr\" target=\"_blank\" rel=\"noopener noreferrer\">Smallpdf<\/a> : service en ligne de retravail de PDF<\/li>\n<\/ul>\n\n\n\n<p>Divers :<\/p>\n\n\n\n<ul class=\"wp-block-list\">\n<li>ARES : <a href=\"https:\/\/www.mesetudes.be\/enseignement-superieur\/institutions\/\" target=\"_blank\" rel=\"noreferrer noopener\" label=\" (opens in a new tab)\" class=\"broken_link\">liste des \u00e9tablissements de l&rsquo;enseignement sup\u00e9rieur<\/a> <\/li>\n<\/ul>\n\n\n\n<p><\/p>\n","protected":false},"excerpt":{"rendered":"<p>Comprendre et se former \u00e0 Alma&nbsp;: Soumettre une id\u00e9e de d\u00e9veloppement \u00e0 Ex Libris : Monitoring des instances Alma (Alma EU01), Primo (Primo EU01), CDI (CDI CR01), RapidILL (RapidILL CR01) et Library Mobile (campusM EU01): Num\u00e9risation partielle : Divers :<\/p>\n","protected":false},"author":5,"featured_media":0,"parent":0,"menu_order":0,"comment_status":"closed","ping_status":"closed","template":"","meta":{"jetpack_post_was_ever_published":false,"footnotes":""},"class_list":["post-153","page","type-page","status-publish","hentry"],"jetpack_sharing_enabled":false,"jetpack_shortlink":"https:\/\/wp.me\/P7rJUv-2t","_links":{"self":[{"href":"https:\/\/services.lib.uliege.be\/alma\/wp-json\/wp\/v2\/pages\/153","targetHints":{"allow":["GET"]}}],"collection":[{"href":"https:\/\/services.lib.uliege.be\/alma\/wp-json\/wp\/v2\/pages"}],"about":[{"href":"https:\/\/services.lib.uliege.be\/alma\/wp-json\/wp\/v2\/types\/page"}],"author":[{"embeddable":true,"href":"https:\/\/services.lib.uliege.be\/alma\/wp-json\/wp\/v2\/users\/5"}],"replies":[{"embeddable":true,"href":"https:\/\/services.lib.uliege.be\/alma\/wp-json\/wp\/v2\/comments?post=153"}],"version-history":[{"count":18,"href":"https:\/\/services.lib.uliege.be\/alma\/wp-json\/wp\/v2\/pages\/153\/revisions"}],"predecessor-version":[{"id":6559,"href":"https:\/\/services.lib.uliege.be\/alma\/wp-json\/wp\/v2\/pages\/153\/revisions\/6559"}],"wp:attachment":[{"href":"https:\/\/services.lib.uliege.be\/alma\/wp-json\/wp\/v2\/media?parent=153"}],"curies":[{"name":"wp","href":"https:\/\/api.w.org\/{rel}","templated":true}]}}