{"id":15,"date":"2016-04-07T12:25:37","date_gmt":"2016-04-07T11:25:37","guid":{"rendered":"https:\/\/app.lib.uliege.be\/alma\/?page_id=15"},"modified":"2025-02-04T15:56:09","modified_gmt":"2025-02-04T14:56:09","slug":"fulfillment","status":"publish","type":"page","link":"https:\/\/services.lib.uliege.be\/alma\/fulfillment\/","title":{"rendered":"Circulation"},"content":{"rendered":"<p>Deux formations <em>Circulation <\/em>sont propos\u00e9es :<\/p>\n<ul>\n<li><a href=\"https:\/\/services.lib.uliege.be\/alma\/fulfillment\/formation-de-base\/\">Formation de base : Circulation Desk Operator Limited (CDOL) et Request Operator (RO)<\/a><\/li>\n<li><a href=\"https:\/\/services.lib.uliege.be\/alma\/fulfillment\/fulfillment-cycle-2\/\">Formation compl\u00e8te : Circulation Desk Operator (CDO) et Circulation Desk Manager (CDM)<\/a><\/li>\n<\/ul>\n<p>La formation de base explique le pr\u00eat et la gestion \u00e9l\u00e9mentaire des requests. Elle est destin\u00e9e aux Circulation Desk Operator Limited (CDOL) et aux Requests Operator (RO).<\/p>\n<p><u>Public cible<\/u> : Candidats jobistes<br \/><u>Formation certifiante<\/u> : oui<\/p>\n<p>La formation compl\u00e8te explique toutes les facettes des services aux usagers dans Alma. Elle est destin\u00e9e aux Circulation Desk Operator (CDO), aux Circulation Desk Manager (CDM) et aux Requests Operator (RO).<\/p>\n<p><u>Public cible<\/u> : Agents d&rsquo;accueil, documentalistes, responsables scientifiques, directeurs<br \/><u>Formation certifiante<\/u> : oui<\/p>\n<p>Depuis la mise \u00e0 jour d&rsquo;Alma du mois de novembre 2024, une nouvelle interface pour la composante Manage Patron Services est disponible :<\/p>\n<ul>\n<li><a href=\"https:\/\/services.lib.uliege.be\/alma\/wp-content\/uploads\/2025\/02\/Presentation_New_UI_Manage_Patron_Services_20250204.pdf\" target=\"_blank\" rel=\"noopener\">Services aux usagers dans Alma : nouvelle interface<\/a><\/li>\n<\/ul>\n\n\n<p><\/p>\n","protected":false},"excerpt":{"rendered":"<p>Deux formations Circulation sont propos\u00e9es : Formation de base : Circulation Desk Operator Limited (CDOL) et Request Operator (RO) Formation compl\u00e8te : Circulation Desk Operator (CDO) et Circulation Desk Manager (CDM) La formation de base explique le pr\u00eat et la gestion \u00e9l\u00e9mentaire des requests. Elle est destin\u00e9e aux Circulation Desk&#8230; <a href=\"https:\/\/services.lib.uliege.be\/alma\/fulfillment\/\" class=\"readmore\">Lire l&#039;int\u00e9gralit\u00e9&#8230;<span class=\"screen-reader-text\">Circulation<\/span><span class=\"fa fa-angle-double-right\" aria-hidden=\"true\"><\/span><\/a><\/p>\n","protected":false},"author":5,"featured_media":0,"parent":0,"menu_order":0,"comment_status":"closed","ping_status":"closed","template":"","meta":{"jetpack_post_was_ever_published":false,"footnotes":""},"class_list":["post-15","page","type-page","status-publish","hentry"],"jetpack_sharing_enabled":true,"jetpack_shortlink":"https:\/\/wp.me\/P7rJUv-f","_links":{"self":[{"href":"https:\/\/services.lib.uliege.be\/alma\/wp-json\/wp\/v2\/pages\/15","targetHints":{"allow":["GET"]}}],"collection":[{"href":"https:\/\/services.lib.uliege.be\/alma\/wp-json\/wp\/v2\/pages"}],"about":[{"href":"https:\/\/services.lib.uliege.be\/alma\/wp-json\/wp\/v2\/types\/page"}],"author":[{"embeddable":true,"href":"https:\/\/services.lib.uliege.be\/alma\/wp-json\/wp\/v2\/users\/5"}],"replies":[{"embeddable":true,"href":"https:\/\/services.lib.uliege.be\/alma\/wp-json\/wp\/v2\/comments?post=15"}],"version-history":[{"count":39,"href":"https:\/\/services.lib.uliege.be\/alma\/wp-json\/wp\/v2\/pages\/15\/revisions"}],"predecessor-version":[{"id":7135,"href":"https:\/\/services.lib.uliege.be\/alma\/wp-json\/wp\/v2\/pages\/15\/revisions\/7135"}],"wp:attachment":[{"href":"https:\/\/services.lib.uliege.be\/alma\/wp-json\/wp\/v2\/media?parent=15"}],"curies":[{"name":"wp","href":"https:\/\/api.w.org\/{rel}","templated":true}]}}