{"id":1409,"date":"2016-09-29T10:50:15","date_gmt":"2016-09-29T08:50:15","guid":{"rendered":"https:\/\/app.lib.uliege.be\/alma\/?page_id=1409"},"modified":"2023-02-09T13:15:13","modified_gmt":"2023-02-09T12:15:13","slug":"project-team","status":"publish","type":"page","link":"https:\/\/services.lib.uliege.be\/alma\/projet\/equipes\/project-team\/","title":{"rendered":"Project Team"},"content":{"rendered":"<h4>Composition :<\/h4>\n<ul>\n<li style=\"list-style-type: none;\">\n<ul>\n<li><a href=\"https:\/\/www.uliege.be\/cms\/c_9054334\/fr\/repertoire-personnel?uid=U015965\" target=\"_blank\" rel=\"noopener noreferrer\">Myriam Bastin<\/a><\/li>\n<li><a href=\"https:\/\/www.uliege.be\/cms\/c_9054334\/fr\/repertoire-personnel?uid=U196084\" target=\"_blank\" rel=\"noopener noreferrer\">Sandra Luciani<\/a><\/li>\n<li><a href=\"https:\/\/www.uliege.be\/cms\/c_9054334\/fr\/repertoire-personnel?uid=U173504\" target=\"_blank\" rel=\"noopener noreferrer\">Fabienne Prosmans<\/a><\/li>\n<li><a href=\"https:\/\/www.uliege.be\/cms\/c_9054334\/fr\/repertoire-personnel?uid=U183995\">Fran\u00e7ois Renaville<\/a><\/li>\n<li><a href=\"https:\/\/www.uliege.be\/cms\/c_9054334\/fr\/repertoire-personnel?uid=U027417\" target=\"_blank\" rel=\"noopener noreferrer\">Laurence Richelle<\/a><\/li>\n<li><a href=\"https:\/\/www.uliege.be\/cms\/c_9054334\/fr\/repertoire-personnel?uid=U213105\" target=\"_blank\" rel=\"noopener\">St\u00e9phanie Simon<\/a> (directrice op\u00e9rationnelle)<\/li>\n<li><a href=\"https:\/\/www.uliege.be\/cms\/c_9054334\/fr\/repertoire-personnel?uid=U013783\" target=\"_blank\" rel=\"noopener noreferrer\">Paul Thirion<\/a> (biblioth\u00e9caire en chef)<\/li>\n<\/ul>\n<\/li>\n<\/ul>\n<p><span style=\"text-decoration: underline;\">Contact<\/span> : <a href=\"mailto:Alma@lists.uliege.be\">Alma {@} lists(.)uliege(.)be<\/a><\/p>\n","protected":false},"excerpt":{"rendered":"<p>Composition : Myriam Bastin Sandra Luciani Fabienne Prosmans Fran\u00e7ois Renaville Laurence Richelle St\u00e9phanie Simon (directrice op\u00e9rationnelle) Paul Thirion (biblioth\u00e9caire en chef) Contact : Alma {@} lists(.)uliege(.)be<\/p>\n","protected":false},"author":5,"featured_media":0,"parent":1802,"menu_order":0,"comment_status":"closed","ping_status":"closed","template":"","meta":{"jetpack_post_was_ever_published":false,"footnotes":""},"class_list":["post-1409","page","type-page","status-publish","hentry"],"jetpack_sharing_enabled":false,"jetpack_shortlink":"https:\/\/wp.me\/P7rJUv-mJ","_links":{"self":[{"href":"https:\/\/services.lib.uliege.be\/alma\/wp-json\/wp\/v2\/pages\/1409","targetHints":{"allow":["GET"]}}],"collection":[{"href":"https:\/\/services.lib.uliege.be\/alma\/wp-json\/wp\/v2\/pages"}],"about":[{"href":"https:\/\/services.lib.uliege.be\/alma\/wp-json\/wp\/v2\/types\/page"}],"author":[{"embeddable":true,"href":"https:\/\/services.lib.uliege.be\/alma\/wp-json\/wp\/v2\/users\/5"}],"replies":[{"embeddable":true,"href":"https:\/\/services.lib.uliege.be\/alma\/wp-json\/wp\/v2\/comments?post=1409"}],"version-history":[{"count":15,"href":"https:\/\/services.lib.uliege.be\/alma\/wp-json\/wp\/v2\/pages\/1409\/revisions"}],"predecessor-version":[{"id":6526,"href":"https:\/\/services.lib.uliege.be\/alma\/wp-json\/wp\/v2\/pages\/1409\/revisions\/6526"}],"up":[{"embeddable":true,"href":"https:\/\/services.lib.uliege.be\/alma\/wp-json\/wp\/v2\/pages\/1802"}],"wp:attachment":[{"href":"https:\/\/services.lib.uliege.be\/alma\/wp-json\/wp\/v2\/media?parent=1409"}],"curies":[{"name":"wp","href":"https:\/\/api.w.org\/{rel}","templated":true}]}}