{"id":12,"date":"2016-04-07T12:25:06","date_gmt":"2016-04-07T11:25:06","guid":{"rendered":"https:\/\/app.lib.uliege.be\/alma\/?page_id=12"},"modified":"2018-09-20T14:50:29","modified_gmt":"2018-09-20T12:50:29","slug":"acquisitions","status":"publish","type":"page","link":"https:\/\/services.lib.uliege.be\/alma\/acquisitions\/","title":{"rendered":"Acquisitions"},"content":{"rendered":"<p>La formation <em>Acquisitions<\/em> \u00e0 l&rsquo;ULi\u00e8ge a \u00e9t\u00e9 d\u00e9clin\u00e9e en trois cycles :<\/p>\n<ul>\n<li><a href=\"https:\/\/services.lib.uliege.be\/alma\/index.php\/acquisitions\/cycle-complet\/\">Cycle complet<\/a><\/li>\n<li><a href=\"https:\/\/services.lib.uliege.be\/alma\/index.php\/acquisitions\/cycle-receiving-onetime\/\">Cycle Receiving (One Time)<\/a><\/li>\n<li><a href=\"https:\/\/services.lib.uliege.be\/alma\/index.php\/acquisitions\/cycle-selector\/\">Cycle Selector<\/a><\/li>\n<\/ul>\n<p>Le <a href=\"https:\/\/services.lib.uliege.be\/alma\/index.php\/acquisitions\/cycle-complet\/\">cycle <strong>complet <\/strong><\/a>vise \u00e0 donner une formation compl\u00e8te sur la gestion des acquisitions dans Alma : gestion des commandes, r\u00e9ception, gestion des factures, compr\u00e9hension des donn\u00e9es de budget et des donn\u00e9es des fournisseurs. Pour les secr\u00e9taires ex\u00e9cutives, la formation pr\u00e9voit en outre la gestion des budgets et fournisseurs. La formation aborde les acquisitions ponctuelles (ouvrages, archives \u00e9lectroniques <em>one shot<\/em>&#8230;), les souscriptions (p\u00e9riodiques, bases de donn\u00e9es&#8230;) et les ordres permanents.<br \/>\n<u>Public cible<\/u> : acqu\u00e9reurs (biblioth\u00e9caires-documentalistes ou responsables de section), secr\u00e9taires ex\u00e9cutives<br \/>\n<u>Formation certifiante<\/u> : oui<\/p>\n<p>Le <a href=\"https:\/\/services.lib.uliege.be\/alma\/index.php\/acquisitions\/cycle-receiving-onetime\/\">cycle <strong>Receiving (One Time)<\/strong><\/a> est destin\u00e9 \u00e0 celles et ceux qui ne sont pas acqu\u00e9reurs et assureront la r\u00e9ception d&rsquo;ouvrages command\u00e9s.<br \/>\n<u>Public cible<\/u> : biblioth\u00e9caires-documentalistes, responsables de section<br \/>\n<u>Formation certifiante<\/u> : oui<\/p>\n<p>Le <a href=\"https:\/\/services.lib.uliege.be\/alma\/index.php\/acquisitions\/cycle-selector\/\">cycle <strong>Selector<\/strong><\/a> est destin\u00e9 \u00e0 celles et ceux qui sont impliqu\u00e9s dans les politiques et processus d\u2019acquisitions et souhaitent pouvoir interpr\u00e9ter les donn\u00e9es en lien avec les acquisitions (commandes, budgets&#8230;) et g\u00e9rer les suggestions d&rsquo;achat.<br \/>\n<u>Public cible<\/u> : directeurs, responsables de section<br \/>\n<u>Formation certifiante<\/u> : non<\/p>\n<p>Le groupe de travail Alma Acquisitions peut \u00eatre contact\u00e9 via cette adresse : <a href=\"mailto:Alma-Acquisitions@lists.uliege.be\">Alma-Acquisitions {@} lists(.)uliege(.)be<\/a>.<\/p>\n","protected":false},"excerpt":{"rendered":"<p>La formation Acquisitions \u00e0 l&rsquo;ULi\u00e8ge a \u00e9t\u00e9 d\u00e9clin\u00e9e en trois cycles : Cycle complet Cycle Receiving (One Time) Cycle Selector Le cycle complet vise \u00e0 donner une formation compl\u00e8te sur la gestion des acquisitions dans Alma : gestion des commandes, r\u00e9ception, gestion des factures, compr\u00e9hension des donn\u00e9es de budget et&#8230; <a href=\"https:\/\/services.lib.uliege.be\/alma\/acquisitions\/\" class=\"readmore\">Lire l&#039;int\u00e9gralit\u00e9&#8230;<span class=\"screen-reader-text\">Acquisitions<\/span><span class=\"fa fa-angle-double-right\" aria-hidden=\"true\"><\/span><\/a><\/p>\n","protected":false},"author":5,"featured_media":0,"parent":0,"menu_order":0,"comment_status":"closed","ping_status":"closed","template":"","meta":{"jetpack_post_was_ever_published":false,"footnotes":""},"class_list":["post-12","page","type-page","status-publish","hentry"],"jetpack_sharing_enabled":true,"jetpack_shortlink":"https:\/\/wp.me\/P7rJUv-c","_links":{"self":[{"href":"https:\/\/services.lib.uliege.be\/alma\/wp-json\/wp\/v2\/pages\/12","targetHints":{"allow":["GET"]}}],"collection":[{"href":"https:\/\/services.lib.uliege.be\/alma\/wp-json\/wp\/v2\/pages"}],"about":[{"href":"https:\/\/services.lib.uliege.be\/alma\/wp-json\/wp\/v2\/types\/page"}],"author":[{"embeddable":true,"href":"https:\/\/services.lib.uliege.be\/alma\/wp-json\/wp\/v2\/users\/5"}],"replies":[{"embeddable":true,"href":"https:\/\/services.lib.uliege.be\/alma\/wp-json\/wp\/v2\/comments?post=12"}],"version-history":[{"count":10,"href":"https:\/\/services.lib.uliege.be\/alma\/wp-json\/wp\/v2\/pages\/12\/revisions"}],"predecessor-version":[{"id":2895,"href":"https:\/\/services.lib.uliege.be\/alma\/wp-json\/wp\/v2\/pages\/12\/revisions\/2895"}],"wp:attachment":[{"href":"https:\/\/services.lib.uliege.be\/alma\/wp-json\/wp\/v2\/media?parent=12"}],"curies":[{"name":"wp","href":"https:\/\/api.w.org\/{rel}","templated":true}]}}