{"id":1115,"date":"2016-09-12T13:44:48","date_gmt":"2016-09-12T12:44:48","guid":{"rendered":"https:\/\/app.lib.uliege.be\/alma\/?page_id=1115"},"modified":"2023-02-03T11:20:40","modified_gmt":"2023-02-03T10:20:40","slug":"acces","status":"publish","type":"page","link":"https:\/\/services.lib.uliege.be\/alma\/acces\/","title":{"rendered":"Acc\u00e8s \u00e0 Alma"},"content":{"rendered":"<h3>Alma &#8211; environnement de production<\/h3>\n<h4>Authentification SAML (ULi\u00e8ge) (<em>External User<\/em>)<\/h4>\n<ul>\n<li><a href=\"https:\/\/ulg.alma.exlibrisgroup.com\/SAML\/idpCode\/IdpULiege\" target=\"_blank\" rel=\"noopener\">https:\/\/ulg.alma.exlibrisgroup.com\/SAML\/idpCode\/IdpULiege<\/a><\/li>\n<li><a href=\"https:\/\/eu01.alma.exlibrisgroup.com\/mng\/login?institute=32ULG_INST&amp;auth=SAML\" target=\"_blank\" rel=\"noopener\">https:\/\/eu01.alma.exlibrisgroup.com\/mng\/login?institute=32ULG_INST&amp;auth=SAML<\/a><\/li>\n<\/ul>\n<p>Pour utiliser ces URLs, il suffit de s&rsquo;identifier son propre login ULi\u00e8ge (U123456 + mot de passe associ\u00e9). Elles peuvent \u00eatre utilis\u00e9es pour les comptes avec authentification externe (<i>Account Type: External<\/i>). Les deux URLs sont \u00e9quivalentes, elles peuvent \u00eatre utilis\u00e9es en parall\u00e8le.<br \/>\nL&rsquo;URL avec \u00ab\u00a0ulg.alma.exlibrisgroup.com\u00a0\u00bb permet en outre de travailler, au sein du m\u00eame navigateur, dans des contextes linguistiques diff\u00e9rents de Primo (ex. : interface d&rsquo;Alma en anglais et Primo en fran\u00e7ais).<\/p>\n<h4>Authentification <em>Internal User<\/em><\/h4>\n<p><a href=\"https:\/\/eu01.alma.exlibrisgroup.com\/mng\/login?institute=32ULG_INST&amp;auth=local\" target=\"_blank\" rel=\"noopener\">https:\/\/eu01.alma.exlibrisgroup.com\/mng\/login?institute=32ULG_INST&amp;auth=local<\/a><\/p>\n<p>Cette URL ne peut \u00eatre utilis\u00e9e qu&rsquo;avec les quelques rares comptes internes \u00e0 Alma (<i>Account Type: Internal<\/i>).<\/p>\n<h3><span style=\"color: #ff0000;\">Alma &#8211; Sandbox Premium<\/span><\/h3>\n<h4><span style=\"color: #ff0000;\">Authentification SAML (ULi\u00e8ge)<\/span><\/h4>\n<p><a href=\"https:\/\/ulg-psb.alma.exlibrisgroup.com\/SAML\/idpCode\/IdpULiege\" target=\"_blank\" rel=\"noopener\">https:\/\/ulg-psb.alma.exlibrisgroup.com\/SAML\/idpCode\/IdpULiege<\/a><\/p>\n<h4>Authentification <em>Internal User<\/em><\/h4>\n<p><a href=\"https:\/\/ulg-psb.alma.exlibrisgroup.com\/mng\/login?auth=local\" target=\"_blank\" rel=\"noopener\">https:\/\/ulg-psb.alma.exlibrisgroup.com\/mng\/login?auth=LOCAL<\/a><\/p>\n<p>Si vous ne disposez pas d&rsquo;un login, contactez les administrateurs d&rsquo;Alma (<a href=\"mailto:Library-Systems@lists.uliege.be\">Library-Systems {@} lists(.)uliege(.)be<\/a>).<\/p>\n","protected":false},"excerpt":{"rendered":"<p>Alma &#8211; environnement de production Authentification SAML (ULi\u00e8ge) (External User) https:\/\/ulg.alma.exlibrisgroup.com\/SAML\/idpCode\/IdpULiege https:\/\/eu01.alma.exlibrisgroup.com\/mng\/login?institute=32ULG_INST&amp;auth=SAML Pour utiliser ces URLs, il suffit de s&rsquo;identifier son propre login ULi\u00e8ge (U123456 + mot de passe associ\u00e9). Elles peuvent \u00eatre utilis\u00e9es pour les comptes avec authentification externe (Account Type: External). Les deux URLs sont \u00e9quivalentes, elles peuvent&#8230; <a href=\"https:\/\/services.lib.uliege.be\/alma\/acces\/\" class=\"readmore\">Lire l&#039;int\u00e9gralit\u00e9&#8230;<span class=\"screen-reader-text\">Acc\u00e8s \u00e0 Alma<\/span><span class=\"fa fa-angle-double-right\" aria-hidden=\"true\"><\/span><\/a><\/p>\n","protected":false},"author":5,"featured_media":0,"parent":0,"menu_order":0,"comment_status":"closed","ping_status":"closed","template":"","meta":{"jetpack_post_was_ever_published":false,"footnotes":""},"class_list":["post-1115","page","type-page","status-publish","hentry"],"jetpack_sharing_enabled":true,"jetpack_shortlink":"https:\/\/wp.me\/P7rJUv-hZ","_links":{"self":[{"href":"https:\/\/services.lib.uliege.be\/alma\/wp-json\/wp\/v2\/pages\/1115","targetHints":{"allow":["GET"]}}],"collection":[{"href":"https:\/\/services.lib.uliege.be\/alma\/wp-json\/wp\/v2\/pages"}],"about":[{"href":"https:\/\/services.lib.uliege.be\/alma\/wp-json\/wp\/v2\/types\/page"}],"author":[{"embeddable":true,"href":"https:\/\/services.lib.uliege.be\/alma\/wp-json\/wp\/v2\/users\/5"}],"replies":[{"embeddable":true,"href":"https:\/\/services.lib.uliege.be\/alma\/wp-json\/wp\/v2\/comments?post=1115"}],"version-history":[{"count":21,"href":"https:\/\/services.lib.uliege.be\/alma\/wp-json\/wp\/v2\/pages\/1115\/revisions"}],"predecessor-version":[{"id":6522,"href":"https:\/\/services.lib.uliege.be\/alma\/wp-json\/wp\/v2\/pages\/1115\/revisions\/6522"}],"wp:attachment":[{"href":"https:\/\/services.lib.uliege.be\/alma\/wp-json\/wp\/v2\/media?parent=1115"}],"curies":[{"name":"wp","href":"https:\/\/api.w.org\/{rel}","templated":true}]}}